{"id":6809,"date":"2023-02-13T12:29:23","date_gmt":"2023-02-13T12:29:23","guid":{"rendered":"https:\/\/difrenos.com\/?post_type=product&#038;p=6809"},"modified":"2026-04-09T09:22:17","modified_gmt":"2026-04-09T09:22:17","slug":"botas-hebo-technical-2-0-micro","status":"publish","type":"product","link":"https:\/\/difrenos.com\/index.php\/producto\/botas-hebo-technical-2-0-micro\/","title":{"rendered":"Botas Hebo Trial Technical 2.0 Micro"},"content":{"rendered":"<p>Referencia: HT101348B Talla 48<\/p>\n<p>La bota de microfibra Technical 2.0 es un elemento indispensable para circular con la moto. Esta bota destaca por tener un refuerzo en la puntera junto con una zona especial para las estriberas. Adem\u00e1s, ha sido construida con una suela asim\u00e9trica y resalta por tener una doble densidad muy ligera de tan solo 2 200 gr \/ par. Cuenta con unazona de flexi\u00f3n acolchada, la cual permite que la comodidad y la resistencia sean todav\u00eda mayores. Asimismo, dispone de un protector interno TPU y una membrana interior resistente al agua, adem\u00e1s de un cierre de aluminio con un refuerzo en el tal\u00f3n.<\/p>\n","protected":false},"excerpt":{"rendered":"<p>Talla 48<\/p>\n","protected":false},"featured_media":6806,"template":"","meta":{"_et_pb_use_builder":"","_et_pb_old_content":"","_et_gb_content_width":""},"product_cat":[221,33,34,711,363,288],"product_tag":[523,53,56,105,302],"_links":{"self":[{"href":"https:\/\/difrenos.com\/index.php\/wp-json\/wp\/v2\/product\/6809"}],"collection":[{"href":"https:\/\/difrenos.com\/index.php\/wp-json\/wp\/v2\/product"}],"about":[{"href":"https:\/\/difrenos.com\/index.php\/wp-json\/wp\/v2\/types\/product"}],"wp:featuredmedia":[{"embeddable":true,"href":"https:\/\/difrenos.com\/index.php\/wp-json\/wp\/v2\/media\/6806"}],"wp:attachment":[{"href":"https:\/\/difrenos.com\/index.php\/wp-json\/wp\/v2\/media?parent=6809"}],"wp:term":[{"taxonomy":"product_cat","embeddable":true,"href":"https:\/\/difrenos.com\/index.php\/wp-json\/wp\/v2\/product_cat?post=6809"},{"taxonomy":"product_tag","embeddable":true,"href":"https:\/\/difrenos.com\/index.php\/wp-json\/wp\/v2\/product_tag?post=6809"}],"curies":[{"name":"wp","href":"https:\/\/api.w.org\/{rel}","templated":true}]}}