{"id":6765,"date":"2023-02-09T17:15:48","date_gmt":"2023-02-09T17:15:48","guid":{"rendered":"https:\/\/difrenos.com\/?post_type=product&#038;p=6765"},"modified":"2026-01-22T11:44:27","modified_gmt":"2026-01-22T11:44:27","slug":"camiseta-gas-gas-team-2023","status":"publish","type":"product","link":"https:\/\/difrenos.com\/index.php\/producto\/camiseta-gas-gas-team-2023\/","title":{"rendered":"Camiseta Gas Gas Team"},"content":{"rendered":"<p>Referencias:<br \/>\n&#8211; 3GG230031101 Talla XS<br \/>\n&#8211; 3GG230031104 Talla L<br \/>\n&#8211; 3GG230031106 Talla XXL<\/p>\n<ul>\n<li>Material que requiere pocos cuidados gracias a la mezcla de algod\u00f3n y poli\u00e9ster<\/li>\n<li>Dise\u00f1o exclusivo de Alpinestars para GASGAS<\/li>\n<li>85 % poli\u00e9ster \/ 15 % algod\u00f3n<\/li>\n<\/ul>\n","protected":false},"excerpt":{"rendered":"<p>Referencias: &#8211; 3GG230031101 Talla XS &#8211; 3GG230031104 Talla L &#8211; 3GG230031106 Talla XXL Material que requiere pocos cuidados gracias a la mezcla de algod\u00f3n y poli\u00e9ster Dise\u00f1o exclusivo de Alpinestars para GASGAS 85 % poli\u00e9ster \/ 15 % algod\u00f3n<\/p>\n","protected":false},"featured_media":6767,"template":"","meta":{"_et_pb_use_builder":"","_et_pb_old_content":"","_et_gb_content_width":""},"product_cat":[33,757,37,49,707],"product_tag":[17,38,48,85],"_links":{"self":[{"href":"https:\/\/difrenos.com\/index.php\/wp-json\/wp\/v2\/product\/6765"}],"collection":[{"href":"https:\/\/difrenos.com\/index.php\/wp-json\/wp\/v2\/product"}],"about":[{"href":"https:\/\/difrenos.com\/index.php\/wp-json\/wp\/v2\/types\/product"}],"wp:featuredmedia":[{"embeddable":true,"href":"https:\/\/difrenos.com\/index.php\/wp-json\/wp\/v2\/media\/6767"}],"wp:attachment":[{"href":"https:\/\/difrenos.com\/index.php\/wp-json\/wp\/v2\/media?parent=6765"}],"wp:term":[{"taxonomy":"product_cat","embeddable":true,"href":"https:\/\/difrenos.com\/index.php\/wp-json\/wp\/v2\/product_cat?post=6765"},{"taxonomy":"product_tag","embeddable":true,"href":"https:\/\/difrenos.com\/index.php\/wp-json\/wp\/v2\/product_tag?post=6765"}],"curies":[{"name":"wp","href":"https:\/\/api.w.org\/{rel}","templated":true}]}}