{"id":6708,"date":"2023-02-07T10:28:14","date_gmt":"2023-02-07T10:28:14","guid":{"rendered":"https:\/\/difrenos.com\/?post_type=product&#038;p=6708"},"modified":"2026-02-03T13:02:33","modified_gmt":"2026-02-03T13:02:33","slug":"chaqueta-husqvarna-accelerate-2021","status":"publish","type":"product","link":"https:\/\/difrenos.com\/index.php\/producto\/chaqueta-husqvarna-accelerate-2021\/","title":{"rendered":"Chaqueta Husqvarna Accelerate"},"content":{"rendered":"<p>Referencias:<br \/>\n&#8211; 3HS210013102 Talla S<br \/>\n&#8211; 3HS210013103 Talla M<\/p>\n<ul>\n<li>Made in Europe<\/li>\n<li>Transpirable<\/li>\n<li>Hidr\u00f3fugo<\/li>\n<li>Resistente al viento<\/li>\n<li>Material ultraligero<\/li>\n<li>Cierre de mangas prolongado<\/li>\n<li>Mangas ragl\u00e1n<\/li>\n<li>El\u00e1stico en 4 direcciones<\/li>\n<li>Serigraf\u00eda reflectante<\/li>\n<li>Estilo de vida 24h<\/li>\n<li>Plegable en bolsillo trasero<\/li>\n<li>600 mm Columna de agua \/ 92 % nylon \/ 8 % elastano<\/li>\n<\/ul>\n","protected":false},"excerpt":{"rendered":"<p>Referencias: &#8211; 3HS210013102 Talla S &#8211; 3HS210013103 Talla M Made in Europe Transpirable Hidr\u00f3fugo Resistente al viento Material ultraligero Cierre de mangas prolongado Mangas ragl\u00e1n El\u00e1stico en 4 direcciones Serigraf\u00eda reflectante Estilo de vida 24h Plegable en bolsillo trasero 600 mm Columna de agua \/ 92 % nylon \/ 8 % elastano<\/p>\n","protected":false},"featured_media":6710,"template":"","meta":{"_et_pb_use_builder":"","_et_pb_old_content":"","_et_gb_content_width":""},"product_cat":[33,235,754,51,701,363],"product_tag":[391,108,146],"_links":{"self":[{"href":"https:\/\/difrenos.com\/index.php\/wp-json\/wp\/v2\/product\/6708"}],"collection":[{"href":"https:\/\/difrenos.com\/index.php\/wp-json\/wp\/v2\/product"}],"about":[{"href":"https:\/\/difrenos.com\/index.php\/wp-json\/wp\/v2\/types\/product"}],"wp:featuredmedia":[{"embeddable":true,"href":"https:\/\/difrenos.com\/index.php\/wp-json\/wp\/v2\/media\/6710"}],"wp:attachment":[{"href":"https:\/\/difrenos.com\/index.php\/wp-json\/wp\/v2\/media?parent=6708"}],"wp:term":[{"taxonomy":"product_cat","embeddable":true,"href":"https:\/\/difrenos.com\/index.php\/wp-json\/wp\/v2\/product_cat?post=6708"},{"taxonomy":"product_tag","embeddable":true,"href":"https:\/\/difrenos.com\/index.php\/wp-json\/wp\/v2\/product_tag?post=6708"}],"curies":[{"name":"wp","href":"https:\/\/api.w.org\/{rel}","templated":true}]}}