{"id":6614,"date":"2023-02-01T16:20:24","date_gmt":"2023-02-01T16:20:24","guid":{"rendered":"https:\/\/difrenos.com\/?post_type=product&#038;p=6614"},"modified":"2026-02-03T12:17:47","modified_gmt":"2026-02-03T12:17:47","slug":"camiseta-husqvarna-origin","status":"publish","type":"product","link":"https:\/\/difrenos.com\/index.php\/producto\/camiseta-husqvarna-origin\/","title":{"rendered":"Camiseta Husqvarna Origin Gris"},"content":{"rendered":"<p>Referencias:<br \/>\n3HS200009702 Talla S<br \/>\n3HS200009703 Talla M<br \/>\n3HS200009705 Talla XL<\/p>\n<ul>\n<li>Made in Europe<\/li>\n<li>Transpirable<\/li>\n<li>Gesti\u00f3n de la humedad<\/li>\n<li>Gesti\u00f3n de los olores<\/li>\n<li>Secado r\u00e1pido<\/li>\n<li>Sensaci\u00f3n t\u00e1ctil natural<\/li>\n<li>Mangas ragl\u00e1n<\/li>\n<li>El\u00e1stico en 4 direcciones<\/li>\n<li>Logotipo 3D en el pecho<\/li>\n<li>Ranura lateral<\/li>\n<li>Estilo de vida 24h<\/li>\n<li>Material drirelease COTTON<\/li>\n<li>81 % poli\u00e9ster \/ 14 % algod\u00f3n \/ 5 % elastano<\/li>\n<\/ul>\n","protected":false},"excerpt":{"rendered":"<p>Referencias: 3HS200009702 Talla S 3HS200009703 Talla M 3HS200009705 Talla XL Made in Europe Transpirable Gesti\u00f3n de la humedad Gesti\u00f3n de los olores Secado r\u00e1pido Sensaci\u00f3n t\u00e1ctil natural Mangas ragl\u00e1n El\u00e1stico en 4 direcciones Logotipo 3D en el pecho Ranura lateral Estilo de vida 24h Material drirelease COTTON 81 % poli\u00e9ster \/ 14 % algod\u00f3n \/ [&hellip;]<\/p>\n","protected":false},"featured_media":6616,"template":"","meta":{"_et_pb_use_builder":"","_et_pb_old_content":"","_et_gb_content_width":""},"product_cat":[33,37,49],"product_tag":[437,48,108],"_links":{"self":[{"href":"https:\/\/difrenos.com\/index.php\/wp-json\/wp\/v2\/product\/6614"}],"collection":[{"href":"https:\/\/difrenos.com\/index.php\/wp-json\/wp\/v2\/product"}],"about":[{"href":"https:\/\/difrenos.com\/index.php\/wp-json\/wp\/v2\/types\/product"}],"wp:featuredmedia":[{"embeddable":true,"href":"https:\/\/difrenos.com\/index.php\/wp-json\/wp\/v2\/media\/6616"}],"wp:attachment":[{"href":"https:\/\/difrenos.com\/index.php\/wp-json\/wp\/v2\/media?parent=6614"}],"wp:term":[{"taxonomy":"product_cat","embeddable":true,"href":"https:\/\/difrenos.com\/index.php\/wp-json\/wp\/v2\/product_cat?post=6614"},{"taxonomy":"product_tag","embeddable":true,"href":"https:\/\/difrenos.com\/index.php\/wp-json\/wp\/v2\/product_tag?post=6614"}],"curies":[{"name":"wp","href":"https:\/\/api.w.org\/{rel}","templated":true}]}}