{"id":6596,"date":"2023-02-01T14:58:45","date_gmt":"2023-02-01T14:58:45","guid":{"rendered":"https:\/\/difrenos.com\/?post_type=product&#038;p=6596"},"modified":"2026-02-03T12:37:21","modified_gmt":"2026-02-03T12:37:21","slug":"camiseta-husqvarna-kids-remote-2022","status":"publish","type":"product","link":"https:\/\/difrenos.com\/index.php\/producto\/camiseta-husqvarna-kids-remote-2022\/","title":{"rendered":"Camiseta Husqvarna Kids Remote"},"content":{"rendered":"<p>Referencias:<br \/>\n&#8211; 3HS220029304 Talla 104\/3-4<br \/>\n&#8211; 3HS220029307 Talla 140\/-8-10<br \/>\n&#8211; 3HS220029309 Talla 164\/12-14<\/p>\n<ul>\n<li>Sensaci\u00f3n t\u00e1ctil natural<\/li>\n<li>Mangas ragl\u00e1n<\/li>\n<li>81 % poli\u00e9ster \/ 14 % algod\u00f3n \/ 5 % elastano<\/li>\n<\/ul>\n","protected":false},"excerpt":{"rendered":"<p>Referencias: &#8211; 3HS220029304 Talla 104\/3-4 &#8211; 3HS220029307 Talla 140\/-8-10 &#8211; 3HS220029309 Talla 164\/12-14 Sensaci\u00f3n t\u00e1ctil natural Mangas ragl\u00e1n 81 % poli\u00e9ster \/ 14 % algod\u00f3n \/ 5 % elastano<\/p>\n","protected":false},"featured_media":6598,"template":"","meta":{"_et_pb_use_builder":"","_et_pb_old_content":"","_et_gb_content_width":""},"product_cat":[33,755,224,237,701,116],"product_tag":[437,48,108,118],"_links":{"self":[{"href":"https:\/\/difrenos.com\/index.php\/wp-json\/wp\/v2\/product\/6596"}],"collection":[{"href":"https:\/\/difrenos.com\/index.php\/wp-json\/wp\/v2\/product"}],"about":[{"href":"https:\/\/difrenos.com\/index.php\/wp-json\/wp\/v2\/types\/product"}],"wp:featuredmedia":[{"embeddable":true,"href":"https:\/\/difrenos.com\/index.php\/wp-json\/wp\/v2\/media\/6598"}],"wp:attachment":[{"href":"https:\/\/difrenos.com\/index.php\/wp-json\/wp\/v2\/media?parent=6596"}],"wp:term":[{"taxonomy":"product_cat","embeddable":true,"href":"https:\/\/difrenos.com\/index.php\/wp-json\/wp\/v2\/product_cat?post=6596"},{"taxonomy":"product_tag","embeddable":true,"href":"https:\/\/difrenos.com\/index.php\/wp-json\/wp\/v2\/product_tag?post=6596"}],"curies":[{"name":"wp","href":"https:\/\/api.w.org\/{rel}","templated":true}]}}