{"id":6525,"date":"2023-01-31T12:15:53","date_gmt":"2023-01-31T12:15:53","guid":{"rendered":"https:\/\/difrenos.com\/?post_type=product&#038;p=6525"},"modified":"2025-10-27T19:56:33","modified_gmt":"2025-10-27T19:56:33","slug":"botas-husqvarna-x-3-srs","status":"publish","type":"product","link":"https:\/\/difrenos.com\/index.php\/producto\/botas-husqvarna-x-3-srs\/","title":{"rendered":"Botas Husqvarna X-3 SRS"},"content":{"rendered":"<p>Referencia:<br \/>\n3HS210033505 Talla 46<\/p>\n<ul>\n<li>Botas de competici\u00f3n de primera calidad<\/li>\n<li>Suela interna de nailon con plantilla extra\u00edble<\/li>\n<li>Protector termopl\u00e1stico en la zona de los dedos<\/li>\n<li>Protector de tal\u00f3n robusto y con forma anat\u00f3mica que absorbe impactos<\/li>\n<li>Sistema FlexHebillas para el ajuste preciso, sustituibles<\/li>\n<li>Dise\u00f1o exclusivo de SIDI para Husqvarna Motorcycles<\/li>\n<\/ul>\n","protected":false},"excerpt":{"rendered":"<p>Referencia: 3HS210033505 Talla 46 Botas de competici\u00f3n de primera calidad Suela interna de nailon con plantilla extra\u00edble Protector termopl\u00e1stico en la zona de los dedos Protector de tal\u00f3n robusto y con forma anat\u00f3mica que absorbe impactos Sistema FlexHebillas para el ajuste preciso, sustituibles Dise\u00f1o exclusivo de SIDI para Husqvarna Motorcycles<\/p>\n","protected":false},"featured_media":6527,"template":"","meta":{"_et_pb_use_builder":"","_et_pb_old_content":"","_et_gb_content_width":""},"product_cat":[221,776,33,34,253,701],"product_tag":[499,455,296,108,378],"_links":{"self":[{"href":"https:\/\/difrenos.com\/index.php\/wp-json\/wp\/v2\/product\/6525"}],"collection":[{"href":"https:\/\/difrenos.com\/index.php\/wp-json\/wp\/v2\/product"}],"about":[{"href":"https:\/\/difrenos.com\/index.php\/wp-json\/wp\/v2\/types\/product"}],"wp:featuredmedia":[{"embeddable":true,"href":"https:\/\/difrenos.com\/index.php\/wp-json\/wp\/v2\/media\/6527"}],"wp:attachment":[{"href":"https:\/\/difrenos.com\/index.php\/wp-json\/wp\/v2\/media?parent=6525"}],"wp:term":[{"taxonomy":"product_cat","embeddable":true,"href":"https:\/\/difrenos.com\/index.php\/wp-json\/wp\/v2\/product_cat?post=6525"},{"taxonomy":"product_tag","embeddable":true,"href":"https:\/\/difrenos.com\/index.php\/wp-json\/wp\/v2\/product_tag?post=6525"}],"curies":[{"name":"wp","href":"https:\/\/api.w.org\/{rel}","templated":true}]}}