{"id":6457,"date":"2023-01-25T16:46:41","date_gmt":"2023-01-25T16:46:41","guid":{"rendered":"https:\/\/difrenos.com\/?post_type=product&#038;p=6457"},"modified":"2025-11-04T13:13:59","modified_gmt":"2025-11-04T13:13:59","slug":"camiseta-hebo-pro-junior","status":"publish","type":"product","link":"https:\/\/difrenos.com\/index.php\/producto\/camiseta-hebo-pro-junior\/","title":{"rendered":"Camiseta Hebo Pro Junior"},"content":{"rendered":"<p>Referencia: HE213712R Talla 12<\/p>\n<ul>\n<li>Est\u00e1 fabricada en 100% poliester, transpirable y de secado r\u00e1pido.<\/li>\n<li>Con un nuevo patr\u00f3n de medidas m\u00e1s reducidas,\u00a0estampado con tecnolog\u00eda de sublimaci\u00f3n que hace resistentes los colores en las condiciones de lavado m\u00e1s extremas, conservando\u00a0los colores durante la vida de la camiseta.<\/li>\n<li>Micro el\u00e1stico en los pu\u00f1os para un mayor confort.<\/li>\n<li>Cuello fabricado en lycra.<\/li>\n<\/ul>\n","protected":false},"excerpt":{"rendered":"<p>\u00daltima unidad talla 12<\/p>\n","protected":false},"featured_media":6458,"template":"","meta":{"_et_pb_use_builder":"","_et_pb_old_content":"","_et_gb_content_width":""},"product_cat":[33,224,116,495],"product_tag":[437,105,494,302],"_links":{"self":[{"href":"https:\/\/difrenos.com\/index.php\/wp-json\/wp\/v2\/product\/6457"}],"collection":[{"href":"https:\/\/difrenos.com\/index.php\/wp-json\/wp\/v2\/product"}],"about":[{"href":"https:\/\/difrenos.com\/index.php\/wp-json\/wp\/v2\/types\/product"}],"wp:featuredmedia":[{"embeddable":true,"href":"https:\/\/difrenos.com\/index.php\/wp-json\/wp\/v2\/media\/6458"}],"wp:attachment":[{"href":"https:\/\/difrenos.com\/index.php\/wp-json\/wp\/v2\/media?parent=6457"}],"wp:term":[{"taxonomy":"product_cat","embeddable":true,"href":"https:\/\/difrenos.com\/index.php\/wp-json\/wp\/v2\/product_cat?post=6457"},{"taxonomy":"product_tag","embeddable":true,"href":"https:\/\/difrenos.com\/index.php\/wp-json\/wp\/v2\/product_tag?post=6457"}],"curies":[{"name":"wp","href":"https:\/\/api.w.org\/{rel}","templated":true}]}}