{"id":6403,"date":"2023-01-19T10:11:41","date_gmt":"2023-01-19T10:11:41","guid":{"rendered":"https:\/\/difrenos.com\/?post_type=product&#038;p=6403"},"modified":"2026-04-28T14:14:53","modified_gmt":"2026-04-28T14:14:53","slug":"trs-kids-16","status":"publish","type":"product","link":"https:\/\/difrenos.com\/index.php\/producto\/trs-kids-16\/","title":{"rendered":"TRS Kids 16&#8243; 2023\/2024"},"content":{"rendered":"<h4>La nueva ON-E KIDS 16\u201d\u00a0 con mejoras t\u00e9cnicas y una est\u00e9tica totalmente renovada.<\/h4>\n<p>La cuarta generaci\u00f3n de los modelos ON-E KIDS equipa novedades t\u00e9cnicas tanto en su parte ciclo como tambi\u00e9n en motor.<\/p>\n<p>TRRS apost\u00f3 por crear una moto el\u00e9ctrica de trial infantil referente hace cuatro a\u00f1os. Un modelo con unas caracter\u00edsticas y est\u00e1ndares de calidad del m\u00e1s alto nivel. Se ha aumentado la fiabilidad de la moto, mejorando la parte ciclo, as\u00ed como la estanqueidad de la instalaci\u00f3n el\u00e9ctrica, a\u00f1adiendo una caja herm\u00e9tica para los potenci\u00f3metros.<\/p>\n<p>Una moto que destaca por su capacidad de tracci\u00f3n inmejorable, gracias a su sistema de amortiguaci\u00f3n progresiva y a su chasis monocasco en aluminio. Adem\u00e1s, cuenta con la posibilidad de ajustar los par\u00e1metros de entrega de potencia de la moto acorde a las necesidades del piloto, su nivel o experiencia, as\u00ed como las condiciones del terreno.<\/p>\n<p>Una opci\u00f3n ideal para ni\u00f1os de 3 a 5 a\u00f1os que se quieran iniciar en el mundo de las dos ruedas.<\/p>\n","protected":false},"excerpt":{"rendered":"<p>PODEMOS COGER MOTO A CAMBIO<\/p>\n","protected":false},"featured_media":6404,"template":"","meta":{"_et_pb_use_builder":"","_et_pb_old_content":"","_et_gb_content_width":""},"product_cat":[266,129,207],"product_tag":[114,302,450],"_links":{"self":[{"href":"https:\/\/difrenos.com\/index.php\/wp-json\/wp\/v2\/product\/6403"}],"collection":[{"href":"https:\/\/difrenos.com\/index.php\/wp-json\/wp\/v2\/product"}],"about":[{"href":"https:\/\/difrenos.com\/index.php\/wp-json\/wp\/v2\/types\/product"}],"wp:featuredmedia":[{"embeddable":true,"href":"https:\/\/difrenos.com\/index.php\/wp-json\/wp\/v2\/media\/6404"}],"wp:attachment":[{"href":"https:\/\/difrenos.com\/index.php\/wp-json\/wp\/v2\/media?parent=6403"}],"wp:term":[{"taxonomy":"product_cat","embeddable":true,"href":"https:\/\/difrenos.com\/index.php\/wp-json\/wp\/v2\/product_cat?post=6403"},{"taxonomy":"product_tag","embeddable":true,"href":"https:\/\/difrenos.com\/index.php\/wp-json\/wp\/v2\/product_tag?post=6403"}],"curies":[{"name":"wp","href":"https:\/\/api.w.org\/{rel}","templated":true}]}}