{"id":6114,"date":"2022-12-29T10:21:32","date_gmt":"2022-12-29T10:21:32","guid":{"rendered":"https:\/\/difrenos.com\/?post_type=product&#038;p=6114"},"modified":"2026-04-01T17:18:53","modified_gmt":"2026-04-01T17:18:53","slug":"kit-deposito-asiento-trs","status":"publish","type":"product","link":"https:\/\/difrenos.com\/index.php\/producto\/kit-deposito-asiento-trs\/","title":{"rendered":"Kit Dep\u00f3sito Asiento TRS XTRACK"},"content":{"rendered":"<p><strong>Conjunto conversi\u00f3n a modelo TRS XTRACK v\u00e1lido\u00a0para todas las\u00a0TRS\u00a0de Trial.\u00a0<\/strong>El Kit RR solo es v\u00e1lido para motos con carburador Keihin y el kit ONE para motos con carburador Dell\u00b4orto. Incluye todas las referencias que se ven en la fotograf\u00eda de despiece. Dep\u00f3sito ampliado de 3,5 litros, subchasis especial, pl\u00e1sticos, asiento, grifo de gasolina y tornilleria. Recambio original TRS.<\/p>\n","protected":false},"excerpt":{"rendered":"<p>Conjunto conversi\u00f3n a modelo TRS XTRACK v\u00e1lido\u00a0para todas las\u00a0TRS\u00a0de Trial.\u00a0El Kit RR solo es v\u00e1lido para motos con carburador Keihin y el kit ONE para motos con carburador Dell\u00b4orto. Incluye todas las referencias que se ven en la fotograf\u00eda de despiece. Dep\u00f3sito ampliado de 3,5 litros, subchasis especial, pl\u00e1sticos, asiento, grifo de gasolina y tornilleria. [&hellip;]<\/p>\n","protected":false},"featured_media":6113,"template":"","meta":{"_et_pb_use_builder":"","_et_pb_old_content":"","_et_gb_content_width":""},"product_cat":[218,170,207],"product_tag":[445,476,450],"_links":{"self":[{"href":"https:\/\/difrenos.com\/index.php\/wp-json\/wp\/v2\/product\/6114"}],"collection":[{"href":"https:\/\/difrenos.com\/index.php\/wp-json\/wp\/v2\/product"}],"about":[{"href":"https:\/\/difrenos.com\/index.php\/wp-json\/wp\/v2\/types\/product"}],"wp:featuredmedia":[{"embeddable":true,"href":"https:\/\/difrenos.com\/index.php\/wp-json\/wp\/v2\/media\/6113"}],"wp:attachment":[{"href":"https:\/\/difrenos.com\/index.php\/wp-json\/wp\/v2\/media?parent=6114"}],"wp:term":[{"taxonomy":"product_cat","embeddable":true,"href":"https:\/\/difrenos.com\/index.php\/wp-json\/wp\/v2\/product_cat?post=6114"},{"taxonomy":"product_tag","embeddable":true,"href":"https:\/\/difrenos.com\/index.php\/wp-json\/wp\/v2\/product_tag?post=6114"}],"curies":[{"name":"wp","href":"https:\/\/api.w.org\/{rel}","templated":true}]}}