{"id":6105,"date":"2022-12-23T11:28:52","date_gmt":"2022-12-23T11:28:52","guid":{"rendered":"https:\/\/difrenos.com\/?post_type=product&#038;p=6105"},"modified":"2026-01-12T12:23:34","modified_gmt":"2026-01-12T12:23:34","slug":"beta-evo-80-senior","status":"publish","type":"product","link":"https:\/\/difrenos.com\/index.php\/producto\/beta-evo-80-senior\/","title":{"rendered":"Beta Evo 80 Senior 2025"},"content":{"rendered":"<p class=\"p1\">Beta lanza al mercado la nueva\u00a0<b>EVO My 2025\u00a0<\/b>con una original est\u00e9tica de gran impacto que hace que este nuevo modelo sea deportivo y elegante a la vez.<\/p>\n<p class=\"p1\">La principal novedad reside en el compartimento de las suspensiones, con la adopci\u00f3n de horquillas y un monoamortiguador Oll\u00e9 completamente nuevos. Tambi\u00e9n se confirma el paquete t\u00e9cnico ganador motores-chasis, que permite que la EVO se mantenga en lo m\u00e1s alto de la clasificaci\u00f3n de carreras, en todas las categor\u00edas.<\/p>\n<div id=\"av_section_4\" class=\"avia-section av-jnescpfj-21-bdb8e0a78feb5bdddc63cdc7c60f46ce main_color avia-section-small avia-no-border-styling avia-builder-el-22 el_after_av_section el_before_av_tab_section avia-bg-style-scroll container_wrap fullsize\">\n<div class=\"container av-section-cont-open\">\n<div class=\"template-page content av-content-full alpha units\">\n<div class=\"post-entry post-entry-type-page post-entry-14040\">\n<div class=\"entry-content-wrapper clearfix\">\n<div class=\"av-special-heading av-jt8w5r7f-3d8773c1455408cf87c23f18a5e272e2 av-special-heading-h3 blockquote modern-quote modern-centered avia-builder-el-23 avia-builder-el-no-sibling titletecnici av-inherit-size\">\n<h3 class=\"av-special-heading-tag\">DATOS T\u00c9CNICOS<\/h3>\n<\/div>\n<\/div>\n<\/div>\n<\/div>\n<\/div>\n<\/div>\n<div id=\"caratteristicamoto\" class=\"av-tab-section-container entry-content-wrapper main_color av-tab-slide-transition av-tab-above-content avia-builder-el-24 el_after_av_section el_before_av_section tab-section-not-first container_wrap fullsize\">\n<div class=\"av-tab-section-outer-container av-jp91j8xf-bdba44d44eee670804b57f24a4758d11\">\n<div class=\"avia-slideshow-arrows av-tabsection-arrow\"><span style=\"color: #333333; font-size: 22px;\">CICLO<\/span><\/div>\n<div class=\"av-tab-section-inner-container avia-section-small\">\n<div id=\"av-tab-section-1-1\" class=\"av-layout-tab av-jp91hidc-ed47ad343468b6f57f0e06ae32c78fd6 av-animation-delay-container avia-builder-el-25 avia-builder-el-no-sibling __av_init_open av-active-tab-content\" data-av-deeplink-tabs=\"\" data-av-tab-section-content=\"1\" data-tab-section-id=\"80\">\n<div class=\"av-layout-tab-inner\">\n<div class=\"container\">\n<div class=\"flex_column av-xfnxr-7be028b61a71a96afbc84796c1cb20ae av_four_fifth avia-builder-el-28 el_after_av_one_fifth el_before_av_hr flex_column_div av-zero-column-padding \">\n<section class=\"av_textblock_section av-jry6xxm0-ec404e7d447de7f063d12674bce9701c\">\n<div class=\"avia_textblock\">\n<div class=\"features\">\n<p class=\"features-spec\">Chasis<\/p>\n<p class=\"features-value\">Acero<\/p>\n<\/div>\n<div class=\"features\">\n<p class=\"features-spec\">Entre ejes<\/p>\n<p class=\"features-value\">1230 mm<\/p>\n<\/div>\n<div class=\"features\">\n<p class=\"features-spec\">longitud m\u00e1xima<\/p>\n<p class=\"features-value\">1925 mm<\/p>\n<\/div>\n<div class=\"features\">\n<p class=\"features-spec\">anchura m\u00e1xima<\/p>\n<p class=\"features-value\">815 mm<\/p>\n<\/div>\n<div class=\"features\">\n<p class=\"features-spec\">altura m\u00e1xima desde el suelo<\/p>\n<p class=\"features-value\">1127 mm<\/p>\n<\/div>\n<hr \/>\n<div id=\"read1922131534\" class=\"read_div\">\n<div class=\"features\">\n<p class=\"features-spec\">Altura asiento<\/p>\n<p class=\"features-value\">678 mm<\/p>\n<\/div>\n<div class=\"features\">\n<p class=\"features-spec\">altura del c\u00e1rter al suelo<\/p>\n<p class=\"features-value\">325 mm<\/p>\n<\/div>\n<div class=\"features\">\n<p class=\"features-spec\">altura estriberas<\/p>\n<p class=\"features-value\">375 mm<\/p>\n<\/div>\n<div class=\"features\">\n<p class=\"features-spec\">Capacidad desp\u00f3sito<\/p>\n<p class=\"features-value\">2,5 l<\/p>\n<\/div>\n<div class=\"features\">\n<p class=\"features-spec\">Reserva<\/p>\n<p class=\"features-value\">0,5 l<\/p>\n<\/div>\n<div class=\"features\">\n<p class=\"features-spec\">Capacidada circuito de refrigeraci\u00f3n<\/p>\n<p class=\"features-value\">600 cc<\/p>\n<\/div>\n<div class=\"features\">\n<p class=\"features-spec\">Suspensi\u00f3n delantera<\/p>\n<p class=\"features-value\">Horquilla hidraulica con barras \u00f838 mm<\/p>\n<\/div>\n<div class=\"features\">\n<p class=\"features-spec\">Suspensi\u00f3n trasera<\/p>\n<p class=\"features-value\">Amortiguador monoshock con regulaci\u00f3n de la precarga del muelle y del freno en extensi\u00f3n<\/p>\n<\/div>\n<div class=\"features\">\n<p class=\"features-spec\">Cursa amortiguador<\/p>\n<p class=\"features-value\">41 mm<\/p>\n<\/div>\n<div class=\"features\">\n<p class=\"features-spec\">Cursa rueda anterior<\/p>\n<p class=\"features-value\">165 mm<\/p>\n<\/div>\n<div class=\"features\">\n<p class=\"features-spec\">Cursa rueda posterior<\/p>\n<p class=\"features-value\">150 mm<\/p>\n<\/div>\n<div class=\"features\">\n<p class=\"features-spec\">Freno anterior<\/p>\n<p class=\"features-value\">disco inox \u00f8185 mm n.2 pistones opuestos<\/p>\n<\/div>\n<div class=\"features\">\n<p class=\"features-spec\">Freno posterior<\/p>\n<p class=\"features-value\">disco inox \u00f8150 mm n.2 pistones opuestos<\/p>\n<\/div>\n<div class=\"features\">\n<p class=\"features-spec\">Llanta anterior<\/p>\n<p class=\"features-value\">21 x 1,6 \u2013 36 agujeros<\/p>\n<\/div>\n<div class=\"features\">\n<p class=\"features-spec\">Llanta posterior<\/p>\n<p class=\"features-value\">18 x 1,85 \u2013 36 agujeros<\/p>\n<\/div>\n<div class=\"features\">\n<p class=\"features-spec\">Cubierta anterior<\/p>\n<p class=\"features-value\">2,75 \u2013 21<\/p>\n<\/div>\n<div class=\"features\">\n<p class=\"features-spec\">Cubierta posterior<\/p>\n<p class=\"features-value\">4,00 \u2013 18<\/p>\n<\/div>\n<\/div>\n<\/div>\n<\/section>\n<\/div>\n<div class=\"hr av-jnespg6w-17-2d969f655c7b30539bcf7e4b808ce1a1 hr-invisible avia-builder-el-30 el_after_av_four_fifth el_before_av_one_fifth \"><\/div>\n<div class=\"flex_column av-198067-c86b0a36b802f7a9f50e1b51a04218a4 av_one_fifth avia-builder-el-31 el_after_av_hr el_before_av_four_fifth first flex_column_div av-zero-column-padding \">\n<div class=\"av-special-heading av-q7qhtk-9b3076122ca952b90aa2cfad941a8e6f av-special-heading-h3 blockquote modern-quote modern-centered avia-builder-el-32 avia-builder-el-no-sibling av-inherit-size\">\n<h3 class=\"av-special-heading-tag\">MOTOR<\/h3>\n<\/div>\n<\/div>\n<div class=\"flex_column av-wdxwv-975d65e1e77e1895ab668479d99941a0 av_four_fifth avia-builder-el-33 el_after_av_one_fifth el_before_av_hr flex_column_div av-zero-column-padding \">\n<section class=\"av_textblock_section av-jry6xxm0-16-9867488f4f82944c2c27c73a039bcb2c\">\n<div class=\"avia_textblock\">\n<div class=\"features\">\n<p class=\"features-spec\">Tipo<\/p>\n<p class=\"features-value\">Monocilindirco, 2 tiempos, refrigerado liquido, admision laminas al carter<\/p>\n<\/div>\n<div class=\"features\">\n<p class=\"features-spec\">Di\u00e1metro<\/p>\n<p class=\"features-value\">48 mm<\/p>\n<\/div>\n<div class=\"features\">\n<p class=\"features-spec\">Cursa<\/p>\n<p class=\"features-value\">44 mm<\/p>\n<\/div>\n<div class=\"features\">\n<p class=\"features-spec\">Cilindrada<\/p>\n<p class=\"features-value\">79,6 cc<\/p>\n<\/div>\n<div class=\"features\">\n<p class=\"features-spec\">Relaci\u00f3n de compresi\u00f3n<\/p>\n<p class=\"features-value\">14,7:1<\/p>\n<\/div>\n<hr \/>\n<div id=\"read598846131\" class=\"read_div\">\n<div class=\"features\">\n<p class=\"features-spec\">Ignici\u00f3n<\/p>\n<p class=\"features-value\">HIdria<\/p>\n<\/div>\n<div class=\"features\">\n<p class=\"features-spec\">Buj\u00eda<\/p>\n<p class=\"features-value\">Champion RN3C<\/p>\n<\/div>\n<div class=\"features\">\n<p class=\"features-spec\">Engrase<\/p>\n<p class=\"features-value\">mezcla con combustible (aceite sint\u00e9tico 1,5 %)<\/p>\n<\/div>\n<div class=\"features\">\n<p class=\"features-spec\">Alimentaci\u00f3n<\/p>\n<p class=\"features-value\">carburador<\/p>\n<\/div>\n<div class=\"features\">\n<p class=\"features-spec\">Carburador<\/p>\n<p class=\"features-value\">Dell\u2019Orto PHBG 21<\/p>\n<\/div>\n<div class=\"features\">\n<p class=\"features-spec\">Embrague<\/p>\n<p class=\"features-value\">Discos multiplos en ba\u00f1o de aceite<\/p>\n<\/div>\n<div class=\"features\">\n<p class=\"features-spec\">Transmisi\u00f3n primaria<\/p>\n<p class=\"features-value\">Z. 20\/77<\/p>\n<\/div>\n<div class=\"features\">\n<p class=\"features-spec\">Cambio<\/p>\n<p class=\"features-value\">6 velocidades<\/p>\n<\/div>\n<div class=\"features\">\n<p class=\"features-spec\">Transmisi\u00f3n secundaria<\/p>\n<p class=\"features-value\">Z. 11\/60<\/p>\n<\/div>\n<div class=\"features\">\n<p class=\"features-spec\">Aceite motor\/embrague<\/p>\n<p class=\"features-value\">SAE 20W\/30 (300cc)<\/p>\n<\/div>\n<div class=\"features\">\n<p class=\"features-spec\">Aceite embrague<\/p>\n<p class=\"features-value\">SAE 10W\/40<\/p>\n<\/div>\n<\/div>\n<\/div>\n<\/section>\n<\/div>\n<div class=\"hr av-jnespg6w-15-02dcc0490517d189de995dcf62f9a8b3 hr-invisible avia-builder-el-35 el_after_av_four_fifth el_before_av_one_fifth \"><\/div>\n<div class=\"flex_column av-7095z-8-6df7ec01b3adfc75a96425ec7cd9f930 av_one_fifth avia-builder-el-43 el_after_av_one_fifth el_before_av_hr no_margin flex_column_div av-zero-column-padding \"><\/div>\n<div class=\"hr av-jnespg6w-14-37e0489c652448bedc2cfee797bda604 hr-invisible avia-builder-el-44 el_after_av_one_fifth avia-builder-el-last \"><\/div>\n<\/div>\n<\/div>\n<\/div>\n<\/div>\n<\/div>\n<\/div>\n","protected":false},"excerpt":{"rendered":"<p>PODEMOS COGER MOTO A CAMBIO<\/p>\n","protected":false},"featured_media":18048,"template":"","meta":{"_et_pb_use_builder":"","_et_pb_old_content":"","_et_gb_content_width":""},"product_cat":[219,129,285],"product_tag":[474,295,908],"_links":{"self":[{"href":"https:\/\/difrenos.com\/index.php\/wp-json\/wp\/v2\/product\/6105"}],"collection":[{"href":"https:\/\/difrenos.com\/index.php\/wp-json\/wp\/v2\/product"}],"about":[{"href":"https:\/\/difrenos.com\/index.php\/wp-json\/wp\/v2\/types\/product"}],"wp:featuredmedia":[{"embeddable":true,"href":"https:\/\/difrenos.com\/index.php\/wp-json\/wp\/v2\/media\/18048"}],"wp:attachment":[{"href":"https:\/\/difrenos.com\/index.php\/wp-json\/wp\/v2\/media?parent=6105"}],"wp:term":[{"taxonomy":"product_cat","embeddable":true,"href":"https:\/\/difrenos.com\/index.php\/wp-json\/wp\/v2\/product_cat?post=6105"},{"taxonomy":"product_tag","embeddable":true,"href":"https:\/\/difrenos.com\/index.php\/wp-json\/wp\/v2\/product_tag?post=6105"}],"curies":[{"name":"wp","href":"https:\/\/api.w.org\/{rel}","templated":true}]}}