{"id":5547,"date":"2022-10-18T09:16:21","date_gmt":"2022-10-18T09:16:21","guid":{"rendered":"https:\/\/difrenos.com\/?post_type=product&#038;p=5547"},"modified":"2026-04-24T15:04:05","modified_gmt":"2026-04-24T15:04:05","slug":"beta-rr-125-4t","status":"publish","type":"product","link":"https:\/\/difrenos.com\/index.php\/producto\/beta-rr-125-4t\/","title":{"rendered":"Beta  ENDURO RR 4T 125 T 2026 ROJO"},"content":{"rendered":"<div class=\"flex_column av-w97833u-c701db3c16a1884c73b718598956568c av_two_fifth avia-builder-el-14 el_after_av_hr el_before_av_three_fifth first no_margin flex_column_div av-zero-column-padding \">\n<section class=\"av_textblock_section av-35mqhay-a92f21922fc1bcd0eac635bddd97fa0c\">\n<div class=\"avia_textblock\">\n<div class=\"av-special-heading av-lg0x8bux-e29f35615dee4c08c0e12e629d5bc1c5 av-special-heading-h3 blockquote modern-quote avia-builder-el-15 el_before_av_hr avia-builder-el-first titdesc av-inherit-size av-linked-heading\">\n<h3 class=\"av-special-heading-tag\">RR 4T 125 T 2026 EURO 5+<\/h3>\n<\/div>\n<div class=\"hr av-w13jtui-57e0c1796576a2a4ef4d68fb2884b9ac hr-custom avia-builder-el-16 el_after_av_heading el_before_av_textblock hr-left hr-icon-no\"><strong>\u00a1Beta ofrece una edici\u00f3n especial en puro estilo monocrom\u00e1tico!<\/strong><\/div>\n<section class=\"av_textblock_section av-7n3lsi8t-9a768daf50720c4d43d87c1a897a96b0\">\n<div class=\"avia_textblock\">\n<p><strong>Una combinaci\u00f3n de colores completamente nueva<\/strong>\u00a0caracterizada por pl\u00e1sticos en gris pastel y un conjunto de gr\u00e1ficos en gris mate y negro brillante.<\/p>\n<p>La\u00a0<strong>gama Beta RR 125 4T<\/strong>\u00a0se ampl\u00eda con una oferta m\u00e1s rica y diversificada, capaz de acoger las demandas de un p\u00fablico cada vez m\u00e1s numeroso.<br \/>\nAmplio y variado es en efecto el p\u00fablico que se fija en la Beta RR 125 4T: j\u00f3venes pilotos que dan sus primeros pasos en el mundo del motociclismo, pero tambi\u00e9n un p\u00fablico m\u00e1s adulto que busca un veh\u00edculo \u00e1gil y deportivo para solventar su movilidad con una gesti\u00f3n econ\u00f3mica, sin renunciar a la diversi\u00f3n y la facilidad de uso t\u00edpicas de la familia Betamotor. Sea cual sea la necesidad, la nueva gama RR 125 4T 2023, tanto de enduro como motard, es capaz de satisfacerla, con una oferta que se duplica para responder a las exigencias m\u00e1s variadas. Tanto si se trata de un joven de 16 a\u00f1os que busca una motard para divertirse en curvas con un modelo pr\u00e9mium como de alguien que da sus primeros pasos en el enduro, un adulto que busca un veh\u00edculo econ\u00f3mico para moverse por la ciudad, un experto que busca un veh\u00edculo muy agradable o un ne\u00f3fito que da sus primeros pasos en carretera o en tierra, ahora hay una Beta 125 4T capaz de satisfacer sus necesidades.<\/p>\n<\/div>\n<\/section>\n<p>La\u00a0<strong>gama Beta RR 125 4T<\/strong>\u00a0se ampl\u00eda con una oferta m\u00e1s rica y diversificada, capaz de acoger las demandas de un p\u00fablico cada vez m\u00e1s numeroso.<br \/>\nAmplio y variado es en efecto el p\u00fablico que se fija en la Beta RR 125 4T: j\u00f3venes pilotos que dan sus primeros pasos en el mundo del motociclismo, pero tambi\u00e9n un p\u00fablico m\u00e1s adulto que busca un veh\u00edculo \u00e1gil y deportivo para solventar su movilidad con una gesti\u00f3n econ\u00f3mica, sin renunciar a la diversi\u00f3n y la facilidad de uso t\u00edpicas de la familia Betamotor. Sea cual sea la necesidad, la nueva gama RR 125 4T 2024, tanto de enduro como motard, es capaz de satisfacerla, con una oferta que se duplica para responder a las exigencias m\u00e1s variadas. Tanto si se trata de un joven de 16 a\u00f1os que busca una motard para divertirse en curvas con un modelo pr\u00e9mium como de alguien que da sus primeros pasos en el enduro, un adulto que busca un veh\u00edculo econ\u00f3mico para moverse por la ciudad, un experto que busca un veh\u00edculo muy agradable o un ne\u00f3fito que da sus primeros pasos en carretera o en tierra, ahora hay una Beta 125 4T capaz de satisfacer sus necesidades<\/p>\n<div id=\"read474382418\" class=\"read_div\">\n<p>Beta sigue creyendo en la valoraci\u00f3n del segmento de 125, por lo que nunca ha dejado de trabajar para ofrecer una gama de modelos cada vez m\u00e1s amplia con el fin de cubrir las demandas del mayor n\u00famero posible de aficionados.<\/p>\n<p>Betamotor, en colaboraci\u00f3n con\u00a0<strong>Tayo Motorcycles<\/strong> (fabricante de los veh\u00edculos de la marca Zontes), ha desarrollado un propulsor completamente nuevo y extremadamente innovador en cuanto a las tecnolog\u00edas de producci\u00f3n empleadas. El nuevo motor, caracterizado por una combinaci\u00f3n perfecta de prestaciones (dentro de la gama de homologaci\u00f3n de 15 kW), fiabilidad y consumo muy bajo (1,9 L\/100 km), ser\u00e1 el coraz\u00f3n de la nueva RR 125 T .<\/p>\n<p>El<strong>\u00a0nuevo propulsor\u00a0<\/strong>y las optimizaciones de algunos componentes, como la caja del filtro, el basculante, el silenciador y las ruedas, han enriquecido la gama Beta 125 4T con una nueva l\u00ednea de motos con elementos t\u00e9cnicos muy interesantes y un precio m\u00e1s atractivo.<br \/>\nEl nuevo modelo ser\u00e1 la soluci\u00f3n b\u00e1sica de la gama 125 y estar\u00e1 disponible, como nos tiene acostumbrados, en cinco variantes de color diferentes: dos para Motard (negro y rojo) y tres para Enduro (blanco, negro y rojo).<br \/>\nLa gama RR 125 T 2024 no defraudar\u00e1 las expectativas de quienes busquen un veh\u00edculo que, conservando la calidad de construcci\u00f3n Beta y un equipamiento b\u00e1sico completo, tenga un precio de partida muy competitivo, gracias a las optimizaciones industriales aplicadas.<\/p>\n<p>MOTOR TAYO<\/p>\n<ul>\n<li><strong>Nacido de la colaboraci\u00f3n con Tayo Motorcycles<\/strong>, se trata de un motor creado a partir de un dise\u00f1o totalmente nuevo con componentes fabricados espec\u00edficamente para los modelos Betamotor (como el c\u00e1rter, la tapa del volante de inercia, la culata, etc.) seg\u00fan las indicaciones de los t\u00e9cnicos de Rignano sull\u2019Arno. Fiable y con un consumo de combustible extremadamente bajo, es un monocil\u00edndrico de 4 tiempos refrigerado por l\u00edquido con circulaci\u00f3n forzada.<\/li>\n<li><strong>Nuevos componentes:<\/strong>\u00a0realizados seg\u00fan el proyecto de los t\u00e9cnicos de Beta, como la caja de aire, el sistema de escape y los mapas del motor.<\/li>\n<li><strong>Di\u00e1metro x carrera\u00a0<\/strong>sin cambios respecto al propulsor anterior, pero con una relaci\u00f3n de compresi\u00f3n m\u00e1s alta de 12,5:1 y buj\u00eda espec\u00edfica.<\/li>\n<li><strong>El nuevo motor\u00a0<\/strong>ha conllevado una serie de modificaciones en el chasis, el radiador, los componentes el\u00e9ctricos y la bomba de gasolina, que se han readaptado o desplazado para alojar el nuevo propulsor, sin afectar a las geometr\u00edas y la manejabilidad de la moto.<\/li>\n<\/ul>\n<p>RR 125 T<\/p>\n<ul>\n<li><strong>Motor Tayo Euro 5+<\/strong><\/li>\n<li>Chasis y basculante negro<\/li>\n<li>Silenciador negro<\/li>\n<li>Nuevo sistema CBS<\/li>\n<\/ul>\n<p>Las nuevas RR 125 T est\u00e1n equipadas con un nuevo sistema de frenado combinado CBS que ya no gestiona la potencia de frenado directamente, sino con un repartidor debidamente configurado por los t\u00e9cnicos de Betamotor. Completa el cuadro una nueva pinza de freno delantero ligera y de alto rendimiento.<\/p>\n<\/div>\n<\/div>\n<\/section>\n<\/div>\n<div class=\"flex_column av-uu8xpga-946915a7ce9ee391aa3a7470acb86e53 av_three_fifth avia-builder-el-18 el_after_av_two_fifth el_before_av_hr no_margin flex_column_div av-zero-column-padding \">\n<section class=\"av_textblock_section av-tqyv2ka-24e0dea0bbfcdd75b2fa56de059dbffa\">\n<div class=\"avia_textblock ls-direction-fix\">\n<div class=\"ls-fullscreen-wrapper\">\n<div id=\"layerslider_67_7x7rs0uxkb0s\" class=\"ls-wp-container fitvidsignore ls-roundedflat ls-container ls-responsive ls-device-is-desktop\" data-layerslider-uid=\"LSsljgiy8jy\" data-current-slide=\"1\">\n<div class=\"ls-inner\">\n<div class=\"ls-slide-bgcolor\">\n<div id=\"av_section_7\" class=\"avia-section av-j14yn0c-66fb1d4c138ef9cbd34be961bb90ce26 main_color avia-section-small avia-no-border-styling avia-builder-el-37 el_after_av_section el_before_av_tab_section avia-bg-style-scroll container_wrap fullsize\">\n<div class=\"container av-section-cont-open\">\n<div class=\"template-page content av-content-full alpha units\">\n<div class=\"post-entry post-entry-type-page post-entry-65148\">\n<div class=\"entry-content-wrapper clearfix\">\n<div class=\"av-special-heading av-ibh8ly4-f9e1f8277da9d824a0d6c446d10be167 av-special-heading-h3 blockquote modern-quote modern-centered avia-builder-el-39 el_after_av_hr avia-builder-el-last titletecnici av-inherit-size\">\n<h3 class=\"av-special-heading-tag\">DATOS T\u00c9CNICOS<\/h3>\n<\/div>\n<\/div>\n<\/div>\n<\/div>\n<\/div>\n<\/div>\n<div id=\"caratteristicamoto\" class=\"av-tab-section-container entry-content-wrapper main_color av-tab-slide-transition av-tab-above-content avia-builder-el-40 el_after_av_section el_before_av_section tab-section-not-first container_wrap fullsize\">\n<div class=\"av-tab-section-outer-container av-hi5p7jw-d61ca5f0d497cffd8c6b0444a6bc6b9a\">\n<div class=\"av-tab-section-inner-container avia-section-small\">\n<div id=\"av-tab-section-1-1\" class=\"av-layout-tab av-h5hn664-21b8d174653b4799e43df6be9596021c av-animation-delay-container avia-builder-el-41 avia-builder-el-no-sibling __av_init_open av-active-tab-content\" data-av-deeplink-tabs=\"\" data-av-tab-section-content=\"1\" data-tab-section-id=\"125\">\n<div class=\"av-layout-tab-inner\">\n<div class=\"container\">\n<div class=\"flex_column av-gp16q3g-4a997e3875096adee68bbace3e1f4b2f av_one_fifth avia-builder-el-42 el_before_av_four_fifth avia-builder-el-first first flex_column_div av-zero-column-padding \">\n<div class=\"av-special-heading av-gazezp8-26d0daf8ad9167e71a72a67136ef6330 av-special-heading-h3 blockquote modern-quote modern-centered avia-builder-el-43 avia-builder-el-no-sibling av-inherit-size\">\n<h3 class=\"av-special-heading-tag\">CHASIS<\/h3>\n<\/div>\n<\/div>\n<div class=\"flex_column av-fqgwwxo-171964cfb593a8dd158a165d654471df av_four_fifth avia-builder-el-44 el_after_av_one_fifth el_before_av_hr flex_column_div av-zero-column-padding \">\n<section class=\"av_textblock_section av-fm7hicc-5c06ab7d2867a3a6f7a2c97f71265d04\">\n<div class=\"avia_textblock\">\n<div class=\"features\">\n<p class=\"features-spec\">CHASIS<\/p>\n<p class=\"features-value\">ACERO CON DOBLE CUNA DESDOBLADA ENCIMA DEL ESCAPE<\/p>\n<\/div>\n<div class=\"features\">\n<p class=\"features-spec\">ENTRE EJES<\/p>\n<p class=\"features-value\">1435 MM<\/p>\n<\/div>\n<div class=\"features\">\n<p class=\"features-spec\">LONGITUD M\u00c1XIMA<\/p>\n<p class=\"features-value\">2145 MM<\/p>\n<\/div>\n<div class=\"features\">\n<p class=\"features-spec\">ANCHURA M\u00c1XIMA<\/p>\n<p class=\"features-value\">830 MM<\/p>\n<\/div>\n<div class=\"features\">\n<p class=\"features-spec\">ALTURA M\u00c1XIMA DESDE EL SUELO<\/p>\n<p class=\"features-value\">1220 MM<\/p>\n<\/div>\n<p>_________________________________________________________<\/p>\n<div id=\"read790153741\" class=\"read_div\">\n<div class=\"features\">\n<p class=\"features-spec\">ALTURA ASIENTO<\/p>\n<p class=\"features-value\">920 MM<\/p>\n<\/div>\n<div class=\"features\">\n<p class=\"features-spec\">ALTURA DEL C\u00c1RTER AL SUELO<\/p>\n<p class=\"features-value\">330 MM<\/p>\n<\/div>\n<div class=\"features\">\n<p class=\"features-spec\">ALTURA ESTRIBERAS<\/p>\n<p class=\"features-value\">400 MM<\/p>\n<\/div>\n<div class=\"features\">\n<p class=\"features-spec\">PESO<\/p>\n<p class=\"features-value\">107 KG \u2013 DELANT. 53 ; TRAS. 54<\/p>\n<\/div>\n<div class=\"features\">\n<p class=\"features-spec\">CAPACIDAD DESP\u00d3SITO<\/p>\n<p class=\"features-value\">7,5 L<\/p>\n<\/div>\n<div class=\"features\">\n<p class=\"features-spec\">RESERVA<\/p>\n<p class=\"features-value\">1,5 L<\/p>\n<\/div>\n<div class=\"features\">\n<p class=\"features-spec\">SUSPENSI\u00d3N DELANTERA<\/p>\n<p class=\"features-value\">HORQUILLA HIDRAULICA USD (BARRAS \u00d8 41 MM)<\/p>\n<\/div>\n<div class=\"features\">\n<p class=\"features-spec\">SUSPENSI\u00d3N TRASERA<\/p>\n<p class=\"features-value\">AMORTIGUADOR MONOSHOCK CON REGULACI\u00d3N DE LA PRECARGA DEL MUELLE<\/p>\n<\/div>\n<div class=\"features\">\n<p class=\"features-spec\">CURSA AMORTIGUADOR<\/p>\n<p class=\"features-value\">131 MM<\/p>\n<\/div>\n<div class=\"features\">\n<p class=\"features-spec\">CURSA RUEDA ANTERIOR<\/p>\n<p class=\"features-value\">265 MM<\/p>\n<\/div>\n<div class=\"features\">\n<p class=\"features-spec\">CURSA RUEDA POSTERIOR<\/p>\n<p class=\"features-value\">270 MM<\/p>\n<\/div>\n<div class=\"features\">\n<p class=\"features-spec\">FRENO ANTERIOR<\/p>\n<p class=\"features-value\">DISCO \u00d8260 MM SISTEMA CBS<\/p>\n<\/div>\n<div class=\"features\">\n<p class=\"features-spec\">FRENO POSTERIOR<\/p>\n<p class=\"features-value\">DISCO \u00d8220 MM<\/p>\n<\/div>\n<div class=\"features\">\n<p class=\"features-spec\">LLANTA ANTERIOR<\/p>\n<p class=\"features-value\">21-1,6 \u2013 36 FORI<\/p>\n<\/div>\n<div class=\"features\">\n<p class=\"features-spec\">LLANTA POSTERIOR<\/p>\n<p class=\"features-value\">18-1,85 \u2013 36 FORI<\/p>\n<\/div>\n<div class=\"features\">\n<p class=\"features-spec\">CUBIERTA ANTERIOR<\/p>\n<p class=\"features-value\">90\/90-21<\/p>\n<\/div>\n<div class=\"features\">\n<p class=\"features-spec\">CUBIERTA POSTERIOR<\/p>\n<p class=\"features-value\">120\/90-18<\/p>\n<\/div>\n<\/div>\n<\/div>\n<\/section>\n<\/div>\n<div class=\"hr av-f4164ik-496f68824f5257367561c2a2c5b4a05e hr-invisible avia-builder-el-46 el_after_av_four_fifth el_before_av_one_fifth \"><\/div>\n<div class=\"flex_column av-engjn7g-1f8e5fdd6da436c40323d39814445bad av_one_fifth avia-builder-el-47 el_after_av_hr el_before_av_four_fifth first flex_column_div av-zero-column-padding \">\n<div class=\"av-special-heading av-e75oo7w-627a98b501982402103a6c79b4c477e6 av-special-heading-h3 blockquote modern-quote modern-centered avia-builder-el-48 avia-builder-el-no-sibling av-inherit-size\">\n<h3 class=\"av-special-heading-tag\">MOTOR<\/h3>\n<\/div>\n<\/div>\n<div class=\"flex_column av-1d0yry4-269f826d61efb8e63bfb58a63c7efc57 av_four_fifth avia-builder-el-49 el_after_av_one_fifth avia-builder-el-last flex_column_div av-zero-column-padding \">\n<section class=\"av_textblock_section av-czj118c-e4625efed56da6247fa3d46f501f6b31\">\n<div class=\"avia_textblock\">\n<div class=\"features\">\n<p class=\"features-spec\">TIPO<\/p>\n<p class=\"features-value\">MONOCILINDRICO 4 TIEMPOS, REFRIGERADO POR LIQUIDO<\/p>\n<\/div>\n<div class=\"features\">\n<p class=\"features-spec\">DI\u00c1METRO<\/p>\n<p class=\"features-value\">52,0 MM<\/p>\n<\/div>\n<div class=\"features\">\n<p class=\"features-spec\">CURSA<\/p>\n<p class=\"features-value\">58,7 MM<\/p>\n<\/div>\n<div class=\"features\">\n<p class=\"features-spec\">CILINDRADA<\/p>\n<p class=\"features-value\">124,66 CC<\/p>\n<\/div>\n<div class=\"features\">\n<p class=\"features-spec\">RELACI\u00d3N DE COMPRESI\u00d3N<\/p>\n<p class=\"features-value\">12,5:1<\/p>\n<\/div>\n<p>&nbsp;<\/p>\n<div id=\"read522878783\" class=\"read_div\">\n<div class=\"features\">\n<p class=\"features-spec\">GENERADOR<\/p>\n<p class=\"features-value\">250W-14V<\/p>\n<\/div>\n<div class=\"features\">\n<p class=\"features-spec\">BUJ\u00cdA<\/p>\n<p class=\"features-value\">NGK CR8EI<\/p>\n<\/div>\n<div class=\"features\">\n<p class=\"features-spec\">ENGRASE<\/p>\n<p class=\"features-value\">CARTER EN BA\u00d1O DE ACEITE<\/p>\n<\/div>\n<div class=\"features\">\n<p class=\"features-spec\">INYECCI\u00d3N<\/p>\n<p class=\"features-value\">ELLDOR<\/p>\n<\/div>\n<div class=\"features\">\n<p class=\"features-spec\">EMBRAGUE<\/p>\n<p class=\"features-value\">DISCOS MULTIPLOS EN BA\u00d1O DE ACEITE<\/p>\n<\/div>\n<div class=\"features\">\n<p class=\"features-spec\">TRANSMISI\u00d3N PRIMARIA<\/p>\n<p class=\"features-value\">A DIENTES HELICOIDALES<\/p>\n<\/div>\n<div class=\"features\">\n<p class=\"features-spec\">CAMBIO<\/p>\n<p class=\"features-value\">6 VELOCIDADES<\/p>\n<\/div>\n<div class=\"features\">\n<p class=\"features-spec\">TRANSMISI\u00d3N SECUNDARIA<\/p>\n<p class=\"features-value\">Z 17\/63<\/p>\n<\/div>\n<div class=\"features\">\n<p class=\"features-spec\">ACEITE EMBRAGUE<\/p>\n<p class=\"features-value\">SAE 15W\/50<\/p>\n<\/div>\n<div class=\"features\">\n<p class=\"features-spec\">CONSUMO L\/100 KM<\/p>\n<p class=\"features-value\">L\/100 KM 1,9<\/p>\n<\/div>\n<div class=\"features\">\n<p class=\"features-spec\">EMISI\u00d3N CO2 [G\/KM]<\/p>\n<p class=\"features-value\">44,5<\/p>\n<\/div>\n<\/div>\n<\/div>\n<\/section>\n<\/div>\n<\/div>\n<\/div>\n<\/div>\n<\/div>\n<\/div>\n<\/div>\n<\/div>\n<\/div>\n<\/div>\n<\/div>\n<\/div>\n<\/section>\n<\/div>\n<div class=\"hr av-t0zl8d6-e1dea98cfff9ad9d3ae68894a2647af2 hr-invisible avia-builder-el-22 el_after_av_three_fifth avia-builder-el-last \"><\/div>\n","protected":false},"excerpt":{"rendered":"<p>PODEMOS COGER MOTO A CAMBIO<\/p>\n","protected":false},"featured_media":23106,"template":"","meta":{"_et_pb_use_builder":"","_et_pb_old_content":"","_et_gb_content_width":""},"product_cat":[219,252,129],"product_tag":[415,423,295,296],"_links":{"self":[{"href":"https:\/\/difrenos.com\/index.php\/wp-json\/wp\/v2\/product\/5547"}],"collection":[{"href":"https:\/\/difrenos.com\/index.php\/wp-json\/wp\/v2\/product"}],"about":[{"href":"https:\/\/difrenos.com\/index.php\/wp-json\/wp\/v2\/types\/product"}],"wp:featuredmedia":[{"embeddable":true,"href":"https:\/\/difrenos.com\/index.php\/wp-json\/wp\/v2\/media\/23106"}],"wp:attachment":[{"href":"https:\/\/difrenos.com\/index.php\/wp-json\/wp\/v2\/media?parent=5547"}],"wp:term":[{"taxonomy":"product_cat","embeddable":true,"href":"https:\/\/difrenos.com\/index.php\/wp-json\/wp\/v2\/product_cat?post=5547"},{"taxonomy":"product_tag","embeddable":true,"href":"https:\/\/difrenos.com\/index.php\/wp-json\/wp\/v2\/product_tag?post=5547"}],"curies":[{"name":"wp","href":"https:\/\/api.w.org\/{rel}","templated":true}]}}