{"id":5344,"date":"2022-09-22T11:40:43","date_gmt":"2022-09-22T11:40:43","guid":{"rendered":"https:\/\/difrenos.com\/?post_type=product&#038;p=5344"},"modified":"2026-04-01T09:31:56","modified_gmt":"2026-04-01T09:31:56","slug":"gas-gas-g-trail-1-0-2022","status":"publish","type":"product","link":"https:\/\/difrenos.com\/index.php\/producto\/gas-gas-g-trail-1-0-2022\/","title":{"rendered":"Gas Gas EBike G Trail 1.0"},"content":{"rendered":"<h2>LA TODO TERRENO COMPLETA<\/h2>\n<p>Montamos en bicicleta para llegar a sitios diferentes, buscado nuevos senderos para descubrir todo lo que nos ofrecen nuestras monta\u00f1as favoritas. Desde esos paseos s\u00faper tempranos por la ma\u00f1ana hasta pedalear durante todo el d\u00eda y ver la puesta de sol desde la cima de tu monta\u00f1a favorita, la G Trail es la bicicleta que te permitir\u00e1 hacerlo.<\/p>\n<p>La G Trail 1.0 es nuestra bicicleta trail de corto recorrido de suspensiones. Con 130 mm de suspensi\u00f3n, es m\u00e1s \u00e1gil que sus hermanas G Trail mayores. Pero no dejes que eso te enga\u00f1e y pienses que no est\u00e1 tan capacitada. Ideal para los d\u00edas en los que lo radical no est\u00e1 en el men\u00fa, la G Trail 1.0 sigue ofreciendo grandes satisfacciones, s\u00f3lo que sin complicaciones. Con una marcha r\u00e1pida y un comportamiento s\u00faper eficiente y sensible, se encuentra m\u00e1s a gusto acumulando kil\u00f3metro tras kil\u00f3metro por senderos fluidos. Sal a buscar estos fotog\u00e9nicos paisajes de monta\u00f1a con la G Trail 1.0. La G Trail 1.0 cuenta con el motor Yamaha PW-ST de 250 W y 70 Nm, con cinco modos de asistencia al pedaleo, incluido el Apoyo Autom\u00e1tico, en el que el motor adapta continuamente el modo de potencia al terreno y al esfuerzo realizado por el piloto. Las suspensiones SR SUNTOUR, los componentes Tektro y los neum\u00e1ticos Continental completan el conjunto.<\/p>\n<h3 class=\"c-specifications__heading highlight\">SPECIFICATIONS<\/h3>\n<div class=\"c-specifications__highlighted\">\n<ul class=\"c-specifications__highlighted-list\">\n<li class=\"highlighted-specs-item\"><i class=\"icon-BC_WHEEL_SIZE highlighted-specs-item__icon\"><\/i>\n<div class=\"highlighted-specs-item__text\"><span class=\"highlighted-specs-item__text-label\">TAMA\u00d1O DE RUEDA<\/span><span class=\"highlighted-specs-item__text-value\">29&#8243;<\/span><\/div>\n<\/li>\n<li class=\"highlighted-specs-item\"><i class=\"icon-BC_DISPLAY highlighted-specs-item__icon\"><\/i>\n<div class=\"highlighted-specs-item__text\"><span class=\"highlighted-specs-item__text-label\">PANTALLA DIGITAL<\/span><span class=\"highlighted-specs-item__text-value\">Yamaha Display A, LCD-Display<\/span><\/div>\n<\/li>\n<li class=\"highlighted-specs-item\"><i class=\"icon-BC_GEAR_GEN highlighted-specs-item__icon\"><\/i>\n<div class=\"highlighted-specs-item__text\"><span class=\"highlighted-specs-item__text-label\">MOTOR<\/span><span class=\"highlighted-specs-item__text-value\">Yamaha PW-ST, 250 W, 70 Nm<\/span><\/div>\n<\/li>\n<li class=\"highlighted-specs-item\"><i class=\"icon-BC_FRAME highlighted-specs-item__icon\"><\/i>\n<div class=\"highlighted-specs-item__text\"><span class=\"highlighted-specs-item__text-label\">CHASIS<\/span><span class=\"highlighted-specs-item__text-value\">29&#8243;, Alloy 6061, bater\u00eda integrada, Boost, 130 mm<\/span><\/div>\n<\/li>\n<li class=\"highlighted-specs-item\"><i class=\"icon-BC_SHOCK highlighted-specs-item__icon\"><\/i>\n<div class=\"highlighted-specs-item__text\"><span class=\"highlighted-specs-item__text-label\">AMORTIGUADOR<\/span><span class=\"highlighted-specs-item__text-value\">SR SUNTOUR Raidon R, Aire, 210&#215;55 mm<\/span><\/div>\n<\/li>\n<li class=\"highlighted-specs-item\"><i class=\"icon-BC_DERAILLEUR_REAR highlighted-specs-item__icon\"><\/i>\n<div class=\"highlighted-specs-item__text\"><span class=\"highlighted-specs-item__text-label\">CAMBIO TRASERO<\/span><span class=\"highlighted-specs-item__text-value\">Tektro RD-M350, 9-S<\/span><\/div>\n<\/li>\n<\/ul>\n<\/div>\n<div class=\"c-specifications__general js-general-specifications c-specifications__general--shown\">\n<ul class=\"c-specifications__general-list \">\n<li class=\"general-specs-item\">\n<div class=\"general-specs-item__text\"><span class=\"general-specs-item__text-label\">PESO TOTAL M\u00c1XIMO ADMISIBLE<\/span><span class=\"general-specs-item__text-value\">130 kg<\/span><\/div>\n<\/li>\n<li class=\"general-specs-item\">\n<div class=\"general-specs-item__text\"><span class=\"general-specs-item__text-label\">COLOR DE CUADRO<\/span><span class=\"general-specs-item__text-value\">negro<\/span><\/div>\n<\/li>\n<li class=\"general-specs-item\">\n<div class=\"general-specs-item__text\"><span class=\"general-specs-item__text-label\">COLOR DE CUADRO<\/span><span class=\"general-specs-item__text-value\">rojo<\/span><\/div>\n<\/li>\n<li class=\"general-specs-item\">\n<div class=\"general-specs-item__text\"><span class=\"general-specs-item__text-label\">CONFORME AL C\u00d3DIGO DE CIRCULACI\u00d3N ALEM\u00c1N STVZO<\/span><span class=\"general-specs-item__text-value\">C\u00f3digo de circulaci\u00f3n alem\u00e1n StvZo no<\/span><\/div>\n<\/li>\n<li class=\"general-specs-item\">\n<div class=\"general-specs-item__text\"><span class=\"general-specs-item__text-label\">HOMOLOGACI\u00d3N DE REMOLQUE<\/span><span class=\"general-specs-item__text-value\">sin homologaci\u00f3n de remolque<\/span><\/div>\n<\/li>\n<li class=\"general-specs-item\">\n<div class=\"general-specs-item__text\"><span class=\"general-specs-item__text-label\">UNIDAD DE CONTROL<\/span><span class=\"general-specs-item__text-value\">integrado en la pantalla digital<\/span><\/div>\n<\/li>\n<li class=\"general-specs-item\">\n<div class=\"general-specs-item__text\"><span class=\"general-specs-item__text-label\">PEDALES<\/span><span class=\"general-specs-item__text-value\">GASGAS, aluminio<\/span><\/div>\n<\/li>\n<li class=\"general-specs-item\">\n<div class=\"general-specs-item__text\"><span class=\"general-specs-item__text-label\">CADENA<\/span><span class=\"general-specs-item__text-value\">KMC e9S<\/span><\/div>\n<\/li>\n<li class=\"general-specs-item\">\n<div class=\"general-specs-item__text\"><span class=\"general-specs-item__text-label\">SILL\u00cdN<\/span><span class=\"general-specs-item__text-value\">GASGAS MTB<\/span><\/div>\n<\/li>\n<li class=\"general-specs-item\">\n<div class=\"general-specs-item__text\"><span class=\"general-specs-item__text-label\">PANTALLA DIGITAL<\/span><span class=\"general-specs-item__text-value\">Yamaha Display A, LCD-Display<\/span><\/div>\n<\/li>\n<li class=\"general-specs-item\">\n<div class=\"general-specs-item__text\"><span class=\"general-specs-item__text-label\">MOTOR<\/span><span class=\"general-specs-item__text-value\">Yamaha PW-ST, 250 W, 70 Nm<\/span><\/div>\n<\/li>\n<li class=\"general-specs-item\">\n<div class=\"general-specs-item__text\"><span class=\"general-specs-item__text-label\">CHASIS<\/span><span class=\"general-specs-item__text-value\">29&#8243;, Alloy 6061, bater\u00eda integrada, Boost, 130 mm<\/span><\/div>\n<\/li>\n<li class=\"general-specs-item\">\n<div class=\"general-specs-item__text\"><span class=\"general-specs-item__text-label\">AMORTIGUADOR<\/span><span class=\"general-specs-item__text-value\">SR SUNTOUR Raidon R, Aire, 210&#215;55 mm<\/span><\/div>\n<\/li>\n<li class=\"general-specs-item\">\n<div class=\"general-specs-item__text\"><span class=\"general-specs-item__text-label\">RADIO<\/span><span class=\"general-specs-item__text-value\">Mach1, Acero inoxidable<\/span><\/div>\n<\/li>\n<li class=\"general-specs-item\">\n<div class=\"general-specs-item__text\"><span class=\"general-specs-item__text-label\">NEUM\u00c1TICO<\/span><span class=\"general-specs-item__text-value\">Continental Cross King, 58-622, 29&#215;2.3<\/span><\/div>\n<\/li>\n<li class=\"general-specs-item\">\n<div class=\"general-specs-item__text\"><span class=\"general-specs-item__text-label\">EMPU\u00d1ADURAS<\/span><span class=\"general-specs-item__text-value\">GASGAS MTB, Empu\u00f1aduras enroscables<\/span><\/div>\n<\/li>\n<li class=\"general-specs-item\">\n<div class=\"general-specs-item__text\"><span class=\"general-specs-item__text-label\">MANILLARES<\/span><span class=\"general-specs-item__text-value\">GASGAS Riser 31.8 mm, 780 mm, Sweep: 6 \u00b0, Rise: 15 mm<\/span><\/div>\n<\/li>\n<li class=\"general-specs-item\">\n<div class=\"general-specs-item__text\"><span class=\"general-specs-item__text-label\">TIJA DEL SILL\u00cdN<\/span><span class=\"general-specs-item__text-value\">GASGAS, 31.6 mm, 350 mm, Patente<\/span><\/div>\n<\/li>\n<li class=\"general-specs-item\">\n<div class=\"general-specs-item__text\"><span class=\"general-specs-item__text-label\">SECCI\u00d3N DELANTERA<\/span><span class=\"general-specs-item__text-value\">GASGAS 31.8, 7 \u00b0, Ahead<\/span><\/div>\n<\/li>\n<li class=\"general-specs-item\">\n<div class=\"general-specs-item__text\"><span class=\"general-specs-item__text-label\">PALANCA DE CAMBIO<\/span><span class=\"general-specs-item__text-value\">Tektro SL-M350R<\/span><\/div>\n<\/li>\n<li class=\"general-specs-item\">\n<div class=\"general-specs-item__text\"><span class=\"general-specs-item__text-label\">CAMBIO TRASERO<\/span><span class=\"general-specs-item__text-value\">Tektro RD-M350, 9-S<\/span><\/div>\n<\/li>\n<li class=\"general-specs-item\">\n<div class=\"general-specs-item__text\"><span class=\"general-specs-item__text-label\">CARGADOR<\/span><span class=\"general-specs-item__text-value\">Yamaha cargador r\u00e1pido, 4 A<\/span><\/div>\n<\/li>\n<li class=\"general-specs-item\">\n<div class=\"general-specs-item__text\"><span class=\"general-specs-item__text-label\">RUEDA DELANTERA<\/span><span class=\"general-specs-item__text-value\">Rim: Mach 1 TRUCKY 30, soltado, Tubeless Ready \/ Hub:GASGAS DA210F, 6 orificios, 15&#215;110 mm, Eje de la rueda<\/span><\/div>\n<\/li>\n<li class=\"general-specs-item\">\n<div class=\"general-specs-item__text\"><span class=\"general-specs-item__text-label\">RUEDA TRASERA<\/span><span class=\"general-specs-item__text-value\">Rim: Mach 1 TRUCKY 30, soltado, Tubeless Ready \/ Hub:GASGAS DA210R, 6 orificios, 12&#215;148 mm, Eje de la rueda, HG<\/span><\/div>\n<\/li>\n<li class=\"general-specs-item\">\n<div class=\"general-specs-item__text\"><span class=\"general-specs-item__text-label\">CORONA DENTADA<\/span><span class=\"general-specs-item__text-value\">Tektro CS-M350, 11-46 T<\/span><\/div>\n<\/li>\n<li class=\"general-specs-item\">\n<div class=\"general-specs-item__text\"><span class=\"general-specs-item__text-label\">PLATO<\/span><span class=\"general-specs-item__text-value\">, 38 T<\/span><\/div>\n<\/li>\n<li class=\"general-specs-item\">\n<div class=\"general-specs-item__text\"><span class=\"general-specs-item__text-label\">HORQUILLA<\/span><span class=\"general-specs-item__text-value\">SR SUNTOUR XCR34 Boost LOR, remote lockout, Aire, 130 mm, tapered<\/span><\/div>\n<\/li>\n<li class=\"general-specs-item\">\n<div class=\"general-specs-item__text\"><span class=\"general-specs-item__text-label\">FRENOS TRASEROS<\/span><span class=\"general-specs-item__text-value\">Tektro Draco, 2 pistones, Freno de disco hidr\u00e1ulico<\/span><\/div>\n<\/li>\n<li class=\"general-specs-item\">\n<div class=\"general-specs-item__text\"><span class=\"general-specs-item__text-label\">FRENOS DELANTEROS<\/span><span class=\"general-specs-item__text-value\">Tektro Draco, 2 pistones, Freno de disco hidr\u00e1ulico<\/span><\/div>\n<\/li>\n<li class=\"general-specs-item\">\n<div class=\"general-specs-item__text\"><span class=\"general-specs-item__text-label\">MANIVELA<\/span><span class=\"general-specs-item__text-value\">GASGAS EC40, Aluminio forjado, JIS<\/span><\/div>\n<\/li>\n<li class=\"general-specs-item\">\n<div class=\"general-specs-item__text\"><span class=\"general-specs-item__text-label\">BATER\u00cdA<\/span><span class=\"general-specs-item__text-value\">Yamaha ML500, 500 Wh, 36 V<\/span><\/div>\n<\/li>\n<\/ul>\n<\/div>\n","protected":false},"excerpt":{"rendered":"<p>PODEMOS COGER MOTO A CAMBIO<\/p>\n","protected":false},"featured_media":5345,"template":"","meta":{"_et_pb_use_builder":"","_et_pb_old_content":"","_et_gb_content_width":""},"product_cat":[30,81],"product_tag":[66,85],"_links":{"self":[{"href":"https:\/\/difrenos.com\/index.php\/wp-json\/wp\/v2\/product\/5344"}],"collection":[{"href":"https:\/\/difrenos.com\/index.php\/wp-json\/wp\/v2\/product"}],"about":[{"href":"https:\/\/difrenos.com\/index.php\/wp-json\/wp\/v2\/types\/product"}],"wp:featuredmedia":[{"embeddable":true,"href":"https:\/\/difrenos.com\/index.php\/wp-json\/wp\/v2\/media\/5345"}],"wp:attachment":[{"href":"https:\/\/difrenos.com\/index.php\/wp-json\/wp\/v2\/media?parent=5344"}],"wp:term":[{"taxonomy":"product_cat","embeddable":true,"href":"https:\/\/difrenos.com\/index.php\/wp-json\/wp\/v2\/product_cat?post=5344"},{"taxonomy":"product_tag","embeddable":true,"href":"https:\/\/difrenos.com\/index.php\/wp-json\/wp\/v2\/product_tag?post=5344"}],"curies":[{"name":"wp","href":"https:\/\/api.w.org\/{rel}","templated":true}]}}