{"id":5305,"date":"2023-09-22T10:40:13","date_gmt":"2023-09-22T10:40:13","guid":{"rendered":"https:\/\/difrenos.com\/?post_type=product&#038;p=5305"},"modified":"2026-04-16T17:32:23","modified_gmt":"2026-04-16T17:32:23","slug":"husqvarna-ee3","status":"publish","type":"product","link":"https:\/\/difrenos.com\/index.php\/producto\/husqvarna-ee3\/","title":{"rendered":"Husqvarna EE3 2024"},"content":{"rendered":"<div class=\"row c-technical-data__backdrop c-technical-data__backdrop--top js-heading-row\">\n<div class=\"col-sm-12\">\n<h3 class=\"c-technical-data__heading highlight\">EE 3 es la m\u00e1quina perfecta para que los j\u00f3venes pilotos se inicien en el excitante mundo del pilotaje offroad. Impulsada por un motor el\u00e9ctrico de \u00faltima generaci\u00f3n capaz de producir 3,8 kW de potencia m\u00e1xima, la EE 3 est\u00e1 expertamente ensamblada y equipada con un chasis de cromo-molibdeno, suspensiones WP y componentes de alta calidad. Con seis modos de pilotaje, una ergonom\u00eda personalizable y una altura de asiento ajustable, la EE 3 permite a los pilotos crecer en tama\u00f1o y confianza al tiempo que aprenden los fundamentos del pilotaje offroad de forma segura y controlable. Adem\u00e1s, la innovadora EE 3 no produce pr\u00e1cticamente ning\u00fan sonido, lo que le permite ser pilotada en zonas sensibles a las emisiones ac\u00fasticas.<\/h3>\n<p>LA NUEVA EE3 (ideal para ni\u00f1os de 5-6 a\u00f1os)<\/p>\n<h3 class=\"c-technical-data__heading highlight\">Detalles T\u00e9cnicos<\/h3>\n<\/div>\n<\/div>\n<div class=\"row c-technical-data__backdrop js-data-row\">\n<div class=\"col-md-12 col-lg-6\">\n<article class=\"c-technical-data__group\">\n<h2 class=\"c-technical-data__group-heading js-group-toggle\">MOTOR<\/h2>\n<ul class=\"c-technical-data__list js-technical-data-list\">\n<li><span class=\"c-technical-data__list-label\">POTENCIA NOMINAL: <\/span><span class=\"c-technical-data__list-value\">2 kW \/ 3,200 rpm<\/span><\/li>\n<li><span class=\"c-technical-data__list-label\">PAR M\u00c1XIMO: <\/span><span class=\"c-technical-data__list-value\">10.5 Nm<\/span><\/li>\n<li><span class=\"c-technical-data__list-label\">BATER\u00cdA DE TRACCI\u00d3N: <\/span><span class=\"c-technical-data__list-value\">Iones de litio<\/span><\/li>\n<li><span class=\"c-technical-data__list-label\">CHARGER LINE VOLTAGE: <\/span><span class=\"c-technical-data__list-value\">80-240 V\/50-60 Hz<\/span><\/li>\n<li><span class=\"c-technical-data__list-label\">CHARGING POWER: <\/span><span class=\"c-technical-data__list-value\">900 W<\/span><\/li>\n<li class=\"\"><span class=\"c-technical-data__list-label\">CHARGING TIME 100 %: <\/span><span class=\"c-technical-data__list-value\">60 min.<\/span><\/li>\n<li class=\"\"><span class=\"c-technical-data__list-label\">REFRIGERACI\u00d3N: <\/span><span class=\"c-technical-data__list-value\">Refrigerado por aire<\/span><\/li>\n<li class=\"\"><span class=\"c-technical-data__list-label\">MOTOR EL\u00c9CTRICO: <\/span><span class=\"c-technical-data__list-value\">Motor el\u00e9ctrico sin escobillas de 48\u00a0V con rotor exterior<\/span><\/li>\n<li class=\"\"><span class=\"c-technical-data__list-label\">POTENCIA M\u00c1XIMA: <\/span><span class=\"c-technical-data__list-value\">3.8 kW @ 3,900 RPM<\/span><\/li>\n<\/ul>\n<\/article>\n<\/div>\n<div class=\"col-md-12 col-lg-6\">\n<article class=\"c-technical-data__group c-technical-data__group--last\">\n<h2 class=\"c-technical-data__group-heading js-group-toggle\">PARTE CICLO<\/h2>\n<ul class=\"c-technical-data__list js-technical-data-list\">\n<li><span class=\"c-technical-data__list-label\">DI\u00c1METRO DEL DISCO DE FRENO DELANTERO:<\/span><span class=\"c-technical-data__list-value\">160 mm<\/span><\/li>\n<li><span class=\"c-technical-data__list-label\">DI\u00c1METRO DEL DISCO DE FRENO TRASERO: <\/span><span class=\"c-technical-data__list-value\">160 mm<\/span><\/li>\n<li><span class=\"c-technical-data__list-label\">FRENO DELANTERO: <\/span><span class=\"c-technical-data__list-value\">Freno de disco<\/span><\/li>\n<li><span class=\"c-technical-data__list-label\">FRENO TRASERO: <\/span><span class=\"c-technical-data__list-value\">Freno de disco<\/span><\/li>\n<li><span class=\"c-technical-data__list-label\">CADENA: <\/span><span class=\"c-technical-data__list-value\">1\/2 x 3\/16&#8243;<\/span><\/li>\n<li class=\"\"><span class=\"c-technical-data__list-label\">ESTRUCTURA DEL CHASIS: <\/span><span class=\"c-technical-data__list-value\">Chasis tubular central en acero al cromo-molibdeno<\/span><\/li>\n<li class=\"\"><span class=\"c-technical-data__list-label\">SUSPENSI\u00d3N DELANTERA: <\/span><span class=\"c-technical-data__list-value\">XACT 35 WP Upside-Down fork, \u00d8 35 mm<\/span><\/li>\n<li class=\"\"><span class=\"c-technical-data__list-label\">ALTURA LIBRE AL SUELO: <\/span><span class=\"c-technical-data__list-value\">152 mm<\/span><\/li>\n<li class=\"\"><span class=\"c-technical-data__list-label\">SUSPENSI\u00d3N TRASERA: <\/span><span class=\"c-technical-data__list-value\">Monoamortiguador WP<\/span><\/li>\n<li class=\"\"><span class=\"c-technical-data__list-label\">ALTURA DEL ASIENTO: <\/span><span class=\"c-technical-data__list-value\">555 mm<\/span><\/li>\n<li class=\"\"><span class=\"c-technical-data__list-label\">\u00c1NGULO DE DIRECCI\u00d3N: <\/span><span class=\"c-technical-data__list-value\">66 \u00b0<\/span><\/li>\n<li class=\"\"><span class=\"c-technical-data__list-label\">RECORRIDO DE SUSPENSI\u00d3N DELANTERA: <\/span><span class=\"c-technical-data__list-value\">144 mm<\/span><\/li>\n<li class=\"\"><span class=\"c-technical-data__list-label\">RECORRIDO DE SUSPENSI\u00d3N TRASERA: <\/span><span class=\"c-technical-data__list-value\">133 mm<\/span><\/li>\n<\/ul>\n<\/article>\n<\/div>\n<\/div>\n","protected":false},"excerpt":{"rendered":"<p>SE VENDE POR SEPARADO, OPCIONAL, CARGADOR Y CABLE +399\u20ac\u00a0 REF. 45429074044<\/p>\n<p>PRECIO TOTAL CON CARGADOR Y CABLE 3.890\u20ac<\/p>\n","protected":false},"featured_media":5825,"template":"","meta":{"_et_pb_use_builder":"","_et_pb_old_content":"","_et_gb_content_width":""},"product_cat":[324,328,129],"product_tag":[455,406,108,114,407],"_links":{"self":[{"href":"https:\/\/difrenos.com\/index.php\/wp-json\/wp\/v2\/product\/5305"}],"collection":[{"href":"https:\/\/difrenos.com\/index.php\/wp-json\/wp\/v2\/product"}],"about":[{"href":"https:\/\/difrenos.com\/index.php\/wp-json\/wp\/v2\/types\/product"}],"wp:featuredmedia":[{"embeddable":true,"href":"https:\/\/difrenos.com\/index.php\/wp-json\/wp\/v2\/media\/5825"}],"wp:attachment":[{"href":"https:\/\/difrenos.com\/index.php\/wp-json\/wp\/v2\/media?parent=5305"}],"wp:term":[{"taxonomy":"product_cat","embeddable":true,"href":"https:\/\/difrenos.com\/index.php\/wp-json\/wp\/v2\/product_cat?post=5305"},{"taxonomy":"product_tag","embeddable":true,"href":"https:\/\/difrenos.com\/index.php\/wp-json\/wp\/v2\/product_tag?post=5305"}],"curies":[{"name":"wp","href":"https:\/\/api.w.org\/{rel}","templated":true}]}}