{"id":5177,"date":"2022-09-05T06:29:35","date_gmt":"2022-09-05T06:29:35","guid":{"rendered":"https:\/\/difrenos.com\/?post_type=product&#038;p=5177"},"modified":"2026-02-06T13:54:49","modified_gmt":"2026-02-06T13:54:49","slug":"guantes-husqvarna-bike-sf-padded","status":"publish","type":"product","link":"https:\/\/difrenos.com\/index.php\/producto\/guantes-husqvarna-bike-sf-padded\/","title":{"rendered":"Guantes Husqvarna EBike SF Padded"},"content":{"rendered":"<p>Referencias:<br \/>\n3HB220016901 Talla XS<br \/>\n3HB220016902 Talla S<br \/>\n3HB220016903 Talla M<br \/>\n3HB220016904 Talla L<\/p>\n<ul>\n<li>Espacios entre los dedos de malla<\/li>\n<li>Palma antideslizante<\/li>\n<li>Acolchado de gel c\u00f3modo<\/li>\n<li>Ayuda de extracci\u00f3n<\/li>\n<li>Detalles reflectantes<\/li>\n<li>Estampados por sublimaci\u00f3n resistentes a rayos UV y al deste\u00f1ido<\/li>\n<li>70 % nylon \/ 15 % poliuretano \/ 15 % spandex<\/li>\n<\/ul>\n","protected":false},"excerpt":{"rendered":"<p>Referencias: 3HB220016901 Talla XS 3HB220016902 Talla S 3HB220016903 Talla M 3HB220016904 Talla L Espacios entre los dedos de malla Palma antideslizante Acolchado de gel c\u00f3modo Ayuda de extracci\u00f3n Detalles reflectantes Estampados por sublimaci\u00f3n resistentes a rayos UV y al deste\u00f1ido 70 % nylon \/ 15 % poliuretano \/ 15 % spandex<\/p>\n","protected":false},"featured_media":5179,"template":"","meta":{"_et_pb_use_builder":"","_et_pb_old_content":"","_et_gb_content_width":""},"product_cat":[220,33,262],"product_tag":[52,56,323,342,108],"_links":{"self":[{"href":"https:\/\/difrenos.com\/index.php\/wp-json\/wp\/v2\/product\/5177"}],"collection":[{"href":"https:\/\/difrenos.com\/index.php\/wp-json\/wp\/v2\/product"}],"about":[{"href":"https:\/\/difrenos.com\/index.php\/wp-json\/wp\/v2\/types\/product"}],"wp:featuredmedia":[{"embeddable":true,"href":"https:\/\/difrenos.com\/index.php\/wp-json\/wp\/v2\/media\/5179"}],"wp:attachment":[{"href":"https:\/\/difrenos.com\/index.php\/wp-json\/wp\/v2\/media?parent=5177"}],"wp:term":[{"taxonomy":"product_cat","embeddable":true,"href":"https:\/\/difrenos.com\/index.php\/wp-json\/wp\/v2\/product_cat?post=5177"},{"taxonomy":"product_tag","embeddable":true,"href":"https:\/\/difrenos.com\/index.php\/wp-json\/wp\/v2\/product_tag?post=5177"}],"curies":[{"name":"wp","href":"https:\/\/api.w.org\/{rel}","templated":true}]}}