{"id":5174,"date":"2022-09-05T06:19:13","date_gmt":"2022-09-05T06:19:13","guid":{"rendered":"https:\/\/difrenos.com\/?post_type=product&#038;p=5174"},"modified":"2026-02-06T13:54:08","modified_gmt":"2026-02-06T13:54:08","slug":"guantes-husqvarna-bike-discover-sf","status":"publish","type":"product","link":"https:\/\/difrenos.com\/index.php\/producto\/guantes-husqvarna-bike-discover-sf\/","title":{"rendered":"Guantes Husqvarna EBike Discover SF"},"content":{"rendered":"<p>Referencias:<br \/>\n3HB220017002 Talla S<br \/>\n3HB220017003 Talla M<br \/>\n3HB220017004 Talla L<br \/>\n3HB220017005 Talla XL<br \/>\n3HB220017006 Talla XXL<\/p>\n<ul>\n<li>Tejido el\u00e1stico ultraligero en 4 direcciones con perforaci\u00f3n l\u00e1ser<\/li>\n<li>Espacios entre los dedos de malla<\/li>\n<li>Palma antideslizante<\/li>\n<li>Detalles reflectantes<\/li>\n<li>Dise\u00f1o exclusivo de 100% para Husqvarna E-Bicycles<\/li>\n<li>55 % poli\u00e9ster \/ 23 % nylon \/ 10 % elastano \/ 9 % poliuretano \/ 3 % goma<\/li>\n<\/ul>\n","protected":false},"excerpt":{"rendered":"<p>Referencias: 3HB220017002 Talla S 3HB220017003 Talla M 3HB220017004 Talla L 3HB220017005 Talla XL 3HB220017006 Talla XXL Tejido el\u00e1stico ultraligero en 4 direcciones con perforaci\u00f3n l\u00e1ser Espacios entre los dedos de malla Palma antideslizante Detalles reflectantes Dise\u00f1o exclusivo de 100% para Husqvarna E-Bicycles 55 % poli\u00e9ster \/ 23 % nylon \/ 10 % elastano \/ 9 [&hellip;]<\/p>\n","protected":false},"featured_media":5176,"template":"","meta":{"_et_pb_use_builder":"","_et_pb_old_content":"","_et_gb_content_width":""},"product_cat":[220,33,262],"product_tag":[52,323,342,108],"_links":{"self":[{"href":"https:\/\/difrenos.com\/index.php\/wp-json\/wp\/v2\/product\/5174"}],"collection":[{"href":"https:\/\/difrenos.com\/index.php\/wp-json\/wp\/v2\/product"}],"about":[{"href":"https:\/\/difrenos.com\/index.php\/wp-json\/wp\/v2\/types\/product"}],"wp:featuredmedia":[{"embeddable":true,"href":"https:\/\/difrenos.com\/index.php\/wp-json\/wp\/v2\/media\/5176"}],"wp:attachment":[{"href":"https:\/\/difrenos.com\/index.php\/wp-json\/wp\/v2\/media?parent=5174"}],"wp:term":[{"taxonomy":"product_cat","embeddable":true,"href":"https:\/\/difrenos.com\/index.php\/wp-json\/wp\/v2\/product_cat?post=5174"},{"taxonomy":"product_tag","embeddable":true,"href":"https:\/\/difrenos.com\/index.php\/wp-json\/wp\/v2\/product_tag?post=5174"}],"curies":[{"name":"wp","href":"https:\/\/api.w.org\/{rel}","templated":true}]}}