{"id":5138,"date":"2022-09-01T11:09:08","date_gmt":"2022-09-01T11:09:08","guid":{"rendered":"https:\/\/difrenos.com\/?post_type=product&#038;p=5138"},"modified":"2025-10-30T11:27:26","modified_gmt":"2025-10-30T11:27:26","slug":"coderas-husqvarna-e-bike-pathfinder-fortis","status":"publish","type":"product","link":"https:\/\/difrenos.com\/index.php\/producto\/coderas-husqvarna-e-bike-pathfinder-fortis\/","title":{"rendered":"Coderas Husqvarna EBike Pathfinder Fortis"},"content":{"rendered":"<p>Referencias:<br \/>\n3HB220018102 Talla S\/M<br \/>\n3HB220018104 Talla L\/XL<\/p>\n<ul>\n<li>Neopreno perforado para una transpirabilidad perfecta<\/li>\n<li>Estructura de pl\u00e1stico que absorbe colisiones con aberturas de ventilaci\u00f3n<\/li>\n<li>Acolchado de espuma posicionado estrat\u00e9gicamente y perfectamente ventilado<\/li>\n<li>Tejido el\u00e1stico de silicona que proporciona resistencia al deslizamiento<\/li>\n<li>Cinta de fijaci\u00f3n para una protecci\u00f3n adicional contra deslizamiento<\/li>\n<li>Dise\u00f1o ergon\u00f3mico, premoldeado<\/li>\n<li>Dise\u00f1o exclusivo de 100% para Husqvarna E-Bicycles<\/li>\n<li>43 % EVA \/ 17 % SBR (Caucho de estireno butadieno) \/ 14 % nylon \/ 11 % polipropileno \/ 10 % poli\u00e9ster \/ 2 % silicona \/ 1 % acero<\/li>\n<\/ul>\n","protected":false},"excerpt":{"rendered":"<p>Referencias: 3HB220018102 Talla S\/M 3HB220018104 Talla L\/XL Neopreno perforado para una transpirabilidad perfecta Estructura de pl\u00e1stico que absorbe colisiones con aberturas de ventilaci\u00f3n Acolchado de espuma posicionado estrat\u00e9gicamente y perfectamente ventilado Tejido el\u00e1stico de silicona que proporciona resistencia al deslizamiento Cinta de fijaci\u00f3n para una protecci\u00f3n adicional contra deslizamiento Dise\u00f1o ergon\u00f3mico, premoldeado Dise\u00f1o exclusivo de [&hellip;]<\/p>\n","protected":false},"featured_media":5139,"template":"","meta":{"_et_pb_use_builder":"","_et_pb_old_content":"","_et_gb_content_width":""},"product_cat":[220,33,334],"product_tag":[338,54,108,309],"_links":{"self":[{"href":"https:\/\/difrenos.com\/index.php\/wp-json\/wp\/v2\/product\/5138"}],"collection":[{"href":"https:\/\/difrenos.com\/index.php\/wp-json\/wp\/v2\/product"}],"about":[{"href":"https:\/\/difrenos.com\/index.php\/wp-json\/wp\/v2\/types\/product"}],"wp:featuredmedia":[{"embeddable":true,"href":"https:\/\/difrenos.com\/index.php\/wp-json\/wp\/v2\/media\/5139"}],"wp:attachment":[{"href":"https:\/\/difrenos.com\/index.php\/wp-json\/wp\/v2\/media?parent=5138"}],"wp:term":[{"taxonomy":"product_cat","embeddable":true,"href":"https:\/\/difrenos.com\/index.php\/wp-json\/wp\/v2\/product_cat?post=5138"},{"taxonomy":"product_tag","embeddable":true,"href":"https:\/\/difrenos.com\/index.php\/wp-json\/wp\/v2\/product_tag?post=5138"}],"curies":[{"name":"wp","href":"https:\/\/api.w.org\/{rel}","templated":true}]}}