{"id":5116,"date":"2022-09-01T06:45:39","date_gmt":"2022-09-01T06:45:39","guid":{"rendered":"https:\/\/difrenos.com\/?post_type=product&#038;p=5116"},"modified":"2025-09-03T14:36:37","modified_gmt":"2025-09-03T14:36:37","slug":"chaqueta-husqvarna-e-bike-discover-rain","status":"publish","type":"product","link":"https:\/\/difrenos.com\/index.php\/producto\/chaqueta-husqvarna-e-bike-discover-rain\/","title":{"rendered":"Chaqueta Husqvarna EBike Discover Rain"},"content":{"rendered":"<p>Referencias:<br \/>\n3HB220015603 Talla M<br \/>\n3HB220015604 Talla L<br \/>\n3HB220015605 Talla XL<br \/>\n3HB220015606 Talla XXL<\/p>\n<ul>\n<li>Cortavientos, impermeable, transpirable gracias al tejido externo de 2 capas de alto rendimiento<\/li>\n<li>Cremalleras impermeables<\/li>\n<li>Costuras selladas<\/li>\n<li>Cierre de mangas prolongado<\/li>\n<li>Ajuste \u00f3ptimo en posici\u00f3n de pilotaje (delante corta, detr\u00e1s larga)<\/li>\n<li>Detalles reflectantes<\/li>\n<li>92 % nylon \/ 8 % spandex<\/li>\n<\/ul>\n","protected":false},"excerpt":{"rendered":"<p>Referencias: 3HB220015603 Talla M 3HB220015604 Talla L 3HB220015605 Talla XL 3HB220015606 Talla XXL Cortavientos, impermeable, transpirable gracias al tejido externo de 2 capas de alto rendimiento Cremalleras impermeables Costuras selladas Cierre de mangas prolongado Ajuste \u00f3ptimo en posici\u00f3n de pilotaje (delante corta, detr\u00e1s larga) Detalles reflectantes 92 % nylon \/ 8 % spandex<\/p>\n","protected":false},"featured_media":5118,"template":"","meta":{"_et_pb_use_builder":"","_et_pb_old_content":"","_et_gb_content_width":""},"product_cat":[220,33,239],"product_tag":[315,313,108],"_links":{"self":[{"href":"https:\/\/difrenos.com\/index.php\/wp-json\/wp\/v2\/product\/5116"}],"collection":[{"href":"https:\/\/difrenos.com\/index.php\/wp-json\/wp\/v2\/product"}],"about":[{"href":"https:\/\/difrenos.com\/index.php\/wp-json\/wp\/v2\/types\/product"}],"wp:featuredmedia":[{"embeddable":true,"href":"https:\/\/difrenos.com\/index.php\/wp-json\/wp\/v2\/media\/5118"}],"wp:attachment":[{"href":"https:\/\/difrenos.com\/index.php\/wp-json\/wp\/v2\/media?parent=5116"}],"wp:term":[{"taxonomy":"product_cat","embeddable":true,"href":"https:\/\/difrenos.com\/index.php\/wp-json\/wp\/v2\/product_cat?post=5116"},{"taxonomy":"product_tag","embeddable":true,"href":"https:\/\/difrenos.com\/index.php\/wp-json\/wp\/v2\/product_tag?post=5116"}],"curies":[{"name":"wp","href":"https:\/\/api.w.org\/{rel}","templated":true}]}}