{"id":4949,"date":"2023-08-02T06:37:32","date_gmt":"2023-08-02T06:37:32","guid":{"rendered":"https:\/\/difrenos.com\/?post_type=product&#038;p=4949"},"modified":"2026-04-29T08:22:00","modified_gmt":"2026-04-29T08:22:00","slug":"casco-husqvarna-moto-9-mips-gotland-2","status":"publish","type":"product","link":"https:\/\/difrenos.com\/index.php\/producto\/casco-husqvarna-moto-9-mips-gotland-2\/","title":{"rendered":"Casco Husqvarna BELL Moto 9 Mips Gotland"},"content":{"rendered":"<p>Referencias:<br \/>\n3HS220013502 Talla S\/56<br \/>\n3HS220013504 Talla L\/59<\/p>\n<ul>\n<li>Casco offroad multifuncional con ajuste \u00f3ptimo<\/li>\n<li>Sistema Velocity Flow Ventilation (para la m\u00e1xima refrigeraci\u00f3n)<\/li>\n<li>Protector bucal con ventilaci\u00f3n integrada<\/li>\n<li>Acolchado en las mejillas Magnefusion\u2122<\/li>\n<li>Portacorreas magn\u00e9tico (Magnefusion\u2122)<\/li>\n<li>Visera totalmente ajustable con salidas de aire<\/li>\n<li>Visera con tornillos Quick Flip\u2122<\/li>\n<li>Forro interior XT-2\u00ae Extended Wear, extra\u00edble y lavable<\/li>\n<li>Peso 1.450 g (\u00b1 50 g)<\/li>\n<li>Dise\u00f1o exclusivo de Bell para Husqvarna Motorcycles<\/li>\n<\/ul>\n","protected":false},"excerpt":{"rendered":"<p>Referencias: 3HS220013502 Talla S\/56 3HS220013504 Talla L\/59 Casco offroad multifuncional con ajuste \u00f3ptimo Sistema Velocity Flow Ventilation (para la m\u00e1xima refrigeraci\u00f3n) Protector bucal con ventilaci\u00f3n integrada Acolchado en las mejillas Magnefusion\u2122 Portacorreas magn\u00e9tico (Magnefusion\u2122) Visera totalmente ajustable con salidas de aire Visera con tornillos Quick Flip\u2122 Forro interior XT-2\u00ae Extended Wear, extra\u00edble y lavable Peso [&hellip;]<\/p>\n","protected":false},"featured_media":4952,"template":"","meta":{"_et_pb_use_builder":"","_et_pb_old_content":"","_et_gb_content_width":""},"product_cat":[33,721,43,71,701],"product_tag":[322,296,108],"_links":{"self":[{"href":"https:\/\/difrenos.com\/index.php\/wp-json\/wp\/v2\/product\/4949"}],"collection":[{"href":"https:\/\/difrenos.com\/index.php\/wp-json\/wp\/v2\/product"}],"about":[{"href":"https:\/\/difrenos.com\/index.php\/wp-json\/wp\/v2\/types\/product"}],"wp:featuredmedia":[{"embeddable":true,"href":"https:\/\/difrenos.com\/index.php\/wp-json\/wp\/v2\/media\/4952"}],"wp:attachment":[{"href":"https:\/\/difrenos.com\/index.php\/wp-json\/wp\/v2\/media?parent=4949"}],"wp:term":[{"taxonomy":"product_cat","embeddable":true,"href":"https:\/\/difrenos.com\/index.php\/wp-json\/wp\/v2\/product_cat?post=4949"},{"taxonomy":"product_tag","embeddable":true,"href":"https:\/\/difrenos.com\/index.php\/wp-json\/wp\/v2\/product_tag?post=4949"}],"curies":[{"name":"wp","href":"https:\/\/api.w.org\/{rel}","templated":true}]}}