{"id":4904,"date":"2022-07-28T06:42:16","date_gmt":"2022-07-28T06:42:16","guid":{"rendered":"https:\/\/difrenos.com\/?post_type=product&#038;p=4904"},"modified":"2025-10-02T11:48:55","modified_gmt":"2025-10-02T11:48:55","slug":"guantes-gasgas-e-bike-g-enduro-lf","status":"publish","type":"product","link":"https:\/\/difrenos.com\/index.php\/producto\/guantes-gasgas-e-bike-g-enduro-lf\/","title":{"rendered":"Guantes Gas Gas E Bike G Enduro LF"},"content":{"rendered":"<p>Referencias:<br \/>\n3GB220037102 Talla S<br \/>\n3GB220037103 Talla M<br \/>\n3GB220037104 Talla L<br \/>\n3GB220037105 Talla XL<br \/>\n3GB220037106 Talla XXL<\/p>\n<ul>\n<li>Tejido el\u00e1stico ultraligero en 4 direcciones con perforaci\u00f3n l\u00e1ser<\/li>\n<li>Espacios entre los dedos de malla<\/li>\n<li>Palma antideslizante<\/li>\n<li>Punta de los dedos compatible con pantalla t\u00e1ctil<\/li>\n<li>Detalles reflectantes<\/li>\n<li>Dise\u00f1o exclusivo de 100% para GASGAS E-Bicycles<\/li>\n<li>55 % poli\u00e9ster \/ 23 % nylon \/ 10 % elastano \/ 9 % poliuretano \/ 3 % goma<\/li>\n<\/ul>\n","protected":false},"excerpt":{"rendered":"<p>Referencias: 3GB220037102 Talla S 3GB220037103 Talla M 3GB220037104 Talla L 3GB220037105 Talla XL 3GB220037106 Talla XXL Tejido el\u00e1stico ultraligero en 4 direcciones con perforaci\u00f3n l\u00e1ser Espacios entre los dedos de malla Palma antideslizante Punta de los dedos compatible con pantalla t\u00e1ctil Detalles reflectantes Dise\u00f1o exclusivo de 100% para GASGAS E-Bicycles 55 % poli\u00e9ster \/ 23 [&hellip;]<\/p>\n","protected":false},"featured_media":4906,"template":"","meta":{"_et_pb_use_builder":"","_et_pb_old_content":"","_et_gb_content_width":""},"product_cat":[220,33,707,262,759],"product_tag":[315,58,85,316],"_links":{"self":[{"href":"https:\/\/difrenos.com\/index.php\/wp-json\/wp\/v2\/product\/4904"}],"collection":[{"href":"https:\/\/difrenos.com\/index.php\/wp-json\/wp\/v2\/product"}],"about":[{"href":"https:\/\/difrenos.com\/index.php\/wp-json\/wp\/v2\/types\/product"}],"wp:featuredmedia":[{"embeddable":true,"href":"https:\/\/difrenos.com\/index.php\/wp-json\/wp\/v2\/media\/4906"}],"wp:attachment":[{"href":"https:\/\/difrenos.com\/index.php\/wp-json\/wp\/v2\/media?parent=4904"}],"wp:term":[{"taxonomy":"product_cat","embeddable":true,"href":"https:\/\/difrenos.com\/index.php\/wp-json\/wp\/v2\/product_cat?post=4904"},{"taxonomy":"product_tag","embeddable":true,"href":"https:\/\/difrenos.com\/index.php\/wp-json\/wp\/v2\/product_tag?post=4904"}],"curies":[{"name":"wp","href":"https:\/\/api.w.org\/{rel}","templated":true}]}}