{"id":4900,"date":"2022-07-28T06:37:29","date_gmt":"2022-07-28T06:37:29","guid":{"rendered":"https:\/\/difrenos.com\/?post_type=product&#038;p=4900"},"modified":"2026-01-29T12:48:57","modified_gmt":"2026-01-29T12:48:57","slug":"pantalon-gasgas-e-bike-g-trail","status":"publish","type":"product","link":"https:\/\/difrenos.com\/index.php\/producto\/pantalon-gasgas-e-bike-g-trail\/","title":{"rendered":"Pantal\u00f3n Gas Gas E Bike G Trail"},"content":{"rendered":"<p>Referencias:<br \/>\n3GB220035603 Talla M<br \/>\n3GB220035604 Talla L<\/p>\n<ul>\n<li>Material ultraligero<\/li>\n<li>Cintura del pantal\u00f3n de tama\u00f1o ajustable<\/li>\n<li>85 % poli\u00e9ster \/ 15 % spandex<\/li>\n<\/ul>\n","protected":false},"excerpt":{"rendered":"<p>Referencias: 3GB220035603 Talla M 3GB220035604 Talla L Material ultraligero Cintura del pantal\u00f3n de tama\u00f1o ajustable 85 % poli\u00e9ster \/ 15 % spandex<\/p>\n","protected":false},"featured_media":4902,"template":"","meta":{"_et_pb_use_builder":"","_et_pb_old_content":"","_et_gb_content_width":""},"product_cat":[220,33,277],"product_tag":[315,56,147],"_links":{"self":[{"href":"https:\/\/difrenos.com\/index.php\/wp-json\/wp\/v2\/product\/4900"}],"collection":[{"href":"https:\/\/difrenos.com\/index.php\/wp-json\/wp\/v2\/product"}],"about":[{"href":"https:\/\/difrenos.com\/index.php\/wp-json\/wp\/v2\/types\/product"}],"wp:featuredmedia":[{"embeddable":true,"href":"https:\/\/difrenos.com\/index.php\/wp-json\/wp\/v2\/media\/4902"}],"wp:attachment":[{"href":"https:\/\/difrenos.com\/index.php\/wp-json\/wp\/v2\/media?parent=4900"}],"wp:term":[{"taxonomy":"product_cat","embeddable":true,"href":"https:\/\/difrenos.com\/index.php\/wp-json\/wp\/v2\/product_cat?post=4900"},{"taxonomy":"product_tag","embeddable":true,"href":"https:\/\/difrenos.com\/index.php\/wp-json\/wp\/v2\/product_tag?post=4900"}],"curies":[{"name":"wp","href":"https:\/\/api.w.org\/{rel}","templated":true}]}}