{"id":4567,"date":"2022-06-10T14:17:25","date_gmt":"2022-06-10T14:17:25","guid":{"rendered":"https:\/\/onyon365.com\/df2\/?post_type=product&#038;p=3786"},"modified":"2026-03-17T13:36:43","modified_gmt":"2026-03-17T13:36:43","slug":"mochila-husqvarna-dakar","status":"publish","type":"product","link":"https:\/\/difrenos.com\/index.php\/producto\/mochila-husqvarna-dakar\/","title":{"rendered":"Mochila Husqvarna Dakar"},"content":{"rendered":"<p>Referencia: 3HS1970100<\/p>\n<ul>\n<li>Capa fresca de tela aislante que mantiene el l\u00edquido fr\u00edo durante un 30 % m\u00e1s de tiempo<\/li>\n<li>Compartimento especial antiderrame para bolsa de hidrataci\u00f3n con correa de seguridad de velcro para mantener en su sitio la bolsa y la conexi\u00f3n del tubo<\/li>\n<li>Bolsillo frontal expansible para guardar el casco o accesorios grandes<\/li>\n<li>Bolsillo superior con cremallera y forrado de fieltro para aparatos electr\u00f3nicos<\/li>\n<li>Incluye bolsa de 3 litros: pel\u00edcula de mPE\/EVA hecha a medida en EE. UU., con efecto antimicrobiano natural, sin BPA, sin sabor y sin olor<\/li>\n<li>Volumen aprox. 11,96 l<\/li>\n<li>Peso aprox. 0,9 kg<\/li>\n<li>Dise\u00f1o exclusivo de OGIO\u00ae para Husqvarna Motorcycles<\/li>\n<li>44.5 x 25.5 x 20 cm longitud x anchura x altura \/ 17.52 x 10.04 x 7.87 inch longitud x anchura x altura<\/li>\n<\/ul>\n","protected":false},"excerpt":{"rendered":"<p>Referencia: 3HS1970100 Capa fresca de tela aislante que mantiene el l\u00edquido fr\u00edo durante un 30 % m\u00e1s de tiempo Compartimento especial antiderrame para bolsa de hidrataci\u00f3n con correa de seguridad de velcro para mantener en su sitio la bolsa y la conexi\u00f3n del tubo Bolsillo frontal expansible para guardar el casco o accesorios grandes Bolsillo [&hellip;]<\/p>\n","protected":false},"featured_media":3792,"template":"","meta":{"_et_pb_use_builder":"","_et_pb_old_content":"","_et_gb_content_width":""},"product_cat":[706,215,33,701,273],"product_tag":[35,108,126],"_links":{"self":[{"href":"https:\/\/difrenos.com\/index.php\/wp-json\/wp\/v2\/product\/4567"}],"collection":[{"href":"https:\/\/difrenos.com\/index.php\/wp-json\/wp\/v2\/product"}],"about":[{"href":"https:\/\/difrenos.com\/index.php\/wp-json\/wp\/v2\/types\/product"}],"wp:featuredmedia":[{"embeddable":true,"href":"https:\/\/difrenos.com\/index.php\/wp-json\/wp\/v2\/media\/3792"}],"wp:attachment":[{"href":"https:\/\/difrenos.com\/index.php\/wp-json\/wp\/v2\/media?parent=4567"}],"wp:term":[{"taxonomy":"product_cat","embeddable":true,"href":"https:\/\/difrenos.com\/index.php\/wp-json\/wp\/v2\/product_cat?post=4567"},{"taxonomy":"product_tag","embeddable":true,"href":"https:\/\/difrenos.com\/index.php\/wp-json\/wp\/v2\/product_tag?post=4567"}],"curies":[{"name":"wp","href":"https:\/\/api.w.org\/{rel}","templated":true}]}}