{"id":4560,"date":"2022-06-10T13:04:28","date_gmt":"2022-06-10T13:04:28","guid":{"rendered":"https:\/\/onyon365.com\/df2\/?post_type=product&#038;p=3775"},"modified":"2026-03-17T13:36:36","modified_gmt":"2026-03-17T13:36:36","slug":"mochila-husqvarna-baja","status":"publish","type":"product","link":"https:\/\/difrenos.com\/index.php\/producto\/mochila-husqvarna-baja\/","title":{"rendered":"Mochila Husqvarna Baja Backpack"},"content":{"rendered":"<p>Referencia: 3HS210040200<\/p>\n<ul>\n<li>Capa fresca de tela aislante que mantiene el l\u00edquido fr\u00edo durante un 30 % m\u00e1s de tiempo<\/li>\n<li>Compartimento especial antiderrame para bolsa de hidrataci\u00f3n con correa de seguridad de velcro para mantener en su sitio la bolsa y la conexi\u00f3n del tubo<\/li>\n<li>Bolsillo frontal expansible para guardar el casco o accesorios grandes<\/li>\n<li>Bolsillo superior con cremallera y forrado de fieltro para aparatos electr\u00f3nicos<\/li>\n<li>Incluye bolsa de 2 litros: pel\u00edcula de MPE\/EVA hecha a medida en EE. UU., con efecto antimicrobiano natural, sin BPA, sin sabor y sin olo<\/li>\n<li>Dise\u00f1o exclusivo de OGIO\u00ae para Husqvarna Motorcycles<\/li>\n<\/ul>\n","protected":false},"excerpt":{"rendered":"<p>Referencia: 3HS210040200 Capa fresca de tela aislante que mantiene el l\u00edquido fr\u00edo durante un 30 % m\u00e1s de tiempo Compartimento especial antiderrame para bolsa de hidrataci\u00f3n con correa de seguridad de velcro para mantener en su sitio la bolsa y la conexi\u00f3n del tubo Bolsillo frontal expansible para guardar el casco o accesorios grandes Bolsillo [&hellip;]<\/p>\n","protected":false},"featured_media":3782,"template":"","meta":{"_et_pb_use_builder":"","_et_pb_old_content":"","_et_gb_content_width":""},"product_cat":[215,706,33,701,273],"product_tag":[35,52,432,108,371],"_links":{"self":[{"href":"https:\/\/difrenos.com\/index.php\/wp-json\/wp\/v2\/product\/4560"}],"collection":[{"href":"https:\/\/difrenos.com\/index.php\/wp-json\/wp\/v2\/product"}],"about":[{"href":"https:\/\/difrenos.com\/index.php\/wp-json\/wp\/v2\/types\/product"}],"wp:featuredmedia":[{"embeddable":true,"href":"https:\/\/difrenos.com\/index.php\/wp-json\/wp\/v2\/media\/3782"}],"wp:attachment":[{"href":"https:\/\/difrenos.com\/index.php\/wp-json\/wp\/v2\/media?parent=4560"}],"wp:term":[{"taxonomy":"product_cat","embeddable":true,"href":"https:\/\/difrenos.com\/index.php\/wp-json\/wp\/v2\/product_cat?post=4560"},{"taxonomy":"product_tag","embeddable":true,"href":"https:\/\/difrenos.com\/index.php\/wp-json\/wp\/v2\/product_tag?post=4560"}],"curies":[{"name":"wp","href":"https:\/\/api.w.org\/{rel}","templated":true}]}}