{"id":4551,"date":"2022-06-09T06:54:07","date_gmt":"2022-06-09T06:54:07","guid":{"rendered":"https:\/\/onyon365.com\/df2\/?post_type=product&#038;p=3748"},"modified":"2026-02-03T12:37:18","modified_gmt":"2026-02-03T12:37:18","slug":"camiseta-husqvarna-kids-remote","status":"publish","type":"product","link":"https:\/\/difrenos.com\/index.php\/producto\/camiseta-husqvarna-kids-remote\/","title":{"rendered":"Camiseta Husqvarna Kids Remote"},"content":{"rendered":"<p>Referencias:<br \/>\n-3HS210038906 Talla 128\/-6-8<br \/>\n&#8211; 3HS210038907 Talla 140\/8-10<br \/>\n&#8211; 3HS210038908 Talla 152\/10-12<br \/>\n&#8211; 3HS210038909 Talla 164\/12-14<\/p>\n<ul>\n<li>Sensaci\u00f3n t\u00e1ctil natural<\/li>\n<li>Mangas ragl\u00e1n<\/li>\n<li>Material drirelease COTTON<\/li>\n<li>81 % poli\u00e9ster \/ 14 % algod\u00f3n \/ 5 % elastano<\/li>\n<\/ul>\n","protected":false},"excerpt":{"rendered":"<p>Referencias: -3HS210038906 Talla 128\/-6-8 &#8211; 3HS210038907 Talla 140\/8-10 &#8211; 3HS210038908 Talla 152\/10-12 &#8211; 3HS210038909 Talla 164\/12-14 Sensaci\u00f3n t\u00e1ctil natural Mangas ragl\u00e1n Material drirelease COTTON 81 % poli\u00e9ster \/ 14 % algod\u00f3n \/ 5 % elastano<\/p>\n","protected":false},"featured_media":3752,"template":"","meta":{"_et_pb_use_builder":"","_et_pb_old_content":"","_et_gb_content_width":""},"product_cat":[33,755,224,237,701,116],"product_tag":[38,48,108,118],"_links":{"self":[{"href":"https:\/\/difrenos.com\/index.php\/wp-json\/wp\/v2\/product\/4551"}],"collection":[{"href":"https:\/\/difrenos.com\/index.php\/wp-json\/wp\/v2\/product"}],"about":[{"href":"https:\/\/difrenos.com\/index.php\/wp-json\/wp\/v2\/types\/product"}],"wp:featuredmedia":[{"embeddable":true,"href":"https:\/\/difrenos.com\/index.php\/wp-json\/wp\/v2\/media\/3752"}],"wp:attachment":[{"href":"https:\/\/difrenos.com\/index.php\/wp-json\/wp\/v2\/media?parent=4551"}],"wp:term":[{"taxonomy":"product_cat","embeddable":true,"href":"https:\/\/difrenos.com\/index.php\/wp-json\/wp\/v2\/product_cat?post=4551"},{"taxonomy":"product_tag","embeddable":true,"href":"https:\/\/difrenos.com\/index.php\/wp-json\/wp\/v2\/product_tag?post=4551"}],"curies":[{"name":"wp","href":"https:\/\/api.w.org\/{rel}","templated":true}]}}