{"id":4543,"date":"2022-06-07T06:58:27","date_gmt":"2022-06-07T06:58:27","guid":{"rendered":"https:\/\/onyon365.com\/df2\/?post_type=product&#038;p=3715"},"modified":"2026-02-16T13:20:21","modified_gmt":"2026-02-16T13:20:21","slug":"casco-ls2-ff-353-rapid-single-mono","status":"publish","type":"product","link":"https:\/\/difrenos.com\/index.php\/producto\/casco-ls2-ff-353-rapid-single-mono\/","title":{"rendered":"Casco LS2  F 353 Rapid"},"content":{"rendered":"<p>Calota fabricada en HPTT (High Pressure Thermoplastic Teccnology) una mezcla de ABS inyectado.<br \/>\nCalota extra ovalada.<br \/>\n1 tama\u00f1os de calota para un mejor ajuste a cada talla.<br \/>\nEPS de multi densidad y canalizado.<br \/>\nPantalla clara de policarbonato con tratamiento antirayas y protecci\u00f3n UV. Predisposici\u00f3n para l\u00e1mina antivaho Pinlock (no incluida).<br \/>\nMecanismo de extracci\u00f3n r\u00e1pida de la pantalla.<br \/>\nSistema de ventilaci\u00f3n con entradas de aire frontales (en la parte superior y en la mentonera) y salida trasera para una buena circulaci\u00f3n del flujo de aire. Las entradas frontales pueden abrirse y cerrarse.<br \/>\nInterior totalmente desmontable y lavable fabricado en tejido transpirable y antibacteriano.<br \/>\nAcolchados interiores pre-formados por corte l\u00e1ser para una excelente ergonom\u00eda.<br \/>\nCollar\u00edn.<br \/>\nCubrebarbilla de serie.<\/p>\n","protected":false},"excerpt":{"rendered":"<p>Talla XXL\/63<\/p>\n","protected":false},"featured_media":3723,"template":"","meta":{"_et_pb_use_builder":"","_et_pb_old_content":"","_et_gb_content_width":""},"product_cat":[33,227,43,269,363],"product_tag":[41,122],"_links":{"self":[{"href":"https:\/\/difrenos.com\/index.php\/wp-json\/wp\/v2\/product\/4543"}],"collection":[{"href":"https:\/\/difrenos.com\/index.php\/wp-json\/wp\/v2\/product"}],"about":[{"href":"https:\/\/difrenos.com\/index.php\/wp-json\/wp\/v2\/types\/product"}],"wp:featuredmedia":[{"embeddable":true,"href":"https:\/\/difrenos.com\/index.php\/wp-json\/wp\/v2\/media\/3723"}],"wp:attachment":[{"href":"https:\/\/difrenos.com\/index.php\/wp-json\/wp\/v2\/media?parent=4543"}],"wp:term":[{"taxonomy":"product_cat","embeddable":true,"href":"https:\/\/difrenos.com\/index.php\/wp-json\/wp\/v2\/product_cat?post=4543"},{"taxonomy":"product_tag","embeddable":true,"href":"https:\/\/difrenos.com\/index.php\/wp-json\/wp\/v2\/product_tag?post=4543"}],"curies":[{"name":"wp","href":"https:\/\/api.w.org\/{rel}","templated":true}]}}