{"id":4525,"date":"2022-06-02T15:42:45","date_gmt":"2022-06-02T15:42:45","guid":{"rendered":"https:\/\/onyon365.com\/df2\/?post_type=product&#038;p=3680"},"modified":"2026-02-10T11:59:15","modified_gmt":"2026-02-10T11:59:15","slug":"pantalon-husqvarna-accelerate","status":"publish","type":"product","link":"https:\/\/difrenos.com\/index.php\/producto\/pantalon-husqvarna-accelerate\/","title":{"rendered":"Pantal\u00f3n corto Husqvarna Accelerate"},"content":{"rendered":"<p>Referencias:<br \/>\n3HS200011402 Talla S<br \/>\n3HS200011404 Talla L<br \/>\n3HS200011405 Talla XL<\/p>\n<ul>\n<li>Made in Europe<\/li>\n<li>Transpirable<\/li>\n<li>El\u00e1stico en 4 direcciones<\/li>\n<li>Cinturilla del pantal\u00f3n con goma el\u00e1stica<\/li>\n<li>Bolsillo trasero con cremallera<\/li>\n<li>Logotipo serigrafiado<\/li>\n<li>Espuma de pantal\u00f3n sellada<\/li>\n<li>Ranura lateral<\/li>\n<li>Estilo de vida 24h<\/li>\n<\/ul>\n","protected":false},"excerpt":{"rendered":"<p>Referencias: 3HS200011402 Talla S 3HS200011404 Talla L 3HS200011405 Talla XL Made in Europe Transpirable El\u00e1stico en 4 direcciones Cinturilla del pantal\u00f3n con goma el\u00e1stica Bolsillo trasero con cremallera Logotipo serigrafiado Espuma de pantal\u00f3n sellada Ranura lateral Estilo de vida 24h<\/p>\n","protected":false},"featured_media":3687,"template":"","meta":{"_et_pb_use_builder":"","_et_pb_old_content":"","_et_gb_content_width":""},"product_cat":[33,236,701,149],"product_tag":[48,108,147],"_links":{"self":[{"href":"https:\/\/difrenos.com\/index.php\/wp-json\/wp\/v2\/product\/4525"}],"collection":[{"href":"https:\/\/difrenos.com\/index.php\/wp-json\/wp\/v2\/product"}],"about":[{"href":"https:\/\/difrenos.com\/index.php\/wp-json\/wp\/v2\/types\/product"}],"wp:featuredmedia":[{"embeddable":true,"href":"https:\/\/difrenos.com\/index.php\/wp-json\/wp\/v2\/media\/3687"}],"wp:attachment":[{"href":"https:\/\/difrenos.com\/index.php\/wp-json\/wp\/v2\/media?parent=4525"}],"wp:term":[{"taxonomy":"product_cat","embeddable":true,"href":"https:\/\/difrenos.com\/index.php\/wp-json\/wp\/v2\/product_cat?post=4525"},{"taxonomy":"product_tag","embeddable":true,"href":"https:\/\/difrenos.com\/index.php\/wp-json\/wp\/v2\/product_tag?post=4525"}],"curies":[{"name":"wp","href":"https:\/\/api.w.org\/{rel}","templated":true}]}}