{"id":4503,"date":"2022-05-26T06:32:09","date_gmt":"2022-05-26T06:32:09","guid":{"rendered":"https:\/\/onyon365.com\/df2\/?post_type=product&#038;p=3572"},"modified":"2026-02-10T11:49:54","modified_gmt":"2026-02-10T11:49:54","slug":"collarin-husqvarna-gpx-3-5-2","status":"publish","type":"product","link":"https:\/\/difrenos.com\/index.php\/producto\/collarin-husqvarna-gpx-3-5-2\/","title":{"rendered":"Collar\u00edn Husqvarna Gpx 3.5"},"content":{"rendered":"<p>Referencias:<br \/>\n&#8211; 3HS200021202 Talla S\/M<br \/>\n&#8211; 3HS200021203 Talla L\/XL<\/p>\n<ul>\n<li>Collar\u00edn ligero de altas prestaciones<\/li>\n<li>Integridad estructural y resistencia de la estructura frente a energ\u00edas de impacto potentes al producirse una colisi\u00f3n<\/li>\n<li>Forma tridimensional para un mayor confort<\/li>\n<li>Dise\u00f1o exclusivo de Leatt para Husqvarna Motorcycles<\/li>\n<\/ul>\n<p>&nbsp;<\/p>\n","protected":false},"excerpt":{"rendered":"<p>Referencias: &#8211; 3HS200021202 Talla S\/M &#8211; 3HS200021203 Talla L\/XL Collar\u00edn ligero de altas prestaciones Integridad estructural y resistencia de la estructura frente a energ\u00edas de impacto potentes al producirse una colisi\u00f3n Forma tridimensional para un mayor confort Dise\u00f1o exclusivo de Leatt para Husqvarna Motorcycles &nbsp;<\/p>\n","protected":false},"featured_media":3574,"template":"","meta":{"_et_pb_use_builder":"","_et_pb_old_content":"","_et_gb_content_width":""},"product_cat":[33,242,701,753,166],"product_tag":[530,108,309],"_links":{"self":[{"href":"https:\/\/difrenos.com\/index.php\/wp-json\/wp\/v2\/product\/4503"}],"collection":[{"href":"https:\/\/difrenos.com\/index.php\/wp-json\/wp\/v2\/product"}],"about":[{"href":"https:\/\/difrenos.com\/index.php\/wp-json\/wp\/v2\/types\/product"}],"wp:featuredmedia":[{"embeddable":true,"href":"https:\/\/difrenos.com\/index.php\/wp-json\/wp\/v2\/media\/3574"}],"wp:attachment":[{"href":"https:\/\/difrenos.com\/index.php\/wp-json\/wp\/v2\/media?parent=4503"}],"wp:term":[{"taxonomy":"product_cat","embeddable":true,"href":"https:\/\/difrenos.com\/index.php\/wp-json\/wp\/v2\/product_cat?post=4503"},{"taxonomy":"product_tag","embeddable":true,"href":"https:\/\/difrenos.com\/index.php\/wp-json\/wp\/v2\/product_tag?post=4503"}],"curies":[{"name":"wp","href":"https:\/\/api.w.org\/{rel}","templated":true}]}}