{"id":4502,"date":"2022-05-26T06:25:03","date_gmt":"2022-05-26T06:25:03","guid":{"rendered":"https:\/\/onyon365.com\/df2\/?post_type=product&#038;p=3568"},"modified":"2026-02-10T20:53:46","modified_gmt":"2026-02-10T20:53:46","slug":"peto-husqvarna-kids-4-5-2","status":"publish","type":"product","link":"https:\/\/difrenos.com\/index.php\/producto\/peto-husqvarna-kids-4-5-2\/","title":{"rendered":"Peto Protector Husqvarna Kids 4.5"},"content":{"rendered":"<p>Referencias:<br \/>\n&#8211; 3HS1997202 Talla S\/M<br \/>\n&#8211; 3HS1997204 Talla L\/XL<\/p>\n<ul>\n<li>Protector infantil para el cuerpo, ligero y de primera calidad<\/li>\n<li>Alta transpiraci\u00f3n mediante el uso de malla ventilada<\/li>\n<li>Construcci\u00f3n FlipFit para una perfecta integraci\u00f3n del Neck-Brace<\/li>\n<li>Forma tridimensional para un mayor confort<\/li>\n<li>Dise\u00f1o exclusivo de Leatt para Husqvarna Motorcycles<\/li>\n<\/ul>\n","protected":false},"excerpt":{"rendered":"<p>Referencias: &#8211; 3HS1997202 Talla S\/M &#8211; 3HS1997204 Talla L\/XL Protector infantil para el cuerpo, ligero y de primera calidad Alta transpiraci\u00f3n mediante el uso de malla ventilada Construcci\u00f3n FlipFit para una perfecta integraci\u00f3n del Neck-Brace Forma tridimensional para un mayor confort Dise\u00f1o exclusivo de Leatt para Husqvarna Motorcycles<\/p>\n","protected":false},"featured_media":3570,"template":"","meta":{"_et_pb_use_builder":"","_et_pb_old_content":"","_et_gb_content_width":""},"product_cat":[33,116,167],"product_tag":[108,117,309],"_links":{"self":[{"href":"https:\/\/difrenos.com\/index.php\/wp-json\/wp\/v2\/product\/4502"}],"collection":[{"href":"https:\/\/difrenos.com\/index.php\/wp-json\/wp\/v2\/product"}],"about":[{"href":"https:\/\/difrenos.com\/index.php\/wp-json\/wp\/v2\/types\/product"}],"wp:featuredmedia":[{"embeddable":true,"href":"https:\/\/difrenos.com\/index.php\/wp-json\/wp\/v2\/media\/3570"}],"wp:attachment":[{"href":"https:\/\/difrenos.com\/index.php\/wp-json\/wp\/v2\/media?parent=4502"}],"wp:term":[{"taxonomy":"product_cat","embeddable":true,"href":"https:\/\/difrenos.com\/index.php\/wp-json\/wp\/v2\/product_cat?post=4502"},{"taxonomy":"product_tag","embeddable":true,"href":"https:\/\/difrenos.com\/index.php\/wp-json\/wp\/v2\/product_tag?post=4502"}],"curies":[{"name":"wp","href":"https:\/\/api.w.org\/{rel}","templated":true}]}}