{"id":4472,"date":"2022-05-19T07:19:27","date_gmt":"2022-05-19T07:19:27","guid":{"rendered":"https:\/\/onyon365.com\/df2\/?post_type=product&#038;p=3444"},"modified":"2026-02-03T13:52:08","modified_gmt":"2026-02-03T13:52:08","slug":"chaqueta-husqvarna-remote-midlayer","status":"publish","type":"product","link":"https:\/\/difrenos.com\/index.php\/producto\/chaqueta-husqvarna-remote-midlayer\/","title":{"rendered":"Chaqueta Husqvarna Remote Midlayer"},"content":{"rendered":"<p>Referencias:<br \/>\n3HS20001703 Talla M<br \/>\n3HS20001705 Talla XL<\/p>\n<ul>\n<li>Made in Europe<\/li>\n<li>Transpirable<\/li>\n<li>Gesti\u00f3n de la humedad<\/li>\n<li>Gesti\u00f3n de los olores<\/li>\n<li>Secado r\u00e1pido<\/li>\n<li>Sensaci\u00f3n t\u00e1ctil natural<\/li>\n<li>Cierre de mangas prolongado<\/li>\n<li>Mangas ragl\u00e1n<\/li>\n<li>El\u00e1stico en 4 direcciones<\/li>\n<li>Bolsillos laterales con cremallera<\/li>\n<li>Logotipo serigrafiado<\/li>\n<li>Estilo de vida 24h<\/li>\n<li>Material Tecnowool\u00ae<\/li>\n<\/ul>\n","protected":false},"excerpt":{"rendered":"<p>Referencias: 3HS20001703 Talla M 3HS20001705 Talla XL Made in Europe Transpirable Gesti\u00f3n de la humedad Gesti\u00f3n de los olores Secado r\u00e1pido Sensaci\u00f3n t\u00e1ctil natural Cierre de mangas prolongado Mangas ragl\u00e1n El\u00e1stico en 4 direcciones Bolsillos laterales con cremallera Logotipo serigrafiado Estilo de vida 24h Material Tecnowool\u00ae<\/p>\n","protected":false},"featured_media":3448,"template":"","meta":{"_et_pb_use_builder":"","_et_pb_old_content":"","_et_gb_content_width":""},"product_cat":[33,235,51,754,701],"product_tag":[391,108],"_links":{"self":[{"href":"https:\/\/difrenos.com\/index.php\/wp-json\/wp\/v2\/product\/4472"}],"collection":[{"href":"https:\/\/difrenos.com\/index.php\/wp-json\/wp\/v2\/product"}],"about":[{"href":"https:\/\/difrenos.com\/index.php\/wp-json\/wp\/v2\/types\/product"}],"wp:featuredmedia":[{"embeddable":true,"href":"https:\/\/difrenos.com\/index.php\/wp-json\/wp\/v2\/media\/3448"}],"wp:attachment":[{"href":"https:\/\/difrenos.com\/index.php\/wp-json\/wp\/v2\/media?parent=4472"}],"wp:term":[{"taxonomy":"product_cat","embeddable":true,"href":"https:\/\/difrenos.com\/index.php\/wp-json\/wp\/v2\/product_cat?post=4472"},{"taxonomy":"product_tag","embeddable":true,"href":"https:\/\/difrenos.com\/index.php\/wp-json\/wp\/v2\/product_tag?post=4472"}],"curies":[{"name":"wp","href":"https:\/\/api.w.org\/{rel}","templated":true}]}}