{"id":4461,"date":"2022-05-11T13:44:22","date_gmt":"2022-05-11T13:44:22","guid":{"rendered":"https:\/\/onyon365.com\/df2\/?post_type=product&#038;p=3240"},"modified":"2026-02-10T12:06:30","modified_gmt":"2026-02-10T12:06:30","slug":"pantalon-husqvarna-gotland-2021-2","status":"publish","type":"product","link":"https:\/\/difrenos.com\/index.php\/producto\/pantalon-husqvarna-gotland-2021-2\/","title":{"rendered":"Pantal\u00f3n Husqvarna Gotland"},"content":{"rendered":"<p>Referencias:<br \/>\n3HS210032705 Talla XL\/36<br \/>\n3HS210032706 Talla XXL\/38<\/p>\n<ul>\n<li>Pantal\u00f3n offroad ligero y robusto<\/li>\n<li>Inserciones de malla<\/li>\n<li>Resistente mezcla de materiales de nailon y poli\u00e9ster<\/li>\n<li>Reforzado con Cordura\u00ae<\/li>\n<li>Refuerzo para las rodillas de cuero resistente al calor y a la abrasi\u00f3n<\/li>\n<li>Tobillos sin el\u00e1sticos<\/li>\n<li>Inserciones el\u00e1sticas en zonas de movimiento intenso<\/li>\n<\/ul>\n","protected":false},"excerpt":{"rendered":"<p>Referencias: 3HS210032705 Talla XL\/36 3HS210032706 Talla XXL\/38 Pantal\u00f3n offroad ligero y robusto Inserciones de malla Resistente mezcla de materiales de nailon y poli\u00e9ster Reforzado con Cordura\u00ae Refuerzo para las rodillas de cuero resistente al calor y a la abrasi\u00f3n Tobillos sin el\u00e1sticos Inserciones el\u00e1sticas en zonas de movimiento intenso<\/p>\n","protected":false},"featured_media":3242,"template":"","meta":{"_et_pb_use_builder":"","_et_pb_old_content":"","_et_gb_content_width":""},"product_cat":[33,254,701,781,149],"product_tag":[52,296,108],"_links":{"self":[{"href":"https:\/\/difrenos.com\/index.php\/wp-json\/wp\/v2\/product\/4461"}],"collection":[{"href":"https:\/\/difrenos.com\/index.php\/wp-json\/wp\/v2\/product"}],"about":[{"href":"https:\/\/difrenos.com\/index.php\/wp-json\/wp\/v2\/types\/product"}],"wp:featuredmedia":[{"embeddable":true,"href":"https:\/\/difrenos.com\/index.php\/wp-json\/wp\/v2\/media\/3242"}],"wp:attachment":[{"href":"https:\/\/difrenos.com\/index.php\/wp-json\/wp\/v2\/media?parent=4461"}],"wp:term":[{"taxonomy":"product_cat","embeddable":true,"href":"https:\/\/difrenos.com\/index.php\/wp-json\/wp\/v2\/product_cat?post=4461"},{"taxonomy":"product_tag","embeddable":true,"href":"https:\/\/difrenos.com\/index.php\/wp-json\/wp\/v2\/product_tag?post=4461"}],"curies":[{"name":"wp","href":"https:\/\/api.w.org\/{rel}","templated":true}]}}