{"id":4448,"date":"2022-05-11T08:02:11","date_gmt":"2022-05-11T08:02:11","guid":{"rendered":"https:\/\/onyon365.com\/df2\/?post_type=product&#038;p=3187"},"modified":"2026-02-02T12:59:34","modified_gmt":"2026-02-02T12:59:34","slug":"guantes-hebo-stratos","status":"publish","type":"product","link":"https:\/\/difrenos.com\/index.php\/producto\/guantes-hebo-stratos\/","title":{"rendered":"Guantes Hebo Stratos Negro"},"content":{"rendered":"<p>Referencias:<br \/>\nHE1240XSN Talla XS<br \/>\nHE1240MN Talla M<br \/>\nHE1240LN Talla L<\/p>\n<p>El dorso est\u00e1 fabricado en material el\u00e1stico cuadrille combinado con un panel de airpreno preformado lo que aumenta su resistencia a cualquier impacto. La palma de Nanofront es de una \u00fanica pieza. Su patr\u00f3n precurvado aumenta su ergonom\u00eda. El ajuste a la mu\u00f1eca se realiza gracias a una cinta de velcro. En el dorso se encuentra la letra hache que es el logotipo de Hebo, la marca fabricante. Est\u00e1 fabricado con goma sonic welding de enorme resistencia a las rozaduras y que protege el dorso de la mano con indudable eficacia. Son imprescindibles para los pilotos de las motocicletas MX y ENDURO.<\/p>\n","protected":false},"excerpt":{"rendered":"<p>Fabricado en tejido transpirable y c\u00f3modo.<\/p>\n","protected":false},"featured_media":3194,"template":"","meta":{"_et_pb_use_builder":"","_et_pb_old_content":"","_et_gb_content_width":""},"product_cat":[33,255,100,711],"product_tag":[296,342,105],"_links":{"self":[{"href":"https:\/\/difrenos.com\/index.php\/wp-json\/wp\/v2\/product\/4448"}],"collection":[{"href":"https:\/\/difrenos.com\/index.php\/wp-json\/wp\/v2\/product"}],"about":[{"href":"https:\/\/difrenos.com\/index.php\/wp-json\/wp\/v2\/types\/product"}],"wp:featuredmedia":[{"embeddable":true,"href":"https:\/\/difrenos.com\/index.php\/wp-json\/wp\/v2\/media\/3194"}],"wp:attachment":[{"href":"https:\/\/difrenos.com\/index.php\/wp-json\/wp\/v2\/media?parent=4448"}],"wp:term":[{"taxonomy":"product_cat","embeddable":true,"href":"https:\/\/difrenos.com\/index.php\/wp-json\/wp\/v2\/product_cat?post=4448"},{"taxonomy":"product_tag","embeddable":true,"href":"https:\/\/difrenos.com\/index.php\/wp-json\/wp\/v2\/product_tag?post=4448"}],"curies":[{"name":"wp","href":"https:\/\/api.w.org\/{rel}","templated":true}]}}