{"id":4447,"date":"2022-05-11T07:54:16","date_gmt":"2022-05-11T07:54:16","guid":{"rendered":"https:\/\/onyon365.com\/df2\/?post_type=product&#038;p=3183"},"modified":"2026-02-02T12:04:40","modified_gmt":"2026-02-02T12:04:40","slug":"chaqueta-hebo-sentinel","status":"publish","type":"product","link":"https:\/\/difrenos.com\/index.php\/producto\/chaqueta-hebo-sentinel\/","title":{"rendered":"Chaqueta Hebo Sentinel"},"content":{"rendered":"<p>Referencia:<br \/>\nHE4150LN Talla L<\/p>\n<p>La chaqueta Sentinel de HEBO est\u00e1 fabricada en poliamida de alta calidad. Es multifuncional, y cuenta con un tejido cortavientos en los paneles frontales. En las mangas tambi\u00e9n dispone de tejido t\u00e9rmico cortavientos y otro de tipo el\u00e1stico transpirable para mantener la piel seca en todo momento. Adem\u00e1s, las mangas pueden desmontarse, y tiene ventilaciones traseras y delanteras que permiten mantener el correcto flujo del aire, evitando que se acumule la humedad del cuerpo en el interior de la chaqueta. Para facilitar el almacenaje, en los laterales hay dos bolsillos con cremallera que permiten transportar f\u00e1cilmente el tel\u00e9fono m\u00f3vil o la documentaci\u00f3n.<\/p>\n","protected":false},"excerpt":{"rendered":"<p>Talla L.<\/p>\n","protected":false},"featured_media":3186,"template":"","meta":{"_et_pb_use_builder":"","_et_pb_old_content":"","_et_gb_content_width":""},"product_cat":[33,51,69,711],"product_tag":[391,105],"_links":{"self":[{"href":"https:\/\/difrenos.com\/index.php\/wp-json\/wp\/v2\/product\/4447"}],"collection":[{"href":"https:\/\/difrenos.com\/index.php\/wp-json\/wp\/v2\/product"}],"about":[{"href":"https:\/\/difrenos.com\/index.php\/wp-json\/wp\/v2\/types\/product"}],"wp:featuredmedia":[{"embeddable":true,"href":"https:\/\/difrenos.com\/index.php\/wp-json\/wp\/v2\/media\/3186"}],"wp:attachment":[{"href":"https:\/\/difrenos.com\/index.php\/wp-json\/wp\/v2\/media?parent=4447"}],"wp:term":[{"taxonomy":"product_cat","embeddable":true,"href":"https:\/\/difrenos.com\/index.php\/wp-json\/wp\/v2\/product_cat?post=4447"},{"taxonomy":"product_tag","embeddable":true,"href":"https:\/\/difrenos.com\/index.php\/wp-json\/wp\/v2\/product_tag?post=4447"}],"curies":[{"name":"wp","href":"https:\/\/api.w.org\/{rel}","templated":true}]}}