{"id":4446,"date":"2022-05-11T07:48:46","date_gmt":"2022-05-11T07:48:46","guid":{"rendered":"https:\/\/onyon365.com\/df2\/?post_type=product&#038;p=3181"},"modified":"2026-04-17T08:38:32","modified_gmt":"2026-04-17T08:38:32","slug":"gafas-hebo-gravity-ii","status":"publish","type":"product","link":"https:\/\/difrenos.com\/index.php\/producto\/gafas-hebo-gravity-ii\/","title":{"rendered":"Gafas Hebo Gravity II"},"content":{"rendered":"<p>Referencias:<br \/>\nHG2003N Negro<\/p>\n<ul>\n<li>Tiene un peso 160 gr que las convierte en una opci\u00f3n ideal para las sesiones m\u00e1s largas<\/li>\n<li>Cinta el\u00e1stica de silicona con silicona que evita los movimientos indeseados en los tramos m\u00e1s dif\u00edciles<\/li>\n<li>Sus lentes son desmontables e intercambiables<\/li>\n<li>Tratamiento antivaho y antirrayaduras<\/li>\n<li>Protecci\u00f3n UV<\/li>\n<li>Cuenta con flujo de aire direccional que evita acumulaci\u00f3n de humedad en el interior y facilita una correcta ventilaci\u00f3n<\/li>\n<li>En el paquete se incluye una bolsa y un pa\u00f1o de limpieza<\/li>\n<\/ul>\n","protected":false},"excerpt":{"rendered":"<p>Referencias: HG2003N Negro Tiene un peso 160 gr que las convierte en una opci\u00f3n ideal para las sesiones m\u00e1s largas Cinta el\u00e1stica de silicona con silicona que evita los movimientos indeseados en los tramos m\u00e1s dif\u00edciles Sus lentes son desmontables e intercambiables Tratamiento antivaho y antirrayaduras Protecci\u00f3n UV Cuenta con flujo de aire direccional que [&hellip;]<\/p>\n","protected":false},"featured_media":3183,"template":"","meta":{"_et_pb_use_builder":"","_et_pb_old_content":"","_et_gb_content_width":""},"product_cat":[215,33,257,711],"product_tag":[296,105,142],"_links":{"self":[{"href":"https:\/\/difrenos.com\/index.php\/wp-json\/wp\/v2\/product\/4446"}],"collection":[{"href":"https:\/\/difrenos.com\/index.php\/wp-json\/wp\/v2\/product"}],"about":[{"href":"https:\/\/difrenos.com\/index.php\/wp-json\/wp\/v2\/types\/product"}],"wp:featuredmedia":[{"embeddable":true,"href":"https:\/\/difrenos.com\/index.php\/wp-json\/wp\/v2\/media\/3183"}],"wp:attachment":[{"href":"https:\/\/difrenos.com\/index.php\/wp-json\/wp\/v2\/media?parent=4446"}],"wp:term":[{"taxonomy":"product_cat","embeddable":true,"href":"https:\/\/difrenos.com\/index.php\/wp-json\/wp\/v2\/product_cat?post=4446"},{"taxonomy":"product_tag","embeddable":true,"href":"https:\/\/difrenos.com\/index.php\/wp-json\/wp\/v2\/product_tag?post=4446"}],"curies":[{"name":"wp","href":"https:\/\/api.w.org\/{rel}","templated":true}]}}