{"id":4444,"date":"2022-05-11T06:54:13","date_gmt":"2022-05-11T06:54:13","guid":{"rendered":"https:\/\/onyon365.com\/df2\/?post_type=product&#038;p=3162"},"modified":"2026-02-06T12:39:58","modified_gmt":"2026-02-06T12:39:58","slug":"camiseta-husqvarna-bike-discover-1-2-zip-2-2","status":"publish","type":"product","link":"https:\/\/difrenos.com\/index.php\/producto\/camiseta-husqvarna-bike-discover-1-2-zip-2-2\/","title":{"rendered":"Camiseta Husqvarna EBike Discover 1\/2 Zip"},"content":{"rendered":"<p>Referencias:<br \/>\n3HB220015302 Talla S<br \/>\n3HB220015304 Talla L<br \/>\n3HB220015305 Talla XL<\/p>\n<ul>\n<li>Inserciones de malla<\/li>\n<li>Ajuste \u00f3ptimo en posici\u00f3n de pilotaje (delante corta, detr\u00e1s larga)<\/li>\n<li>Cremallera corta<\/li>\n<li>Impresiones de silicona transparente en los hombros<\/li>\n<li>Estampados por sublimaci\u00f3n resistentes a rayos UV y al deste\u00f1ido<\/li>\n<li>Detalles reflectantes100 % poli\u00e9ster<\/li>\n<\/ul>\n","protected":false},"excerpt":{"rendered":"<p>Referencias: 3HB220015302 Talla S 3HB220015304 Talla L 3HB220015305 Talla XL Inserciones de malla Ajuste \u00f3ptimo en posici\u00f3n de pilotaje (delante corta, detr\u00e1s larga) Cremallera corta Impresiones de silicona transparente en los hombros Estampados por sublimaci\u00f3n resistentes a rayos UV y al deste\u00f1ido Detalles reflectantes100 % poli\u00e9ster<\/p>\n","protected":false},"featured_media":3163,"template":"","meta":{"_et_pb_use_builder":"","_et_pb_old_content":"","_et_gb_content_width":""},"product_cat":[220,33,225],"product_tag":[38,66,108],"_links":{"self":[{"href":"https:\/\/difrenos.com\/index.php\/wp-json\/wp\/v2\/product\/4444"}],"collection":[{"href":"https:\/\/difrenos.com\/index.php\/wp-json\/wp\/v2\/product"}],"about":[{"href":"https:\/\/difrenos.com\/index.php\/wp-json\/wp\/v2\/types\/product"}],"wp:featuredmedia":[{"embeddable":true,"href":"https:\/\/difrenos.com\/index.php\/wp-json\/wp\/v2\/media\/3163"}],"wp:attachment":[{"href":"https:\/\/difrenos.com\/index.php\/wp-json\/wp\/v2\/media?parent=4444"}],"wp:term":[{"taxonomy":"product_cat","embeddable":true,"href":"https:\/\/difrenos.com\/index.php\/wp-json\/wp\/v2\/product_cat?post=4444"},{"taxonomy":"product_tag","embeddable":true,"href":"https:\/\/difrenos.com\/index.php\/wp-json\/wp\/v2\/product_tag?post=4444"}],"curies":[{"name":"wp","href":"https:\/\/api.w.org\/{rel}","templated":true}]}}