{"id":4432,"date":"2022-05-10T06:27:41","date_gmt":"2022-05-10T06:27:41","guid":{"rendered":"https:\/\/onyon365.com\/df2\/?post_type=product&#038;p=3121"},"modified":"2026-04-09T09:22:50","modified_gmt":"2026-04-09T09:22:50","slug":"botas-hebo-technical-2-0-junior-2","status":"publish","type":"product","link":"https:\/\/difrenos.com\/index.php\/producto\/botas-hebo-technical-2-0-junior-2\/","title":{"rendered":"Botas Hebo Trial Technical 2.0 Junior"},"content":{"rendered":"<p>Referencia: \u00a0HT200633B Talla 33<\/p>\n<p>Este modelo de bota de microfibra Technical 2.0 destaca por tener una doble densidad muy ligera, ya que tan solo pesa 2 200 gr \/ par. Adem\u00e1s, cuenta con un refuerzo en la zona de la puntera y otra zona destacada y especial para las estriberas. Tambi\u00e9n incorpora una nueva suela asim\u00e9trica. Con una versi\u00f3n junior, este modelo cuenta con una membrana interior resistente al agua, as\u00ed como un cierre de aluminio con un refuerzo especial para el tal\u00f3n. Dispone de una zona de flexi\u00f3n acolchada, lo que brinda un mayor confort junto con una alta resistencia. Trae un protector interno TPU.<\/p>\n","protected":false},"excerpt":{"rendered":"<p>Talla 33<\/p>\n","protected":false},"featured_media":3127,"template":"","meta":{"_et_pb_use_builder":"","_et_pb_old_content":"","_et_gb_content_width":""},"product_cat":[222,33,711,116,363,289],"product_tag":[499,105,117,302],"_links":{"self":[{"href":"https:\/\/difrenos.com\/index.php\/wp-json\/wp\/v2\/product\/4432"}],"collection":[{"href":"https:\/\/difrenos.com\/index.php\/wp-json\/wp\/v2\/product"}],"about":[{"href":"https:\/\/difrenos.com\/index.php\/wp-json\/wp\/v2\/types\/product"}],"wp:featuredmedia":[{"embeddable":true,"href":"https:\/\/difrenos.com\/index.php\/wp-json\/wp\/v2\/media\/3127"}],"wp:attachment":[{"href":"https:\/\/difrenos.com\/index.php\/wp-json\/wp\/v2\/media?parent=4432"}],"wp:term":[{"taxonomy":"product_cat","embeddable":true,"href":"https:\/\/difrenos.com\/index.php\/wp-json\/wp\/v2\/product_cat?post=4432"},{"taxonomy":"product_tag","embeddable":true,"href":"https:\/\/difrenos.com\/index.php\/wp-json\/wp\/v2\/product_tag?post=4432"}],"curies":[{"name":"wp","href":"https:\/\/api.w.org\/{rel}","templated":true}]}}