{"id":4427,"date":"2022-05-10T06:00:29","date_gmt":"2022-05-10T06:00:29","guid":{"rendered":"https:\/\/onyon365.com\/df2\/?post_type=product&#038;p=3112"},"modified":"2026-02-06T12:39:49","modified_gmt":"2026-02-06T12:39:49","slug":"camiseta-husqvara-mujer-discover","status":"publish","type":"product","link":"https:\/\/difrenos.com\/index.php\/producto\/camiseta-husqvara-mujer-discover\/","title":{"rendered":"Camiseta Husqvarna EBike Woman Discover"},"content":{"rendered":"<p>Referencias:<br \/>\n3HB220016001 Talla XS<br \/>\n3HB220016002 Talla S<br \/>\n3HB220016003 Talla M<br \/>\n3HB220016004 Talla L<br \/>\n3HB220016005 Talla XL<\/p>\n<ul>\n<li>Inserciones de malla<\/li>\n<li>Ajuste \u00f3ptimo en posici\u00f3n de pilotaje (delante corta, detr\u00e1s larga)<\/li>\n<li>Cremallera corta<\/li>\n<li>Impresiones de silicona transparente en los hombros<\/li>\n<li>Estampados por sublimaci\u00f3n resistentes a rayos UV y al deste\u00f1ido<\/li>\n<li>Detalles reflectantes100 % poli\u00e9ster<\/li>\n<\/ul>\n","protected":false},"excerpt":{"rendered":"<p>Referencias: 3HB220016001 Talla XS 3HB220016002 Talla S 3HB220016003 Talla M 3HB220016004 Talla L 3HB220016005 Talla XL Inserciones de malla Ajuste \u00f3ptimo en posici\u00f3n de pilotaje (delante corta, detr\u00e1s larga) Cremallera corta Impresiones de silicona transparente en los hombros Estampados por sublimaci\u00f3n resistentes a rayos UV y al deste\u00f1ido Detalles reflectantes100 % poli\u00e9ster<\/p>\n","protected":false},"featured_media":3120,"template":"","meta":{"_et_pb_use_builder":"","_et_pb_old_content":"","_et_gb_content_width":""},"product_cat":[220,33,225],"product_tag":[38,66,108,524],"_links":{"self":[{"href":"https:\/\/difrenos.com\/index.php\/wp-json\/wp\/v2\/product\/4427"}],"collection":[{"href":"https:\/\/difrenos.com\/index.php\/wp-json\/wp\/v2\/product"}],"about":[{"href":"https:\/\/difrenos.com\/index.php\/wp-json\/wp\/v2\/types\/product"}],"wp:featuredmedia":[{"embeddable":true,"href":"https:\/\/difrenos.com\/index.php\/wp-json\/wp\/v2\/media\/3120"}],"wp:attachment":[{"href":"https:\/\/difrenos.com\/index.php\/wp-json\/wp\/v2\/media?parent=4427"}],"wp:term":[{"taxonomy":"product_cat","embeddable":true,"href":"https:\/\/difrenos.com\/index.php\/wp-json\/wp\/v2\/product_cat?post=4427"},{"taxonomy":"product_tag","embeddable":true,"href":"https:\/\/difrenos.com\/index.php\/wp-json\/wp\/v2\/product_tag?post=4427"}],"curies":[{"name":"wp","href":"https:\/\/api.w.org\/{rel}","templated":true}]}}