{"id":4404,"date":"2022-05-04T10:44:23","date_gmt":"2022-05-04T10:44:23","guid":{"rendered":"https:\/\/onyon365.com\/df2\/?post_type=product&#038;p=3011"},"modified":"2026-02-19T11:16:55","modified_gmt":"2026-02-19T11:16:55","slug":"casco-ls2-breaker","status":"publish","type":"product","link":"https:\/\/difrenos.com\/index.php\/producto\/casco-ls2-breaker\/","title":{"rendered":"Casco LS2 Breaker F 390"},"content":{"rendered":"<ul>\n<li>Talla L<\/li>\n<li>Calota fabricada en KPA (Kinetic Polymer Alloy), una aleaci\u00f3n de pol\u00edmeros que destaca por ser muy robusta y ofrecer una excelente absorci\u00f3n de los impactos.<\/li>\n<li>Pantalla clara de Lexan inyectado con tratamiento antirayas y protecci\u00f3n UV. Predisposici\u00f3n para pinlock Max Vision.<\/li>\n<li>Visor solar integrado.<\/li>\n<li>Sistema de ventilaci\u00f3n con entradas de aire frontales (en la parte superior y en la mentonera) y salida trasera para una buena circulaci\u00f3n del flujo de aire. Las entradas frontales pueden abrirse y cerrarse.<\/li>\n<li>Interior de tejido transpirable y antibacteriano, totalmente desmontable y lavable.<\/li>\n<li>Acolchados interiores pre-formados por corte l\u00e1ser para una excelente ergonom\u00eda.<\/li>\n<li>Sistema de extracci\u00f3n de emergencia.<\/li>\n<li>Cubrenariz y cubrebarbilla de serie.<\/li>\n<li>Cierre microm\u00e9trico.<\/li>\n<\/ul>\n","protected":false},"excerpt":{"rendered":"<p>Talla L (59-60 cm)<\/p>\n","protected":false},"featured_media":3018,"template":"","meta":{"_et_pb_use_builder":"","_et_pb_old_content":"","_et_gb_content_width":""},"product_cat":[33,227,43,269],"product_tag":[41,122],"_links":{"self":[{"href":"https:\/\/difrenos.com\/index.php\/wp-json\/wp\/v2\/product\/4404"}],"collection":[{"href":"https:\/\/difrenos.com\/index.php\/wp-json\/wp\/v2\/product"}],"about":[{"href":"https:\/\/difrenos.com\/index.php\/wp-json\/wp\/v2\/types\/product"}],"wp:featuredmedia":[{"embeddable":true,"href":"https:\/\/difrenos.com\/index.php\/wp-json\/wp\/v2\/media\/3018"}],"wp:attachment":[{"href":"https:\/\/difrenos.com\/index.php\/wp-json\/wp\/v2\/media?parent=4404"}],"wp:term":[{"taxonomy":"product_cat","embeddable":true,"href":"https:\/\/difrenos.com\/index.php\/wp-json\/wp\/v2\/product_cat?post=4404"},{"taxonomy":"product_tag","embeddable":true,"href":"https:\/\/difrenos.com\/index.php\/wp-json\/wp\/v2\/product_tag?post=4404"}],"curies":[{"name":"wp","href":"https:\/\/api.w.org\/{rel}","templated":true}]}}