{"id":4368,"date":"2022-04-25T13:35:54","date_gmt":"2022-04-25T13:35:54","guid":{"rendered":"https:\/\/onyon365.com\/df2\/?post_type=product&#038;p=2851"},"modified":"2026-03-24T13:45:11","modified_gmt":"2026-03-24T13:45:11","slug":"botas-gaerne-balance-oiled-2","status":"publish","type":"product","link":"https:\/\/difrenos.com\/index.php\/producto\/botas-gaerne-balance-oiled-2\/","title":{"rendered":"Botas Trial Gaerne Balance Oiled"},"content":{"rendered":"<p>Botas para trial fabricadas en piel de alta calidad con tratamiento oil<br \/>\n100% Impermeables<br \/>\nProtecci\u00f3n de pl\u00e1stico inyectado en la espinilla<br \/>\nHebillas de cierre reemplazables en aleaci\u00f3n ligera<br \/>\nSuela de caucho antiderrapante<\/p>\n","protected":false},"excerpt":{"rendered":"<p>Botas para trial fabricadas en piel de alta calidad con tratamiento oil 100% Impermeables Protecci\u00f3n de pl\u00e1stico inyectado en la espinilla Hebillas de cierre reemplazables en aleaci\u00f3n ligera Suela de caucho antiderrapante<\/p>\n","protected":false},"featured_media":2852,"template":"","meta":{"_et_pb_use_builder":"","_et_pb_old_content":"","_et_gb_content_width":""},"product_cat":[221,33,34,288],"product_tag":[521,302,392],"_links":{"self":[{"href":"https:\/\/difrenos.com\/index.php\/wp-json\/wp\/v2\/product\/4368"}],"collection":[{"href":"https:\/\/difrenos.com\/index.php\/wp-json\/wp\/v2\/product"}],"about":[{"href":"https:\/\/difrenos.com\/index.php\/wp-json\/wp\/v2\/types\/product"}],"wp:featuredmedia":[{"embeddable":true,"href":"https:\/\/difrenos.com\/index.php\/wp-json\/wp\/v2\/media\/2852"}],"wp:attachment":[{"href":"https:\/\/difrenos.com\/index.php\/wp-json\/wp\/v2\/media?parent=4368"}],"wp:term":[{"taxonomy":"product_cat","embeddable":true,"href":"https:\/\/difrenos.com\/index.php\/wp-json\/wp\/v2\/product_cat?post=4368"},{"taxonomy":"product_tag","embeddable":true,"href":"https:\/\/difrenos.com\/index.php\/wp-json\/wp\/v2\/product_tag?post=4368"}],"curies":[{"name":"wp","href":"https:\/\/api.w.org\/{rel}","templated":true}]}}