{"id":4341,"date":"2022-04-24T14:17:39","date_gmt":"2022-04-24T14:17:39","guid":{"rendered":"https:\/\/onyon365.com\/df2\/?post_type=product&#038;p=2739"},"modified":"2026-03-20T19:56:37","modified_gmt":"2026-03-20T19:56:37","slug":"pantalon-corto-husqvarna-bike-remote-2","status":"publish","type":"product","link":"https:\/\/difrenos.com\/index.php\/producto\/pantalon-corto-husqvarna-bike-remote-2\/","title":{"rendered":"Pantal\u00f3n Husqvarna Bike Remote"},"content":{"rendered":"<p>Referencias:<br \/>\n9800000000 Talla S\/30<br \/>\n9800000001 Talla M\/32<\/p>\n<p>Pantal\u00f3n All-Mountain de alta calidad ultraligero<br \/>\nZonas de ventilaci\u00f3n perforadas<br \/>\nCinturilla el\u00e1stica<br \/>\nBolsillo lateral<br \/>\nIncluido pantal\u00f3n interior acolchado extra\u00edble<br \/>\nImpresi\u00f3n de silicona transparente en las posaderas para una \u00f3ptima sujeci\u00f3n en el sill\u00edn<br \/>\n95 % poli\u00e9ster \/ 5 % elastano<\/p>\n","protected":false},"excerpt":{"rendered":"<p>Referencias: 9800000000 Talla S\/30 9800000001 Talla M\/32 Pantal\u00f3n All-Mountain de alta calidad ultraligero Zonas de ventilaci\u00f3n perforadas Cinturilla el\u00e1stica Bolsillo lateral Incluido pantal\u00f3n interior acolchado extra\u00edble Impresi\u00f3n de silicona transparente en las posaderas para una \u00f3ptima sujeci\u00f3n en el sill\u00edn 95 % poli\u00e9ster \/ 5 % elastano<\/p>\n","protected":false},"featured_media":2740,"template":"","meta":{"_et_pb_use_builder":"","_et_pb_old_content":"","_et_gb_content_width":""},"product_cat":[220,33,277],"product_tag":[66,108,147,191,192],"_links":{"self":[{"href":"https:\/\/difrenos.com\/index.php\/wp-json\/wp\/v2\/product\/4341"}],"collection":[{"href":"https:\/\/difrenos.com\/index.php\/wp-json\/wp\/v2\/product"}],"about":[{"href":"https:\/\/difrenos.com\/index.php\/wp-json\/wp\/v2\/types\/product"}],"wp:featuredmedia":[{"embeddable":true,"href":"https:\/\/difrenos.com\/index.php\/wp-json\/wp\/v2\/media\/2740"}],"wp:attachment":[{"href":"https:\/\/difrenos.com\/index.php\/wp-json\/wp\/v2\/media?parent=4341"}],"wp:term":[{"taxonomy":"product_cat","embeddable":true,"href":"https:\/\/difrenos.com\/index.php\/wp-json\/wp\/v2\/product_cat?post=4341"},{"taxonomy":"product_tag","embeddable":true,"href":"https:\/\/difrenos.com\/index.php\/wp-json\/wp\/v2\/product_tag?post=4341"}],"curies":[{"name":"wp","href":"https:\/\/api.w.org\/{rel}","templated":true}]}}