{"id":4336,"date":"2022-04-22T05:54:46","date_gmt":"2022-04-22T05:54:46","guid":{"rendered":"https:\/\/onyon365.com\/df2\/?post_type=product&#038;p=2699"},"modified":"2026-03-20T20:04:49","modified_gmt":"2026-03-20T20:04:49","slug":"chaqueta-hebo-wind-pro-montesa-classic-2","status":"publish","type":"product","link":"https:\/\/difrenos.com\/index.php\/producto\/chaqueta-hebo-wind-pro-montesa-classic-2\/","title":{"rendered":"Chaqueta Hebo Wind Pro Montesa Classic"},"content":{"rendered":"<p>Referencia:<br \/>\nHE4253LR Talla L<br \/>\nLa chaqueta JKT Montesa Wind Pro de HEBO est\u00e1 fabricada en tejido Teseo Dry Storm de alta calidad y muy ligero. Es totalmente impermeable y consigue soportar una columna de agua de hasta 10.000 mm. Tambi\u00e9n evita que el fr\u00edo producido por el aire penetre en el interior. Adem\u00e1s, cuenta con protecci\u00f3n UV y facilita la transpiraci\u00f3n. El dise\u00f1o ha sido estampado por sublimaci\u00f3n para mantener el color en perfectas condiciones, incluso tras una gran cantidad de lavados, y est\u00e1 dotada con dos bolsillos laterales que permiten almacenar la documentaci\u00f3n y el tel\u00e9fono m\u00f3vil. La cintura es ajustable y sus cremalleras son de YKK.<\/p>\n","protected":false},"excerpt":{"rendered":"<p>Referencia: HE4253LR Talla L La chaqueta JKT Montesa Wind Pro de HEBO est\u00e1 fabricada en tejido Teseo Dry Storm de alta calidad y muy ligero. Es totalmente impermeable y consigue soportar una columna de agua de hasta 10.000 mm. Tambi\u00e9n evita que el fr\u00edo producido por el aire penetre en el interior. Adem\u00e1s, cuenta con [&hellip;]<\/p>\n","protected":false},"featured_media":2705,"template":"","meta":{"_et_pb_use_builder":"","_et_pb_old_content":"","_et_gb_content_width":""},"product_cat":[33,51,711,708,201],"product_tag":[391,105,644],"_links":{"self":[{"href":"https:\/\/difrenos.com\/index.php\/wp-json\/wp\/v2\/product\/4336"}],"collection":[{"href":"https:\/\/difrenos.com\/index.php\/wp-json\/wp\/v2\/product"}],"about":[{"href":"https:\/\/difrenos.com\/index.php\/wp-json\/wp\/v2\/types\/product"}],"wp:featuredmedia":[{"embeddable":true,"href":"https:\/\/difrenos.com\/index.php\/wp-json\/wp\/v2\/media\/2705"}],"wp:attachment":[{"href":"https:\/\/difrenos.com\/index.php\/wp-json\/wp\/v2\/media?parent=4336"}],"wp:term":[{"taxonomy":"product_cat","embeddable":true,"href":"https:\/\/difrenos.com\/index.php\/wp-json\/wp\/v2\/product_cat?post=4336"},{"taxonomy":"product_tag","embeddable":true,"href":"https:\/\/difrenos.com\/index.php\/wp-json\/wp\/v2\/product_tag?post=4336"}],"curies":[{"name":"wp","href":"https:\/\/api.w.org\/{rel}","templated":true}]}}