{"id":4333,"date":"2022-04-21T15:41:08","date_gmt":"2022-04-21T15:41:08","guid":{"rendered":"https:\/\/onyon365.com\/df2\/?post_type=product&#038;p=2663"},"modified":"2026-02-10T11:04:22","modified_gmt":"2026-02-10T11:04:22","slug":"guantes-husqvarna-ridefit-gotland","status":"publish","type":"product","link":"https:\/\/difrenos.com\/index.php\/producto\/guantes-husqvarna-ridefit-gotland\/","title":{"rendered":"Guantes Husqvarna Ridefit Gotland"},"content":{"rendered":"<p>Referencias:<br \/>\n3HS210004702 Talla S<br \/>\n3HS210004703 Talla M<\/p>\n<p>Guantes offroad de alta calidad<br \/>\nZonas de las palmas perforadas<br \/>\nImpresi\u00f3n de silicona para un mejor agarre<br \/>\nEspacios entre los dedos de Lycra\u00ae<br \/>\nPu\u00f1os de neopreno<br \/>\nAjustes de velcro TPR en las mu\u00f1ecas<br \/>\nFunci\u00f3n de pantalla t\u00e1cti<br \/>\nDise\u00f1o exclusivo de 100% para Husqvarna Motorcycles<br \/>\n41 % poli\u00e9ster \/ 34 % nylon \/ 13 % poliuretano \/ 7 % neopreno \/ 5 % spandex<\/p>\n","protected":false},"excerpt":{"rendered":"<p>Referencias: 3HS210004702 Talla S 3HS210004703 Talla M Guantes offroad de alta calidad Zonas de las palmas perforadas Impresi\u00f3n de silicona para un mejor agarre Espacios entre los dedos de Lycra\u00ae Pu\u00f1os de neopreno Ajustes de velcro TPR en las mu\u00f1ecas Funci\u00f3n de pantalla t\u00e1cti Dise\u00f1o exclusivo de 100% para Husqvarna Motorcycles 41 % poli\u00e9ster \/ [&hellip;]<\/p>\n","protected":false},"featured_media":2672,"template":"","meta":{"_et_pb_use_builder":"","_et_pb_old_content":"","_et_gb_content_width":""},"product_cat":[33,255,726,100,701],"product_tag":[432,296,342,108,371],"_links":{"self":[{"href":"https:\/\/difrenos.com\/index.php\/wp-json\/wp\/v2\/product\/4333"}],"collection":[{"href":"https:\/\/difrenos.com\/index.php\/wp-json\/wp\/v2\/product"}],"about":[{"href":"https:\/\/difrenos.com\/index.php\/wp-json\/wp\/v2\/types\/product"}],"wp:featuredmedia":[{"embeddable":true,"href":"https:\/\/difrenos.com\/index.php\/wp-json\/wp\/v2\/media\/2672"}],"wp:attachment":[{"href":"https:\/\/difrenos.com\/index.php\/wp-json\/wp\/v2\/media?parent=4333"}],"wp:term":[{"taxonomy":"product_cat","embeddable":true,"href":"https:\/\/difrenos.com\/index.php\/wp-json\/wp\/v2\/product_cat?post=4333"},{"taxonomy":"product_tag","embeddable":true,"href":"https:\/\/difrenos.com\/index.php\/wp-json\/wp\/v2\/product_tag?post=4333"}],"curies":[{"name":"wp","href":"https:\/\/api.w.org\/{rel}","templated":true}]}}