{"id":4330,"date":"2022-04-21T15:31:23","date_gmt":"2022-04-21T15:31:23","guid":{"rendered":"https:\/\/onyon365.com\/df2\/?post_type=product&#038;p=2657"},"modified":"2026-02-10T10:40:27","modified_gmt":"2026-02-10T10:40:27","slug":"pantalon-interior-husqvarna-functional-2","status":"publish","type":"product","link":"https:\/\/difrenos.com\/index.php\/producto\/pantalon-interior-husqvarna-functional-2\/","title":{"rendered":"Pantal\u00f3n interior Husqvarna Functional"},"content":{"rendered":"<p>Referencias:<br \/>\n3HS1942103 Talla M<br \/>\n3HS1942104 Talla L<br \/>\n3HS1924105 Talla XL<br \/>\nCalzoncillos termorreguladores<br \/>\nMezcla de lana merina y poli\u00e9ster para el m\u00e1ximo confort<br \/>\nInserciones de malla integradas para una transpirabilidad m\u00e1xima y para proteger contra una sudoraci\u00f3n excesiva<br \/>\nCombinable con todo tipo de equipaci\u00f3n t\u00e9cnica<br \/>\n75 % Merino \/ 25 % poli\u00e9ster<\/p>\n","protected":false},"excerpt":{"rendered":"<p>Referencias: 3HS1942103 Talla M 3HS1942104 Talla L 3HS1924105 Talla XL Calzoncillos termorreguladores Mezcla de lana merina y poli\u00e9ster para el m\u00e1ximo confort Inserciones de malla integradas para una transpirabilidad m\u00e1xima y para proteger contra una sudoraci\u00f3n excesiva Combinable con todo tipo de equipaci\u00f3n t\u00e9cnica 75 % Merino \/ 25 % poli\u00e9ster<\/p>\n","protected":false},"featured_media":2663,"template":"","meta":{"_et_pb_use_builder":"","_et_pb_old_content":"","_et_gb_content_width":""},"product_cat":[33,231,254,149],"product_tag":[108,664],"_links":{"self":[{"href":"https:\/\/difrenos.com\/index.php\/wp-json\/wp\/v2\/product\/4330"}],"collection":[{"href":"https:\/\/difrenos.com\/index.php\/wp-json\/wp\/v2\/product"}],"about":[{"href":"https:\/\/difrenos.com\/index.php\/wp-json\/wp\/v2\/types\/product"}],"wp:featuredmedia":[{"embeddable":true,"href":"https:\/\/difrenos.com\/index.php\/wp-json\/wp\/v2\/media\/2663"}],"wp:attachment":[{"href":"https:\/\/difrenos.com\/index.php\/wp-json\/wp\/v2\/media?parent=4330"}],"wp:term":[{"taxonomy":"product_cat","embeddable":true,"href":"https:\/\/difrenos.com\/index.php\/wp-json\/wp\/v2\/product_cat?post=4330"},{"taxonomy":"product_tag","embeddable":true,"href":"https:\/\/difrenos.com\/index.php\/wp-json\/wp\/v2\/product_tag?post=4330"}],"curies":[{"name":"wp","href":"https:\/\/api.w.org\/{rel}","templated":true}]}}