{"id":4308,"date":"2022-04-21T10:51:17","date_gmt":"2022-04-21T10:51:17","guid":{"rendered":"https:\/\/onyon365.com\/df2\/?post_type=product&#038;p=2565"},"modified":"2026-03-11T10:13:53","modified_gmt":"2026-03-11T10:13:53","slug":"guantes-gasgas-nano-tech-2","status":"publish","type":"product","link":"https:\/\/difrenos.com\/index.php\/producto\/guantes-gasgas-nano-tech-2\/","title":{"rendered":"Guantes Gas Gas Nano Tech"},"content":{"rendered":"<p>Referencias:<br \/>\n3GG210042202 Talla S<br \/>\n3GG210042203 Talla M<br \/>\n3GG210042206 Talla XXL<\/p>\n<p>Guantes de trial<br \/>\nPerformance ligeros<br \/>\nInnovador material Nanofront\u00ae en las palmas de las manos para un mejor agarre<br \/>\nDedos levemente precurvados<br \/>\nEspacios entre los dedos de Lycra\u00ae<br \/>\nEstampados por sublimaci\u00f3n resistentes a rayos UV y al deste\u00f1ido<br \/>\nDise\u00f1o exclusivo de Hebo exclusivamente para GASGAS<br \/>\n100 % poli\u00e9ster<\/p>\n","protected":false},"excerpt":{"rendered":"<p>Referencias: 3GG210042202 Talla S 3GG210042203 Talla M 3GG210042206 Talla XXL Guantes de trial Performance ligeros Innovador material Nanofront\u00ae en las palmas de las manos para un mejor agarre Dedos levemente precurvados Espacios entre los dedos de Lycra\u00ae Estampados por sublimaci\u00f3n resistentes a rayos UV y al deste\u00f1ido Dise\u00f1o exclusivo de Hebo exclusivamente para GASGAS 100 [&hellip;]<\/p>\n","protected":false},"featured_media":2575,"template":"","meta":{"_et_pb_use_builder":"","_et_pb_old_content":"","_et_gb_content_width":""},"product_cat":[33,100,204],"product_tag":[56,432,85,342,371,302],"_links":{"self":[{"href":"https:\/\/difrenos.com\/index.php\/wp-json\/wp\/v2\/product\/4308"}],"collection":[{"href":"https:\/\/difrenos.com\/index.php\/wp-json\/wp\/v2\/product"}],"about":[{"href":"https:\/\/difrenos.com\/index.php\/wp-json\/wp\/v2\/types\/product"}],"wp:featuredmedia":[{"embeddable":true,"href":"https:\/\/difrenos.com\/index.php\/wp-json\/wp\/v2\/media\/2575"}],"wp:attachment":[{"href":"https:\/\/difrenos.com\/index.php\/wp-json\/wp\/v2\/media?parent=4308"}],"wp:term":[{"taxonomy":"product_cat","embeddable":true,"href":"https:\/\/difrenos.com\/index.php\/wp-json\/wp\/v2\/product_cat?post=4308"},{"taxonomy":"product_tag","embeddable":true,"href":"https:\/\/difrenos.com\/index.php\/wp-json\/wp\/v2\/product_tag?post=4308"}],"curies":[{"name":"wp","href":"https:\/\/api.w.org\/{rel}","templated":true}]}}