{"id":4282,"date":"2022-04-18T06:30:19","date_gmt":"2022-04-18T06:30:19","guid":{"rendered":"https:\/\/onyon365.com\/df2\/?post_type=product&#038;p=2421"},"modified":"2026-02-10T21:03:13","modified_gmt":"2026-02-10T21:03:13","slug":"casco-gasgas-kid-offroad-2","status":"publish","type":"product","link":"https:\/\/difrenos.com\/index.php\/producto\/casco-gasgas-kid-offroad-2\/","title":{"rendered":"Casco Gas Gas Kid Offroad"},"content":{"rendered":"<p class=\"c-powerparts__detail-reference\">Referencias:<\/p>\n<p>3GG210044803 Talla M<br \/>\n3GG210044804 Talla L<\/p>\n<div class=\"c-powerparts__detail-error\"><\/div>\n<div class=\"c-powerparts__detail-description\">\n<ul>\n<li>Casco offroad espec\u00edfico para ni\u00f1os<\/li>\n<li>Acolchado para las mejillas con forro interior extra\u00edble, lavable e hidr\u00f3fugo<\/li>\n<li>Calota interior de EPS de densidad dual<\/li>\n<li>Forro de casco espec\u00edfico para ni\u00f1os<\/li>\n<li>Leng\u00fcetas de emergencia (acolchado extra\u00edble en mejillas)<\/li>\n<li>Perfil del casco optimizado especialmente para usar con Neck-Brace<\/li>\n<li>Peso 1.150 g (\u00b1 50 g)<\/li>\n<\/ul>\n<\/div>\n<div class=\"c-powerparts__detail-info\">\n<div class=\"row no-gutters\">\n<div class=\"col-lg-6 col-md-6 col-sm-12\">\n<div>\n<h6>MATERIAL:<\/h6>\n<p>100% fibra de vidrio<\/p>\n<\/div>\n<\/div>\n<\/div>\n<\/div>\n","protected":false},"excerpt":{"rendered":"<p>Referencias: 3GG210044803 Talla M 3GG210044804 Talla L Casco offroad espec\u00edfico para ni\u00f1os Acolchado para las mejillas con forro interior extra\u00edble, lavable e hidr\u00f3fugo Calota interior de EPS de densidad dual Forro de casco espec\u00edfico para ni\u00f1os Leng\u00fcetas de emergencia (acolchado extra\u00edble en mejillas) Perfil del casco optimizado especialmente para usar con Neck-Brace Peso 1.150 g [&hellip;]<\/p>\n","protected":false},"featured_media":2424,"template":"","meta":{"_et_pb_use_builder":"","_et_pb_old_content":"","_et_gb_content_width":""},"product_cat":[33,766,233,707,116,355],"product_tag":[432,85,114,118,407,371],"_links":{"self":[{"href":"https:\/\/difrenos.com\/index.php\/wp-json\/wp\/v2\/product\/4282"}],"collection":[{"href":"https:\/\/difrenos.com\/index.php\/wp-json\/wp\/v2\/product"}],"about":[{"href":"https:\/\/difrenos.com\/index.php\/wp-json\/wp\/v2\/types\/product"}],"wp:featuredmedia":[{"embeddable":true,"href":"https:\/\/difrenos.com\/index.php\/wp-json\/wp\/v2\/media\/2424"}],"wp:attachment":[{"href":"https:\/\/difrenos.com\/index.php\/wp-json\/wp\/v2\/media?parent=4282"}],"wp:term":[{"taxonomy":"product_cat","embeddable":true,"href":"https:\/\/difrenos.com\/index.php\/wp-json\/wp\/v2\/product_cat?post=4282"},{"taxonomy":"product_tag","embeddable":true,"href":"https:\/\/difrenos.com\/index.php\/wp-json\/wp\/v2\/product_tag?post=4282"}],"curies":[{"name":"wp","href":"https:\/\/api.w.org\/{rel}","templated":true}]}}