{"id":4278,"date":"2022-04-18T06:24:44","date_gmt":"2022-04-18T06:24:44","guid":{"rendered":"https:\/\/onyon365.com\/df2\/?post_type=product&#038;p=2415"},"modified":"2026-03-20T20:12:07","modified_gmt":"2026-03-20T20:12:07","slug":"pantalon-gasgas-kid-offroad-2","status":"publish","type":"product","link":"https:\/\/difrenos.com\/index.php\/producto\/pantalon-gasgas-kid-offroad-2\/","title":{"rendered":"Pantal\u00f3n Gas Gas Kid Offroad"},"content":{"rendered":"<p class=\"c-powerparts__detail-reference\">Referencias:<br \/>\n3GG210045001 Talla XS<br \/>\n3GG210045003 Talla M<br \/>\n3GG210045004 Talla L<\/p>\n<div class=\"c-powerparts__detail-error\"><\/div>\n<div class=\"c-powerparts__detail-description\">\n<ul>\n<li>Pantal\u00f3n MX para ni\u00f1os<\/li>\n<li>Zonas de ventilaci\u00f3n perforadas<\/li>\n<li>Reforzado con Cordura\u00ae<\/li>\n<li>Refuerzo de Kevlar\u00ae resistente al calor y a la abrasi\u00f3n para las rodillas<\/li>\n<li>Inserciones el\u00e1sticas en zonas de movimiento intenso<\/li>\n<\/ul>\n<\/div>\n<div class=\"c-powerparts__detail-info\">\n<div class=\"row no-gutters\">\n<div class=\"col-lg-6 col-md-6 col-sm-12\">\n<div>\n<h6>MATERIAL:<\/h6>\n<p>7% Kevlar\u00ae, 9% nylon, 84% poli\u00e9ster<\/p>\n<\/div>\n<\/div>\n<\/div>\n<\/div>\n","protected":false},"excerpt":{"rendered":"<p>Referencias: 3GG210045001 Talla XS 3GG210045003 Talla M 3GG210045004 Talla L Pantal\u00f3n MX para ni\u00f1os Zonas de ventilaci\u00f3n perforadas Reforzado con Cordura\u00ae Refuerzo de Kevlar\u00ae resistente al calor y a la abrasi\u00f3n para las rodillas Inserciones el\u00e1sticas en zonas de movimiento intenso MATERIAL: 7% Kevlar\u00ae, 9% nylon, 84% poli\u00e9ster<\/p>\n","protected":false},"featured_media":2419,"template":"","meta":{"_et_pb_use_builder":"","_et_pb_old_content":"","_et_gb_content_width":""},"product_cat":[33,707,116,532,150,758],"product_tag":[85,118,148],"_links":{"self":[{"href":"https:\/\/difrenos.com\/index.php\/wp-json\/wp\/v2\/product\/4278"}],"collection":[{"href":"https:\/\/difrenos.com\/index.php\/wp-json\/wp\/v2\/product"}],"about":[{"href":"https:\/\/difrenos.com\/index.php\/wp-json\/wp\/v2\/types\/product"}],"wp:featuredmedia":[{"embeddable":true,"href":"https:\/\/difrenos.com\/index.php\/wp-json\/wp\/v2\/media\/2419"}],"wp:attachment":[{"href":"https:\/\/difrenos.com\/index.php\/wp-json\/wp\/v2\/media?parent=4278"}],"wp:term":[{"taxonomy":"product_cat","embeddable":true,"href":"https:\/\/difrenos.com\/index.php\/wp-json\/wp\/v2\/product_cat?post=4278"},{"taxonomy":"product_tag","embeddable":true,"href":"https:\/\/difrenos.com\/index.php\/wp-json\/wp\/v2\/product_tag?post=4278"}],"curies":[{"name":"wp","href":"https:\/\/api.w.org\/{rel}","templated":true}]}}