{"id":4274,"date":"2022-04-18T06:14:47","date_gmt":"2022-04-18T06:14:47","guid":{"rendered":"https:\/\/onyon365.com\/df2\/?post_type=product&#038;p=2408"},"modified":"2026-04-20T08:59:51","modified_gmt":"2026-04-20T08:59:51","slug":"casco-gasgas-offroad-2","status":"publish","type":"product","link":"https:\/\/difrenos.com\/index.php\/producto\/casco-gasgas-offroad-2\/","title":{"rendered":"Casco Gas Gas Offroad"},"content":{"rendered":"<p>Referencias:<br \/>\n3GG210042402 Talla S<br \/>\n3GG210042403 Talla M<br \/>\n3GG210042405 Talla XL<\/p>\n<div class=\"c-powerparts__detail-description\">\n<ul>\n<li>Casco offroad ligero y vers\u00e1til<\/li>\n<li>Acolchado para las mejillas con forro interior extra\u00edble, lavable e hidr\u00f3fugo<\/li>\n<li>Calota interior de EPS de densidad dual<\/li>\n<li>Leng\u00fcetas de emergencia (acolchado extra\u00edble en mejillas)<\/li>\n<li>Perfil del casco optimizado especialmente para usar con Neck-Brace<\/li>\n<li>Peso 1.250 g (\u00b1 50\u00a0g)<\/li>\n<\/ul>\n<\/div>\n<div class=\"c-powerparts__detail-info\">\n<div class=\"row no-gutters\">\n<div class=\"col-lg-6 col-md-6 col-sm-12\">\n<div>\n<h6>MATERIAL:<\/h6>\n<p>100% fibra de vidrio<\/p>\n<\/div>\n<\/div>\n<\/div>\n<\/div>\n","protected":false},"excerpt":{"rendered":"<p>Referencias: 3GG210042402 Talla S 3GG210042403 Talla M 3GG210042405 Talla XL Casco offroad ligero y vers\u00e1til Acolchado para las mejillas con forro interior extra\u00edble, lavable e hidr\u00f3fugo Calota interior de EPS de densidad dual Leng\u00fcetas de emergencia (acolchado extra\u00edble en mejillas) Perfil del casco optimizado especialmente para usar con Neck-Brace Peso 1.250 g (\u00b1 50\u00a0g) MATERIAL: [&hellip;]<\/p>\n","protected":false},"featured_media":2410,"template":"","meta":{"_et_pb_use_builder":"","_et_pb_old_content":"","_et_gb_content_width":""},"product_cat":[33,43,766,71,707],"product_tag":[431,58,455,296,388,85],"_links":{"self":[{"href":"https:\/\/difrenos.com\/index.php\/wp-json\/wp\/v2\/product\/4274"}],"collection":[{"href":"https:\/\/difrenos.com\/index.php\/wp-json\/wp\/v2\/product"}],"about":[{"href":"https:\/\/difrenos.com\/index.php\/wp-json\/wp\/v2\/types\/product"}],"wp:featuredmedia":[{"embeddable":true,"href":"https:\/\/difrenos.com\/index.php\/wp-json\/wp\/v2\/media\/2410"}],"wp:attachment":[{"href":"https:\/\/difrenos.com\/index.php\/wp-json\/wp\/v2\/media?parent=4274"}],"wp:term":[{"taxonomy":"product_cat","embeddable":true,"href":"https:\/\/difrenos.com\/index.php\/wp-json\/wp\/v2\/product_cat?post=4274"},{"taxonomy":"product_tag","embeddable":true,"href":"https:\/\/difrenos.com\/index.php\/wp-json\/wp\/v2\/product_tag?post=4274"}],"curies":[{"name":"wp","href":"https:\/\/api.w.org\/{rel}","templated":true}]}}