{"id":4270,"date":"2022-04-12T20:20:47","date_gmt":"2022-04-12T20:20:47","guid":{"rendered":"https:\/\/onyon365.com\/df2\/?post_type=product&#038;p=2350"},"modified":"2025-12-05T15:59:58","modified_gmt":"2025-12-05T15:59:58","slug":"chaqueta-husqvarna-e-bike-remote-rain-2","status":"publish","type":"product","link":"https:\/\/difrenos.com\/index.php\/producto\/chaqueta-husqvarna-e-bike-remote-rain-2\/","title":{"rendered":"Chaqueta Husqvarna Bike Remote Rain"},"content":{"rendered":"<p>Referencias:<br \/>\n9800000036 Talla S<br \/>\n9800000038 Talla L<br \/>\n9800000039 Talla XL<br \/>\nChaqueta All-Mountain impermeable y cortaviento<br \/>\nCierre de mangas prolongado<br \/>\nAjuste \u00f3ptimo en posici\u00f3n de pilotaje (delante corta, detr\u00e1s larga)<br \/>\nBolsillos de cremallera ocultos<br \/>\nDetalles reflectantes<br \/>\nCremallera de dos colores<br \/>\n92 % nylon \/ 8 % elastano<\/p>\n","protected":false},"excerpt":{"rendered":"<p>Referencias: 9800000036 Talla S 9800000038 Talla L 9800000039 Talla XL Chaqueta All-Mountain impermeable y cortaviento Cierre de mangas prolongado Ajuste \u00f3ptimo en posici\u00f3n de pilotaje (delante corta, detr\u00e1s larga) Bolsillos de cremallera ocultos Detalles reflectantes Cremallera de dos colores 92 % nylon \/ 8 % elastano<\/p>\n","protected":false},"featured_media":2351,"template":"","meta":{"_et_pb_use_builder":"","_et_pb_old_content":"","_et_gb_content_width":""},"product_cat":[220,33,239],"product_tag":[66,108,392],"_links":{"self":[{"href":"https:\/\/difrenos.com\/index.php\/wp-json\/wp\/v2\/product\/4270"}],"collection":[{"href":"https:\/\/difrenos.com\/index.php\/wp-json\/wp\/v2\/product"}],"about":[{"href":"https:\/\/difrenos.com\/index.php\/wp-json\/wp\/v2\/types\/product"}],"wp:featuredmedia":[{"embeddable":true,"href":"https:\/\/difrenos.com\/index.php\/wp-json\/wp\/v2\/media\/2351"}],"wp:attachment":[{"href":"https:\/\/difrenos.com\/index.php\/wp-json\/wp\/v2\/media?parent=4270"}],"wp:term":[{"taxonomy":"product_cat","embeddable":true,"href":"https:\/\/difrenos.com\/index.php\/wp-json\/wp\/v2\/product_cat?post=4270"},{"taxonomy":"product_tag","embeddable":true,"href":"https:\/\/difrenos.com\/index.php\/wp-json\/wp\/v2\/product_tag?post=4270"}],"curies":[{"name":"wp","href":"https:\/\/api.w.org\/{rel}","templated":true}]}}