{"id":4257,"date":"2022-04-07T18:08:54","date_gmt":"2022-04-07T18:08:54","guid":{"rendered":"https:\/\/onyon365.com\/df2\/?post_type=product&#038;p=2291"},"modified":"2026-02-10T12:08:03","modified_gmt":"2026-02-10T12:08:03","slug":"pantalon-husqvarna-pilen","status":"publish","type":"product","link":"https:\/\/difrenos.com\/index.php\/producto\/pantalon-husqvarna-pilen\/","title":{"rendered":"Pantal\u00f3n Husqvarna Pilen"},"content":{"rendered":"<p class=\"c-powerparts__detail-reference\">Referencias:<br \/>\n3HS1911203 Talla M 32\/32<br \/>\n3HS1911204 Talla L 34\/32<\/p>\n<div class=\"c-powerparts__detail-error\"><\/div>\n<div class=\"c-powerparts__detail-description\">\n<ul>\n<li>Protectores SEESMART\u2122 CE nivel 1<\/li>\n<li>Cremallera delantera con tira de cubierta<\/li>\n<li>Material reflectante 3M\u2122 Scotchlite\u2122<\/li>\n<li>Corte para ciudad, est\u00e1ndar<\/li>\n<li>Costuras triples<\/li>\n<li>T\u00e9cnica de cosido de seguridad<\/li>\n<li>Ajuste c\u00f3modo<\/li>\n<li>Confort extra con material el\u00e1stico mec\u00e1nico<\/li>\n<li>Funci\u00f3n de evacuaci\u00f3n de la humedad gracias al elemento COOLMAX\u00ae<\/li>\n<li>Dise\u00f1o exclusivo de REV&#8217;IT! para Husqvarna Motorcycles<\/li>\n<\/ul>\n<\/div>\n","protected":false},"excerpt":{"rendered":"<p>Referencias: 3HS1911203 Talla M 32\/32 3HS1911204 Talla L 34\/32 Protectores SEESMART\u2122 CE nivel 1 Cremallera delantera con tira de cubierta Material reflectante 3M\u2122 Scotchlite\u2122 Corte para ciudad, est\u00e1ndar Costuras triples T\u00e9cnica de cosido de seguridad Ajuste c\u00f3modo Confort extra con material el\u00e1stico mec\u00e1nico Funci\u00f3n de evacuaci\u00f3n de la humedad gracias al elemento COOLMAX\u00ae Dise\u00f1o exclusivo [&hellip;]<\/p>\n","protected":false},"featured_media":2302,"template":"","meta":{"_et_pb_use_builder":"","_et_pb_old_content":"","_et_gb_content_width":""},"product_cat":[33,231,701,149,781],"product_tag":[663,108],"_links":{"self":[{"href":"https:\/\/difrenos.com\/index.php\/wp-json\/wp\/v2\/product\/4257"}],"collection":[{"href":"https:\/\/difrenos.com\/index.php\/wp-json\/wp\/v2\/product"}],"about":[{"href":"https:\/\/difrenos.com\/index.php\/wp-json\/wp\/v2\/types\/product"}],"wp:featuredmedia":[{"embeddable":true,"href":"https:\/\/difrenos.com\/index.php\/wp-json\/wp\/v2\/media\/2302"}],"wp:attachment":[{"href":"https:\/\/difrenos.com\/index.php\/wp-json\/wp\/v2\/media?parent=4257"}],"wp:term":[{"taxonomy":"product_cat","embeddable":true,"href":"https:\/\/difrenos.com\/index.php\/wp-json\/wp\/v2\/product_cat?post=4257"},{"taxonomy":"product_tag","embeddable":true,"href":"https:\/\/difrenos.com\/index.php\/wp-json\/wp\/v2\/product_tag?post=4257"}],"curies":[{"name":"wp","href":"https:\/\/api.w.org\/{rel}","templated":true}]}}