{"id":4251,"date":"2022-04-07T15:15:41","date_gmt":"2022-04-07T15:15:41","guid":{"rendered":"https:\/\/onyon365.com\/df2\/?post_type=product&#038;p=2281"},"modified":"2026-03-17T13:36:21","modified_gmt":"2026-03-17T13:36:21","slug":"2281","status":"publish","type":"product","link":"https:\/\/difrenos.com\/index.php\/producto\/2281\/","title":{"rendered":"Botas Husqvarna Urban Playground"},"content":{"rendered":"<p class=\"c-powerparts__detail-reference\">Referencia: 3HS1810202 Talla 39<\/p>\n<div class=\"c-powerparts__detail-error\"><\/div>\n<div class=\"c-powerparts__detail-description\">\n<ul>\n<li>Cuero vacuno plena flor suave<\/li>\n<li>Capa exterior: 100 % cuero<\/li>\n<li>Suela: 100 % goma sint\u00e9tica<\/li>\n<li>Forro interior: 100% poli\u00e9ster<\/li>\n<li>Tal\u00f3n y puntera termoconformados, cubierta de tobillo inyectada<\/li>\n<li>Tal\u00f3n y puntera reforzados, plantilla anat\u00f3mica, cubierta del tobillo anat\u00f3mica y leng\u00fceta con pliegue<\/li>\n<li>Dise\u00f1o exclusivo de REV&#8217;IT! para Husqvarna Motorcycles<\/li>\n<li>\n<h6>MATERIAL: 100% cuero<\/h6>\n<\/li>\n<\/ul>\n<\/div>\n","protected":false},"excerpt":{"rendered":"<p>\u00daltima unidad talla 39.<\/p>\n","protected":false},"featured_media":2289,"template":"","meta":{"_et_pb_use_builder":"","_et_pb_old_content":"","_et_gb_content_width":""},"product_cat":[776,221,33,34,228,701,363],"product_tag":[41,108,639],"_links":{"self":[{"href":"https:\/\/difrenos.com\/index.php\/wp-json\/wp\/v2\/product\/4251"}],"collection":[{"href":"https:\/\/difrenos.com\/index.php\/wp-json\/wp\/v2\/product"}],"about":[{"href":"https:\/\/difrenos.com\/index.php\/wp-json\/wp\/v2\/types\/product"}],"wp:featuredmedia":[{"embeddable":true,"href":"https:\/\/difrenos.com\/index.php\/wp-json\/wp\/v2\/media\/2289"}],"wp:attachment":[{"href":"https:\/\/difrenos.com\/index.php\/wp-json\/wp\/v2\/media?parent=4251"}],"wp:term":[{"taxonomy":"product_cat","embeddable":true,"href":"https:\/\/difrenos.com\/index.php\/wp-json\/wp\/v2\/product_cat?post=4251"},{"taxonomy":"product_tag","embeddable":true,"href":"https:\/\/difrenos.com\/index.php\/wp-json\/wp\/v2\/product_tag?post=4251"}],"curies":[{"name":"wp","href":"https:\/\/api.w.org\/{rel}","templated":true}]}}