{"id":4228,"date":"2022-04-07T06:12:46","date_gmt":"2022-04-07T06:12:46","guid":{"rendered":"https:\/\/onyon365.com\/df2\/?post_type=product&#038;p=2207"},"modified":"2026-03-20T19:50:11","modified_gmt":"2026-03-20T19:50:11","slug":"chaleco-hebo-line-4-2","status":"publish","type":"product","link":"https:\/\/difrenos.com\/index.php\/producto\/chaleco-hebo-line-4-2\/","title":{"rendered":"Chaleco Hebo Line"},"content":{"rendered":"<p>Referencias:<br \/>\nHE4349MR Talla M<br \/>\nHE4349LR Talla L<\/p>\n<div id=\"description\" class=\"tab-pane in active\">\n<div class=\"product-description\">\n<div class=\"rte-content\">\n<p>El HEBO LINE es un chaleco multiactividad realizado en tejido ligero, cortavientos y gr\u00e1ficos neutros sublimados f\u00e1ciles de combinar. Paneles laterales el\u00e1sticos para mejorar el confort y ajusted. Ideal para la practica de trial\u00a0 , enduro\u00a0 o motocross<\/p>\n<ul>\n<li>Tejido 100% polyester<\/li>\n<\/ul>\n<\/div>\n<\/div>\n<\/div>\n<div id=\"product-details-tab\" class=\"tab-pane \">\n<div id=\"product-details\" class=\"clearfix\" data-product=\"{&quot;id_shop_default&quot;:&quot;1&quot;,&quot;id_manufacturer&quot;:&quot;0&quot;,&quot;id_supplier&quot;:&quot;0&quot;,&quot;reference&quot;:&quot;HE4349&quot;,&quot;is_virtual&quot;:&quot;0&quot;,&quot;delivery_in_stock&quot;:&quot;&quot;,&quot;delivery_out_stock&quot;:&quot;&quot;,&quot;id_category_default&quot;:&quot;399&quot;,&quot;on_sale&quot;:&quot;0&quot;,&quot;online_only&quot;:&quot;0&quot;,&quot;ecotax&quot;:0,&quot;minimal_quantity&quot;:&quot;1&quot;,&quot;low_stock_threshold&quot;:&quot;0&quot;,&quot;low_stock_alert&quot;:&quot;0&quot;,&quot;price&quot;:&quot;60,00\\u00a0\\u20ac&quot;,&quot;unity&quot;:&quot;&quot;,&quot;unit_price_ratio&quot;:&quot;0.000000&quot;,&quot;additional_shipping_cost&quot;:&quot;0.00&quot;,&quot;customizable&quot;:&quot;0&quot;,&quot;text_fields&quot;:&quot;0&quot;,&quot;uploadable_files&quot;:&quot;0&quot;,&quot;redirect_type&quot;:&quot;301-category&quot;,&quot;id_type_redirected&quot;:&quot;0&quot;,&quot;available_for_order&quot;:&quot;1&quot;,&quot;available_date&quot;:null,&quot;show_condition&quot;:&quot;0&quot;,&quot;condition&quot;:&quot;new&quot;,&quot;show_price&quot;:&quot;1&quot;,&quot;indexed&quot;:&quot;1&quot;,&quot;visibility&quot;:&quot;both&quot;,&quot;cache_default_attribute&quot;:&quot;9161&quot;,&quot;advanced_stock_management&quot;:&quot;0&quot;,&quot;date_add&quot;:&quot;2019-05-23 15:24:28&quot;,&quot;date_upd&quot;:&quot;2022-03-28 10:44:21&quot;,&quot;pack_stock_type&quot;:&quot;0&quot;,&quot;meta_description&quot;:&quot;Chaleco cortavientos, ligero y multiactividad con gr\\u00e1ficos neutros.&quot;,&quot;meta_keywords&quot;:&quot;&quot;,&quot;meta_title&quot;:&quot;CHALECO\\\/VEST HEBO LINE&quot;,&quot;link_rewrite&quot;:&quot;chalecovest-hebo-line&quot;,&quot;name&quot;:&quot;CHALECO\\\/VEST HEBO LINE&quot;,&quot;description&quot;:&quot;&lt;p&gt;El HEBO LINE es un chaleco multiactividad realizado en tejido ligero, cortavientos y gr\\u00e1ficos neutros sublimados f\\u00e1ciles de combinar. Paneles laterales el\\u00e1sticos para mejorar el confort y ajusted.&lt;\\\/p&gt;&lt;ul&gt;&lt;li&gt;Tejido 100% polyester&lt;\\\/li&gt;&lt;\\\/ul&gt;&quot;,&quot;description_short&quot;:&quot;Chaleco cortavientos, ligero y multiactividad con gr\\u00e1ficos neutros.&quot;,&quot;available_now&quot;:&quot;&quot;,&quot;available_later&quot;:&quot;&quot;,&quot;id&quot;:114,&quot;id_product&quot;:114,&quot;out_of_stock&quot;:0,&quot;new&quot;:0,&quot;id_product_attribute&quot;:9161,&quot;quantity_wanted&quot;:1,&quot;extraContent&quot;:[],&quot;allow_oosp&quot;:0,&quot;category&quot;:&quot;chaqueta-trial&quot;,&quot;category_name&quot;:&quot;Trial&quot;,&quot;link&quot;:&quot;https:\\\/\\\/hebo.com\\\/es\\\/chaqueta-trial\\\/114-chalecovest-hebo-line.html&quot;,&quot;attribute_price&quot;:49.5,&quot;price_tax_exc&quot;:49.585041,&quot;price_without_reduction&quot;:60.0039,&quot;reduction&quot;:0.006,&quot;specific_prices&quot;:{&quot;id_specific_price&quot;:&quot;3472464&quot;,&quot;id_specific_price_rule&quot;:&quot;0&quot;,&quot;id_cart&quot;:&quot;0&quot;,&quot;id_product&quot;:&quot;114&quot;,&quot;id_shop&quot;:&quot;1&quot;,&quot;id_shop_group&quot;:&quot;0&quot;,&quot;id_currency&quot;:&quot;0&quot;,&quot;id_country&quot;:&quot;0&quot;,&quot;id_group&quot;:&quot;1&quot;,&quot;id_customer&quot;:&quot;0&quot;,&quot;id_product_attribute&quot;:&quot;9161&quot;,&quot;price&quot;:49.59,&quot;from_quantity&quot;:&quot;1&quot;,&quot;reduction&quot;:&quot;0.000100&quot;,&quot;reduction_tax&quot;:&quot;1&quot;,&quot;reduction_type&quot;:&quot;percentage&quot;,&quot;from&quot;:&quot;0000-00-00 00:00:00&quot;,&quot;to&quot;:&quot;0000-00-00 00:00:00&quot;,&quot;score&quot;:&quot;50&quot;},&quot;quantity&quot;:1,&quot;quantity_all_versions&quot;:1,&quot;id_image&quot;:&quot;es-default&quot;,&quot;features&quot;:[{&quot;name&quot;:&quot;Producto&quot;,&quot;value&quot;:&quot;Chaquetas&quot;,&quot;id_feature&quot;:&quot;8&quot;,&quot;position&quot;:&quot;0&quot;},{&quot;name&quot;:&quot;G\\u00e9nero&quot;,&quot;value&quot;:&quot;Adulto&quot;,&quot;id_feature&quot;:&quot;9&quot;,&quot;position&quot;:&quot;1&quot;},{&quot;name&quot;:&quot;Composici\\u00f3n&quot;,&quot;value&quot;:&quot;100% Poli\\u00e9ster&quot;,&quot;id_feature&quot;:&quot;13&quot;,&quot;position&quot;:&quot;3&quot;}],&quot;attachments&quot;:[],&quot;virtual&quot;:0,&quot;pack&quot;:0,&quot;packItems&quot;:[],&quot;nopackprice&quot;:0,&quot;customization_required&quot;:false,&quot;attributes&quot;:{&quot;1&quot;:{&quot;id_attribute&quot;:&quot;28&quot;,&quot;id_attribute_group&quot;:&quot;1&quot;,&quot;name&quot;:&quot;Rojo&quot;,&quot;group&quot;:&quot;Color&quot;,&quot;reference&quot;:&quot;HE4349.XL.R&quot;,&quot;ean13&quot;:&quot;8435319464236&quot;,&quot;isbn&quot;:&quot;&quot;,&quot;upc&quot;:&quot;&quot;},&quot;2&quot;:{&quot;id_attribute&quot;:&quot;32&quot;,&quot;id_attribute_group&quot;:&quot;2&quot;,&quot;name&quot;:&quot;XL&quot;,&quot;group&quot;:&quot;Talla&quot;,&quot;reference&quot;:&quot;HE4349.XL.R&quot;,&quot;ean13&quot;:&quot;8435319464236&quot;,&quot;isbn&quot;:&quot;&quot;,&quot;upc&quot;:&quot;&quot;}},&quot;rate&quot;:21,&quot;tax_name&quot;:&quot;IVA ES 21%&quot;,&quot;ecotax_rate&quot;:0,&quot;unit_price&quot;:&quot;&quot;,&quot;customizations&quot;:{&quot;fields&quot;:[]},&quot;id_customization&quot;:0,&quot;is_customizable&quot;:false,&quot;show_quantities&quot;:false,&quot;quantity_label&quot;:&quot;Art\\u00edculo&quot;,&quot;quantity_discounts&quot;:[],&quot;customer_group_discount&quot;:0,&quot;images&quot;:[{&quot;bySize&quot;:{&quot;small_default&quot;:{&quot;url&quot;:&quot;https:\\\/\\\/hebo.com\\\/833665-small_default\\\/chalecovest-hebo-line.jpg&quot;,&quot;width&quot;:98,&quot;height&quot;:127},&quot;cart_default&quot;:{&quot;url&quot;:&quot;https:\\\/\\\/hebo.com\\\/833665-cart_default\\\/chalecovest-hebo-line.jpg&quot;,&quot;width&quot;:125,&quot;height&quot;:162},&quot;home_default&quot;:{&quot;url&quot;:&quot;https:\\\/\\\/hebo.com\\\/833665-home_default\\\/chalecovest-hebo-line.jpg&quot;,&quot;width&quot;:236,&quot;height&quot;:305},&quot;medium_default&quot;:{&quot;url&quot;:&quot;https:\\\/\\\/hebo.com\\\/833665-medium_default\\\/chalecovest-hebo-line.jpg&quot;,&quot;width&quot;:452,&quot;height&quot;:584},&quot;large_default&quot;:{&quot;url&quot;:&quot;https:\\\/\\\/hebo.com\\\/833665-large_default\\\/chalecovest-hebo-line.jpg&quot;,&quot;width&quot;:800,&quot;height&quot;:800},&quot;thickbox_default&quot;:{&quot;url&quot;:&quot;https:\\\/\\\/hebo.com\\\/833665-thickbox_default\\\/chalecovest-hebo-line.jpg&quot;,&quot;width&quot;:1100,&quot;height&quot;:1422}},&quot;small&quot;:{&quot;url&quot;:&quot;https:\\\/\\\/hebo.com\\\/833665-small_default\\\/chalecovest-hebo-line.jpg&quot;,&quot;width&quot;:98,&quot;height&quot;:127},&quot;medium&quot;:{&quot;url&quot;:&quot;https:\\\/\\\/hebo.com\\\/833665-medium_default\\\/chalecovest-hebo-line.jpg&quot;,&quot;width&quot;:452,&quot;height&quot;:584},&quot;large&quot;:{&quot;url&quot;:&quot;https:\\\/\\\/hebo.com\\\/833665-thickbox_default\\\/chalecovest-hebo-line.jpg&quot;,&quot;width&quot;:1100,&quot;height&quot;:1422},&quot;legend&quot;:&quot;&quot;,&quot;cover&quot;:null,&quot;id_image&quot;:&quot;833665&quot;,&quot;position&quot;:&quot;3&quot;,&quot;associatedVariants&quot;:[&quot;9159&quot;,&quot;9161&quot;]},{&quot;bySize&quot;:{&quot;small_default&quot;:{&quot;url&quot;:&quot;https:\\\/\\\/hebo.com\\\/833668-small_default\\\/chalecovest-hebo-line.jpg&quot;,&quot;width&quot;:98,&quot;height&quot;:127},&quot;cart_default&quot;:{&quot;url&quot;:&quot;https:\\\/\\\/hebo.com\\\/833668-cart_default\\\/chalecovest-hebo-line.jpg&quot;,&quot;width&quot;:125,&quot;height&quot;:162},&quot;home_default&quot;:{&quot;url&quot;:&quot;https:\\\/\\\/hebo.com\\\/833668-home_default\\\/chalecovest-hebo-line.jpg&quot;,&quot;width&quot;:236,&quot;height&quot;:305},&quot;medium_default&quot;:{&quot;url&quot;:&quot;https:\\\/\\\/hebo.com\\\/833668-medium_default\\\/chalecovest-hebo-line.jpg&quot;,&quot;width&quot;:452,&quot;height&quot;:584},&quot;large_default&quot;:{&quot;url&quot;:&quot;https:\\\/\\\/hebo.com\\\/833668-large_default\\\/chalecovest-hebo-line.jpg&quot;,&quot;width&quot;:800,&quot;height&quot;:800},&quot;thickbox_defaul t&quot;:{&quot;url&quot;:&quot;https:\\\/\\\/hebo.com\\\/833668-thickbox_default\\\/chalecovest-hebo-line.jpg&quot;,&quot;width&quot;:1100,&quot;height&quot;:1422}},&quot;small&quot;:{&quot;url&quot;:&quot;https:\\\/\\\/hebo.com\\\/833668-small_default\\\/chalecovest-hebo-line.jpg&quot;,&quot;width&quot;:98,&quot;height&quot;:127},&quot;medium&quot;:{&quot;url&quot;:&quot;https:\\\/\\\/hebo.com\\\/833668-medium_default\\\/chalecovest-hebo-line.jpg&quot;,&quot;width&quot;:452,&quot;height&quot;:584},&quot;large&quot;:{&quot;url&quot;:&quot;https:\\\/\\\/hebo.com\\\/833668-thickbox_default\\\/chalecovest-hebo-line.jpg&quot;,&quot;width&quot;:1100,&quot;height&quot;:1422},&quot;legend&quot;:&quot;&quot;,&quot;cover&quot;:null,&quot;id_image&quot;:&quot;833668&quot;,&quot;position&quot;:&quot;6&quot;,&quot;associatedVariants&quot;:[&quot;9159&quot;,&quot;9161&quot;]}],&quot;cover&quot;:{&quot;bySize&quot;:{&quot;small_default&quot;:{&quot;url&quot;:&quot;https:\\\/\\\/hebo.com\\\/833665-small_default\\\/chalecovest-hebo-line.jpg&quot;,&quot;width&quot;:98,&quot;height&quot;:127},&quot;cart_default&quot;:{&quot;url&quot;:&quot;https:\\\/\\\/hebo.com\\\/833665-cart_default\\\/chalecovest-hebo-line.jpg&quot;,&quot;width&quot;:125,&quot;height&quot;:162},&quot;home_default&quot;:{&quot;url&quot;:&quot;https:\\\/\\\/hebo.com\\\/833665-home_default\\\/chalecovest-hebo-line.jpg&quot;,&quot;width&quot;:236,&quot;height&quot;:305},&quot;medium_default&quot;:{&quot;url&quot;:&quot;https:\\\/\\\/hebo.com\\\/833665-medium_default\\\/chalecovest-hebo-line.jpg&quot;,&quot;width&quot;:452,&quot;height&quot;:584},&quot;large_default&quot;:{&quot;url&quot;:&quot;https:\\\/\\\/hebo.com\\\/833665-large_default\\\/chalecovest-hebo-line.jpg&quot;,&quot;width&quot;:800,&quot;height&quot;:800},&quot;thickbox_default&quot;:{&quot;url&quot;:&quot;https:\\\/\\\/hebo.com\\\/833665-thickbox_default\\\/chalecovest-hebo-line.jpg&quot;,&quot;width&quot;:1100,&quot;height&quot;:1422}},&quot;small&quot;:{&quot;url&quot;:&quot;https:\\\/\\\/hebo.com\\\/833665-small_default\\\/chalecovest-hebo-line.jpg&quot;,&quot;width&quot;:98,&quot;height&quot;:127},&quot;medium&quot;:{&quot;url&quot;:&quot;https:\\\/\\\/hebo.com\\\/833665-medium_default\\\/chalecovest-hebo-line.jpg&quot;,&quot;width&quot;:452,&quot;height&quot;:584},&quot;large&quot;:{&quot;url&quot;:&quot;https:\\\/\\\/hebo.com\\\/833665-thickbox_default\\\/chalecovest-hebo-line.jpg&quot;,&quot;width&quot;:1100,&quot;height&quot;:1422},&quot;legend&quot;:&quot;&quot;,&quot;cover&quot;:null,&quot;id_image&quot;:&quot;833665&quot;,&quot;position&quot;:&quot;3&quot;,&quot;associatedVariants&quot;:[&quot;9159&quot;,&quot;9161&quot;]},&quot;has_discount&quot;:true,&quot;discount_type&quot;:&quot;percentage&quot;,&quot;discount_percentage&quot;:&quot;-0,01%&quot;,&quot;discount_percentage_absolute&quot;:&quot;0,01%&quot;,&quot;discount_amount&quot;:&quot;0,01\\u00a0\\u20ac&quot;,&quot;discount_amount_to_display&quot;:&quot;-0,01\\u00a0\\u20ac&quot;,&quot;price_amount&quot;:60,&quot;unit_price_full&quot;:&quot;&quot;,&quot;show_availability&quot;:true,&quot;availability_date&quot;:null,&quot;availability_message&quot;:&quot;\\u00daltimas unidades en stock&quot;,&quot;availability&quot;:&quot;last_remaining_items&quot;}\"><\/div>\n<\/div>\n","protected":false},"excerpt":{"rendered":"<p>Referencias: HE4349MR Talla M HE4349LR Talla L El HEBO LINE es un chaleco multiactividad realizado en tejido ligero, cortavientos y gr\u00e1ficos neutros sublimados f\u00e1ciles de combinar. Paneles laterales el\u00e1sticos para mejorar el confort y ajusted. Ideal para la practica de trial\u00a0 , enduro\u00a0 o motocross Tejido 100% polyester<\/p>\n","protected":false},"featured_media":2208,"template":"","meta":{"_et_pb_use_builder":"","_et_pb_old_content":"","_et_gb_content_width":""},"product_cat":[33,238,51],"product_tag":[498,105],"_links":{"self":[{"href":"https:\/\/difrenos.com\/index.php\/wp-json\/wp\/v2\/product\/4228"}],"collection":[{"href":"https:\/\/difrenos.com\/index.php\/wp-json\/wp\/v2\/product"}],"about":[{"href":"https:\/\/difrenos.com\/index.php\/wp-json\/wp\/v2\/types\/product"}],"wp:featuredmedia":[{"embeddable":true,"href":"https:\/\/difrenos.com\/index.php\/wp-json\/wp\/v2\/media\/2208"}],"wp:attachment":[{"href":"https:\/\/difrenos.com\/index.php\/wp-json\/wp\/v2\/media?parent=4228"}],"wp:term":[{"taxonomy":"product_cat","embeddable":true,"href":"https:\/\/difrenos.com\/index.php\/wp-json\/wp\/v2\/product_cat?post=4228"},{"taxonomy":"product_tag","embeddable":true,"href":"https:\/\/difrenos.com\/index.php\/wp-json\/wp\/v2\/product_tag?post=4228"}],"curies":[{"name":"wp","href":"https:\/\/api.w.org\/{rel}","templated":true}]}}