{"id":4196,"date":"2024-11-18T17:35:23","date_gmt":"2024-11-18T17:35:23","guid":{"rendered":"https:\/\/onyon365.com\/df2\/?post_type=product&#038;p=1551"},"modified":"2026-03-25T17:02:00","modified_gmt":"2026-03-25T17:02:00","slug":"beta-minicross-e-48v","status":"publish","type":"product","link":"https:\/\/difrenos.com\/index.php\/producto\/beta-minicross-e-48v\/","title":{"rendered":"Beta Minicross-E 48V"},"content":{"rendered":"<div class=\"vc_col-sm-6 wpb_column vc_column_container\">\n<div class=\"vc_column-inner\">\n<div class=\"wpb_wrapper\">\n<div class=\"wpb_text_column\">\n<div class=\"wpb_wrapper\">\n<p>La nueva\u00a0<strong>Minicross-E de Beta<\/strong>\u00a0es una moto de off-road ideal para que los m\u00e1s peque\u00f1os de la casa den sus primeros golpes de gas. Es m\u00e1s, ofrece una entrega de potencia pausada que ayudar\u00e1 a los m\u00e1s j\u00f3venes a aumentar su confianza al tiempo que se divierten.<\/p>\n<div class=\"page\" title=\"Page 1\">\n<div class=\"layoutArea\">\n<div class=\"column\">Esta segunda generacio\u0301n de la\u00a0<strong>Minicross-E<\/strong>\u00a0se beneficia de una nueva\u00a0<strong>bateri\u0301a de iones de litio de 36v (voltios) 13 Ah (amperios-hora) \u2013o de 48v 17,5 Ah\u2013<\/strong>\u00a0que garantiza un suministro constante de energi\u0301a durante\u00a0<strong>ma\u0301s de 45 minutos.\u00a0<\/strong>Esta nueva bateri\u0301a de litio, junto con otras mejoras te\u0301cnicas, tambie\u0301n ha permitido reducir el peso de la moto en 5 kg (<strong>ahora pesa un total de 38 kg<\/strong>), lo que mejora a\u00fan m\u00e1s la manejabilidad y facilidad de conduccio\u0301n de la misma.<\/div>\n<\/div>\n<\/div>\n<p>Asimismo, la ausencia total de emisiones contaminantes y el ma\u0301ximo silencio de la tecnologi\u0301a ele\u0301ctrica son elementos extremadamente atractivos de la nueva\u00a0<strong>Minicross-E<\/strong>, incluso a los ojos de los padres que quieren un vehi\u0301culo para sus hijos que no perturbe la tranquilidad.<\/p>\n<\/div>\n<\/div>\n<\/div>\n<\/div>\n<\/div>\n<div class=\"vc_col-sm-6 wpb_column vc_column_container\">\n<div class=\"vc_column-inner\">\n<div class=\"wpb_wrapper\">\n<div class=\"wpb_text_column\">\n<div class=\"wpb_wrapper\">La moto est\u00e1 dise\u00f1ada para un uso recreativo, pero tiene la apariencia y las caracter\u00edsticas que todo piloto avanzado, por muy joven que sea, sabr\u00e1 apreciar, como sus l\u00edneas incre\u00edblemente atractivas, sus frenos de disco hidr\u00e1ulicos, su moderna suspensi\u00f3n, as\u00ed como su magn\u00edfico motor el\u00e9ctrico de altas prestaciones y rendimiento.<br \/>\nIndicada para los\u00a0<strong>ni\u00f1os y ni\u00f1as de 6 a 10 a\u00f1os<\/strong>, es totalmente manejable y suave de conducir gracias al motor mono cil\u00edndrico refrigerado por aire de\u00a0<strong>Beta<\/strong>\u00a0simple y fiable. Adem\u00e1s, cuenta con\u00a0<strong>frenos de disco con mando hidr\u00e1ulico, horquilla hidr\u00e1ulica invertida de 33 mm y monoamortiguador regulable de aire y muelle<\/strong>, ideales para afrontar los primeros obst\u00e1culos con total seguridad.<\/div>\n<div>Ficha T\u00e9cnica:<br \/>\nPESO 38 kg<br \/>\nLONGITUD M\u00c1XIMA 1400 mm<br \/>\nLONGITUD M\u00c1XIMA 600 mm<br \/>\nALTURA M\u00c1XIMA 900 mm<br \/>\nDISTANCIA ENTRE EJES 1025 mm<br \/>\nALTURA DEL ASIENTO 695 mm<br \/>\nDISTANCIA LIBRE AL SUELO 290 mm<br \/>\nSUSPENSI\u00d3N DELANTERA Horquilla hidr\u00e1ulica invertida (\u00f8 33 mm)<br \/>\nSUSPENSI\u00d3N TRASERA Monoamortiguador regulable de aire y muelle<br \/>\nFRENOS De disco con mando hidr\u00e1ulico<br \/>\nMOTOR EL\u00c9CTRICO 0.75 kW<br \/>\nBATER\u00cdA &#8211; CAPACIDAD De iones de litio de 48 V y 13 Ah<br \/>\nDURACI\u00d3N DE LA BATER\u00cdA 45 minutos a velocidad constante<br \/>\nCHASIS De acero<br \/>\nBASCULANTE De aluminio con tratamiento t\u00e9rmico<br \/>\nLLANTAS 12\u201d del. \/ 10\u201d tras.<br \/>\nNEUM\u00c1TICOS 60\/100-12&#8243; del. \/ 70\/100-10&#8243; tras<\/div>\n<\/div>\n<\/div>\n<\/div>\n<\/div>\n","protected":false},"excerpt":{"rendered":"<p>PODEMOS COGER MOTO A CAMBIO<\/p>\n","protected":false},"featured_media":1549,"template":"","meta":{"_et_pb_use_builder":"","_et_pb_old_content":"","_et_gb_content_width":""},"product_cat":[219,265,129],"product_tag":[406,117],"_links":{"self":[{"href":"https:\/\/difrenos.com\/index.php\/wp-json\/wp\/v2\/product\/4196"}],"collection":[{"href":"https:\/\/difrenos.com\/index.php\/wp-json\/wp\/v2\/product"}],"about":[{"href":"https:\/\/difrenos.com\/index.php\/wp-json\/wp\/v2\/types\/product"}],"wp:featuredmedia":[{"embeddable":true,"href":"https:\/\/difrenos.com\/index.php\/wp-json\/wp\/v2\/media\/1549"}],"wp:attachment":[{"href":"https:\/\/difrenos.com\/index.php\/wp-json\/wp\/v2\/media?parent=4196"}],"wp:term":[{"taxonomy":"product_cat","embeddable":true,"href":"https:\/\/difrenos.com\/index.php\/wp-json\/wp\/v2\/product_cat?post=4196"},{"taxonomy":"product_tag","embeddable":true,"href":"https:\/\/difrenos.com\/index.php\/wp-json\/wp\/v2\/product_tag?post=4196"}],"curies":[{"name":"wp","href":"https:\/\/api.w.org\/{rel}","templated":true}]}}